{"id":32760,"date":"2017-08-31T10:44:30","date_gmt":"2017-08-31T08:44:30","guid":{"rendered":"http:\/\/www.libraria-occitana.org\/mentions-legales\/"},"modified":"2020-07-02T15:22:02","modified_gmt":"2020-07-02T13:22:02","slug":"legal-notice","status":"publish","type":"page","link":"https:\/\/www.libraria-occitana.org\/en\/legal-notice\/","title":{"rendered":"Legal Notice"},"content":{"rendered":"<p><strong>Proprietari dau site<\/strong><br \/>\nLibrari\u00e1 occitana<br \/>\n42 Rue Haute-Vienne<br \/>\n87000 Limoges<br \/>\nTel. : 05 55 32 06 44<br \/>\nCorri\u00e8l :\u00a0<a href=\"libraria.occitana@ieo-lemosin.org\">libraria.occitana@ieo-lemosin.org<\/a><br \/>\nBotica de l&#8217;Institut d&#8217;Estudis Occitans dau Lemosin<br \/>\nAssociacion lei 1901<br \/>\nSIRET 422 797 47200079<\/p>\n<p><strong>Editor, responsable de publicacion<\/strong><br \/>\nDirector de publicacion : Librari\u00e1 occitana<br \/>\nResponsabilitat editoriala : Librari\u00e1 occitana<\/p>\n<p><strong>Site (version 2017) farjat e auberjat per<\/strong><br \/>\n<a title=\"agence de cr\u00e9ation de site internet\" href=\"https:\/\/www.agencedebord.com\/\">Agence Debord<\/a><\/p>\n<p>Site butit per WordPress logiciau libre distribuat sos lic\u00e9ncia GPL<\/p>\n<p><strong>Charta grafica<\/strong><br \/>\n<a href=\"http:\/\/www.wbrecup.com\/\">WB r\u00e9cup<\/a><\/p>\n<p><strong>Credits visuaus<\/strong><br \/>\nLibrari\u00e1 occitana<\/p>\n<p><strong>Informatica e libertats<\/strong><br \/>\nLas entresenhas personalas reculidas sus lo site siran tractadas d\u2019un biais automatic ; serviran per responer aus diferents servicis perpausats per lo site.<br \/>\nComa i\u00f2 dit la Lei \u00ab Informatica e Libertats n\u00b0 2004-801 dau 6 d\u2019aust 2004 \u00bb, avetz lo drech de visar, de modificar, de corregir e de suprimar las donadas que vos regarden.<br \/>\nPer \u2019qu\u00f2, suf\u00eds de mandar un corrier postau o electronic a la Librari\u00e1 occitana, a l\u2019adre\u00e7a balhada mai naut.<\/p>\n<p><strong>Responsabilitat editoriala<\/strong><br \/>\nLa Librari\u00e1 occitana fai de son mielhs per ufrir aus utilizators l\u2019informacion la mai fiabla e qualitosa que si\u00e1. Totparier, p\u00f2t pas assegurar d\u2019a fons la jurtessa e l\u2019exaustivitat de l\u2019informacion eissegada sus son site.<br \/>\n\u2019Laidonc, la Librari\u00e1 occitana p\u00f2t pas \u00e8sser tenguda per responsabla daus damatges directs o indirects que los utilizators endurarian, ligats a l\u2019informacion eissegada sus lo site, e, mai generalament, a la consultacion e l\u2019utilizacion dau site.<br \/>\nD\u2019un autre costat, la Librari\u00e1 occitana respond daus contenguts botats en linha, que respiechen las dispausicions protectri\u00e7as daus drechs d\u2019autor e drechs vesins e assegura qu\u2019es titulara de tots los drechs de neciera a l\u2019utilizacion de quilhs contenguts.<\/p>\n<p><strong>Drech d\u2019autor, copyright<\/strong><br \/>\nL\u2019ensemble de \u2019queu site depend de la legislacion francesa e internacionala sus lo drech d\u2019autor e la proprietat intelectuala.<br \/>\nTots los drechs de reproduccion son reservats, quitament per los documents de telecharjar, los imatges, las fot\u00f2s, lo son e la vide\u00f2.<\/p>\n","protected":false},"excerpt":{"rendered":"<p>Proprietari dau site Librari\u00e1 occitana 42 Rue Haute-Vienne 87000 Limoges Tel. : 05 55 32 06 44 Corri\u00e8l :\u00a0libraria.occitana@ieo-lemosin.org Botica de l&#8217;Institut d&#8217;Estudis Occitans dau Lemosin Associacion lei 1901 SIRET 422 797 47200079 Editor, responsable de publicacion Director de publicacion : Librari\u00e1 occitana Responsabilitat editoriala : Librari\u00e1 occitana Site (version 2017) farjat e auberjat per [&hellip;]<\/p>\n","protected":false},"author":140,"featured_media":0,"parent":0,"menu_order":0,"comment_status":"closed","ping_status":"closed","template":"","meta":{"_acf_changed":false,"_genesis_hide_title":false,"_genesis_hide_breadcrumbs":false,"_genesis_hide_singular_image":false,"_genesis_hide_footer_widgets":false,"_genesis_custom_body_class":"","_genesis_custom_post_class":"","_genesis_layout":"","footnotes":""},"class_list":{"0":"post-32760","1":"page","2":"type-page","3":"status-publish","5":"entry","6":"has-post-thumbnail"},"acf":[],"_links":{"self":[{"href":"https:\/\/www.libraria-occitana.org\/en\/wp-json\/wp\/v2\/pages\/32760","targetHints":{"allow":["GET"]}}],"collection":[{"href":"https:\/\/www.libraria-occitana.org\/en\/wp-json\/wp\/v2\/pages"}],"about":[{"href":"https:\/\/www.libraria-occitana.org\/en\/wp-json\/wp\/v2\/types\/page"}],"author":[{"embeddable":true,"href":"https:\/\/www.libraria-occitana.org\/en\/wp-json\/wp\/v2\/users\/140"}],"replies":[{"embeddable":true,"href":"https:\/\/www.libraria-occitana.org\/en\/wp-json\/wp\/v2\/comments?post=32760"}],"version-history":[{"count":0,"href":"https:\/\/www.libraria-occitana.org\/en\/wp-json\/wp\/v2\/pages\/32760\/revisions"}],"wp:attachment":[{"href":"https:\/\/www.libraria-occitana.org\/en\/wp-json\/wp\/v2\/media?parent=32760"}],"curies":[{"name":"wp","href":"https:\/\/api.w.org\/{rel}","templated":true}]}}