{"id":17651,"date":"1978-01-01T10:19:42","date_gmt":"1978-01-01T09:19:42","guid":{"rendered":"http:\/\/www.libraria-occitana.org\/all-products\/lexique-limousin-dapres-les-oeuvres-de-joseph-roux?lang=en"},"modified":"2026-04-11T19:46:17","modified_gmt":"2026-04-11T17:46:17","slug":"lexique-limousin-dapres-les-oeuvres-de-joseph-roux","status":"publish","type":"product","link":"https:\/\/www.libraria-occitana.org\/en\/product\/lexique-limousin-dapres-les-oeuvres-de-joseph-roux\/","title":{"rendered":"Lexique limousin d&#8217;apr\u00e8s les \u0153uvres de Joseph Roux"},"content":{"rendered":"<p>Lexique compos\u00e9 d&#8217;apr\u00e8s les principes du chef de l&#8217;\u00e9cole limousine du F\u00e9librige Joseph Roux (1834-1905), et comprenant tous les mots contenus dans un choix des \u0153uvres de celui-ci. L&#8217;auteur a consult\u00e9 aussi le dictionnaire limousin manuscrit compos\u00e9 par Joseph Roux intitul\u00e9 <em>Lengua d&#8217;aur<\/em>.<\/p>\n","protected":false},"excerpt":{"rendered":"<p>Lexique compos\u00e9 d&#8217;apr\u00e8s les principes du chef de l&#8217;\u00e9cole limousine du F\u00e9librige Joseph Roux (1834-1905), et comprenant tous les mots contenus dans un choix des \u0153uvres de celui-ci. L&#8217;auteur a consult\u00e9 aussi le dictionnaire limousin manuscrit compos\u00e9 par Joseph Roux intitul\u00e9 Lengua d&#8217;aur.<\/p>\n","protected":false},"featured_media":17652,"template":"","meta":{"_acf_changed":false,"_genesis_hide_title":false,"_genesis_hide_breadcrumbs":false,"_genesis_hide_singular_image":false,"_genesis_hide_footer_widgets":false,"_genesis_custom_body_class":"","_genesis_custom_post_class":"","_genesis_layout":""},"product_brand":[],"product_cat":[7132,7138,7136],"product_tag":[],"class_list":{"0":"post-17651","1":"product","2":"type-product","3":"status-publish","4":"has-post-thumbnail","6":"product_cat-books","7":"product_cat-dictionaries-grammars-en","8":"product_cat-dictionaries-language-educational-en","9":"pa_auteur-laborde-raymond-en","10":"pa_editeur-slatkine-reprints-en","11":"pa_langue-occitan-lemosin-en","12":"pa_langue-occitan-francais-en","13":"entry","15":"first","16":"instock","17":"shipping-taxable","18":"purchasable","19":"product-type-simple"},"acf":[],"_links":{"self":[{"href":"https:\/\/www.libraria-occitana.org\/en\/wp-json\/wp\/v2\/product\/17651","targetHints":{"allow":["GET"]}}],"collection":[{"href":"https:\/\/www.libraria-occitana.org\/en\/wp-json\/wp\/v2\/product"}],"about":[{"href":"https:\/\/www.libraria-occitana.org\/en\/wp-json\/wp\/v2\/types\/product"}],"wp:featuredmedia":[{"embeddable":true,"href":"https:\/\/www.libraria-occitana.org\/en\/wp-json\/wp\/v2\/media\/17652"}],"wp:attachment":[{"href":"https:\/\/www.libraria-occitana.org\/en\/wp-json\/wp\/v2\/media?parent=17651"}],"wp:term":[{"taxonomy":"product_brand","embeddable":true,"href":"https:\/\/www.libraria-occitana.org\/en\/wp-json\/wp\/v2\/product_brand?post=17651"},{"taxonomy":"product_cat","embeddable":true,"href":"https:\/\/www.libraria-occitana.org\/en\/wp-json\/wp\/v2\/product_cat?post=17651"},{"taxonomy":"product_tag","embeddable":true,"href":"https:\/\/www.libraria-occitana.org\/en\/wp-json\/wp\/v2\/product_tag?post=17651"}],"curies":[{"name":"wp","href":"https:\/\/api.w.org\/{rel}","templated":true}]}}