{"id":17661,"date":"1976-12-01T11:21:55","date_gmt":"1976-12-01T10:21:55","guid":{"rendered":"http:\/\/www.libraria-occitana.org\/all-products\/pitit-chat-perdut?lang=en"},"modified":"2026-04-29T03:26:36","modified_gmt":"2026-04-29T01:26:36","slug":"pitit-chat-perdut","status":"publish","type":"product","link":"https:\/\/www.libraria-occitana.org\/en\/product\/pitit-chat-perdut\/","title":{"rendered":"Pitit chat perdut"},"content":{"rendered":"<p>C&#8217;\u00e9tait en 1976. Quatre grands classiques des Albums du P\u00e8re Castor avaient \u00e9t\u00e9 traduits dans plusieurs langues de France, en basque, en breton, en corse, en catalan et pour l&#8217;ensemble occitan en proven\u00e7al et en limousin, et \u00e9dit\u00e9s dans la m\u00eame pr\u00e9sentation que l&#8217;\u00e9dition originale.<\/p>\n<p>Ici en limousin.<br \/>\nLes autres albums traduits :<br \/>\n&#8211; <a title=\"La chabra e los chabrits\" href=\"http:\/\/www.libraria-occitana.org\/all-products\/la-chabra-e-los-chabrits\">La chabra e los chabrits<\/a> (La ch\u00e8vre et les biquets)<br \/>\n&#8211; <a title=\"Los bons amics\" href=\"http:\/\/www.libraria-occitana.org\/all-products\/los-bons-amics\">Los bons amics<\/a> (Les bons amis)<br \/>\n&#8211; <a title=\"Los tres tessons\" href=\"http:\/\/www.libraria-occitana.org\/all-products\/los-tres-tessons\">Los tres tessons<\/a> (Trois petits cochons)<\/p>\n","protected":false},"excerpt":{"rendered":"<p>C&#8217;\u00e9tait en 1976. Quatre grands classiques des Albums du P\u00e8re Castor avaient \u00e9t\u00e9 traduits dans plusieurs langues de France, en basque, en breton, en corse, en catalan et pour l&#8217;ensemble occitan en proven\u00e7al et en limousin, et \u00e9dit\u00e9s dans la m\u00eame pr\u00e9sentation que l&#8217;\u00e9dition originale. Ici en limousin. Les autres albums traduits : &#8211; La [&hellip;]<\/p>\n","protected":false},"featured_media":36859,"template":"","meta":{"_acf_changed":false,"_genesis_hide_title":false,"_genesis_hide_breadcrumbs":false,"_genesis_hide_singular_image":false,"_genesis_hide_footer_widgets":false,"_genesis_custom_body_class":"","_genesis_custom_post_class":"","_genesis_layout":""},"product_brand":[],"product_cat":[7132,7170,7164],"product_tag":[],"class_list":{"0":"post-17661","1":"product","2":"type-product","3":"status-publish","4":"has-post-thumbnail","6":"product_cat-books","7":"product_cat-juvenile-en","8":"product_cat-juvenile-and-teen-comics-humour-en","9":"pa_auteur-marot-sergi-rev-en","10":"pa_auteur-natacha-en","11":"pa_editeur-flammarion-en","12":"pa_illustrateur-deletaille-albertine-en","13":"pa_langue-occitan-en","14":"pa_langue-occitan-lemosin-en","15":"entry","17":"first","18":"instock","19":"shipping-taxable","20":"purchasable","21":"product-type-simple"},"acf":[],"_links":{"self":[{"href":"https:\/\/www.libraria-occitana.org\/en\/wp-json\/wp\/v2\/product\/17661","targetHints":{"allow":["GET"]}}],"collection":[{"href":"https:\/\/www.libraria-occitana.org\/en\/wp-json\/wp\/v2\/product"}],"about":[{"href":"https:\/\/www.libraria-occitana.org\/en\/wp-json\/wp\/v2\/types\/product"}],"wp:featuredmedia":[{"embeddable":true,"href":"https:\/\/www.libraria-occitana.org\/en\/wp-json\/wp\/v2\/media\/36859"}],"wp:attachment":[{"href":"https:\/\/www.libraria-occitana.org\/en\/wp-json\/wp\/v2\/media?parent=17661"}],"wp:term":[{"taxonomy":"product_brand","embeddable":true,"href":"https:\/\/www.libraria-occitana.org\/en\/wp-json\/wp\/v2\/product_brand?post=17661"},{"taxonomy":"product_cat","embeddable":true,"href":"https:\/\/www.libraria-occitana.org\/en\/wp-json\/wp\/v2\/product_cat?post=17661"},{"taxonomy":"product_tag","embeddable":true,"href":"https:\/\/www.libraria-occitana.org\/en\/wp-json\/wp\/v2\/product_tag?post=17661"}],"curies":[{"name":"wp","href":"https:\/\/api.w.org\/{rel}","templated":true}]}}