{"id":17699,"date":"1979-01-01T10:51:21","date_gmt":"1979-01-01T09:51:21","guid":{"rendered":"http:\/\/www.libraria-occitana.org\/all-products\/li-maires-danguilas?lang=en"},"modified":"2021-09-20T12:35:26","modified_gmt":"2021-09-20T10:35:26","slug":"li-maires-danguilas","status":"publish","type":"product","link":"https:\/\/www.libraria-occitana.org\/en\/product\/li-maires-danguilas\/","title":{"rendered":"Li Maires d&#8217;Anguilas"},"content":{"rendered":"<p><span style=\"color: #ff0000;\">[oc] Mens char (vielha edicion, libre passat) \u2013 [fr] Prix r\u00e9duit (vieille \u00e9dition, livre d\u00e9fra\u00eechi) \u2013 [en] Discount price (early edition, worn book)<br \/>\n<\/span><\/p>\n<blockquote>\n<p>Lo barquet resquilha sus l&#8217;aiga. Lo buta Baj\u00f2ca amb sa partega que vai tafurar dins la nita dau fons. Li sanhas dins aqueste canton de l&#8217;estanh son pas estadas dalhadas p\u00e8r la sega d&#8217;estiu. Una pradari\u00e1 verda de fuelhas sus li cambas secas s&#8217;espand\u00eds a vista d&#8217;uelh bolegant si floquets jovenets, e l&#8217;aiga sema dins li tra\u00e7ats lus\u00eds qu&#8217;emb\u00f2rnha. Lo sol\u00e8u monta, s&#8217;ent\u00e8nd plus ges lo zonzon di moissaus. L&#8217;\u00f2me se l\u00e8va la masqueta de gaza. Ara que l&#8217;aiga se fai mai vesedoira e passa au rosat dins l&#8217;abrivament dau navegar. A cada c\u00f2p de la barra la nau pich\u00f2ta quilha un pauc lo nas e lampa mai. Darrier, de bofigas v\u00e8non crebar a la susf\u00e0cia, sa poison d&#8217;odor gatilha li narras. Passa una s\u00e8rp en morrejant. Lo c\u00f2s longanha fai si zigazagas dins lo triangle de lutz que tirassa. I a plus que lo tombar di granolhas p\u00e8r menar de bruch. Ges d&#8217;auc\u00e8u. Lo but\u00f2r s&#8217;es taisat. Dempu\u00e8i un moment tanb\u00e8n s&#8217;aus\u00eds plus la manada.<\/p>\n<\/blockquote>\n<p><strong>Robert Lafont<\/strong>\u00a0(N\u00eemes, 1923 &#8211; Florence, Italie, 2009) \u00e9tait un intellectuel occitan et plus particuli\u00e8rement un linguiste, un \u00e9crivain, un historien, un sp\u00e9cialiste de la litt\u00e9rature et un th\u00e9oricien politique. Il est une des plus grandes figures historiques de l&#8217;occitanisme.<\/p>\n","protected":false},"excerpt":{"rendered":"<p>[oc] Mens char (vielha edicion, libre passat) \u2013 [fr] Prix r\u00e9duit (vieille \u00e9dition, livre d\u00e9fra\u00eechi) \u2013 [en] Discount price (early edition, worn book) Lo barquet resquilha sus l&#8217;aiga. Lo buta Baj\u00f2ca amb sa partega que vai tafurar dins la nita dau fons. Li sanhas dins aqueste canton de l&#8217;estanh son pas estadas dalhadas p\u00e8r la [&hellip;]<\/p>\n","protected":false},"featured_media":17700,"template":"","meta":{"_acf_changed":false,"_genesis_hide_title":false,"_genesis_hide_breadcrumbs":false,"_genesis_hide_singular_image":false,"_genesis_hide_footer_widgets":false,"_genesis_custom_body_class":"","_genesis_custom_post_class":"","_genesis_layout":""},"product_brand":[],"product_cat":[7132,7174,7182,7238],"product_tag":[],"class_list":{"0":"post-17699","1":"product","2":"type-product","3":"status-publish","4":"has-post-thumbnail","6":"product_cat-books","7":"product_cat-literature-en","8":"product_cat-novels-short-stories-en","9":"product_cat-promotions-en","10":"pa_editeur-ieo-fr-en","11":"pa_illustrateur-lafont-robert-en","12":"pa_langue-occitan-en","13":"pa_langue-occitan-provencau-en","14":"entry","16":"first","17":"instock","18":"sale","19":"shipping-taxable","20":"purchasable","21":"product-type-simple"},"acf":[],"_links":{"self":[{"href":"https:\/\/www.libraria-occitana.org\/en\/wp-json\/wp\/v2\/product\/17699","targetHints":{"allow":["GET"]}}],"collection":[{"href":"https:\/\/www.libraria-occitana.org\/en\/wp-json\/wp\/v2\/product"}],"about":[{"href":"https:\/\/www.libraria-occitana.org\/en\/wp-json\/wp\/v2\/types\/product"}],"wp:featuredmedia":[{"embeddable":true,"href":"https:\/\/www.libraria-occitana.org\/en\/wp-json\/wp\/v2\/media\/17700"}],"wp:attachment":[{"href":"https:\/\/www.libraria-occitana.org\/en\/wp-json\/wp\/v2\/media?parent=17699"}],"wp:term":[{"taxonomy":"product_brand","embeddable":true,"href":"https:\/\/www.libraria-occitana.org\/en\/wp-json\/wp\/v2\/product_brand?post=17699"},{"taxonomy":"product_cat","embeddable":true,"href":"https:\/\/www.libraria-occitana.org\/en\/wp-json\/wp\/v2\/product_cat?post=17699"},{"taxonomy":"product_tag","embeddable":true,"href":"https:\/\/www.libraria-occitana.org\/en\/wp-json\/wp\/v2\/product_tag?post=17699"}],"curies":[{"name":"wp","href":"https:\/\/api.w.org\/{rel}","templated":true}]}}