{"id":17701,"date":"1978-12-01T12:12:27","date_gmt":"1978-12-01T11:12:27","guid":{"rendered":"http:\/\/www.libraria-occitana.org\/all-products\/te-tu-te-ieu?lang=en"},"modified":"2025-03-09T01:54:13","modified_gmt":"2025-03-09T00:54:13","slug":"te-tu-te-ieu","status":"publish","type":"product","link":"https:\/\/www.libraria-occitana.org\/en\/product\/te-tu-te-ieu\/","title":{"rendered":"T\u00e8 tu t\u00e8 ieu"},"content":{"rendered":"<blockquote>\n<p>D&#8217;intrada, seri\u00e1 estat sanit\u00f3s de se mesfisar. D&#8217;eu, segur, e mai tanb\u00e8n de quauqui circonst\u00e0ncias que meti\u00e1n sus n\u00f2stre resc\u00f2ntre un \u00e8r de realitat a miejas. Un d&#8217;aquelis \u00e8rs de pas verai d&#8217;a fons que prenon d&#8217;uni moments, de la vida, e pu\u00e8i se passa qu&#8217;aqueli moments, de la vida ne son estats l&#8217;essenciau. P\u00e8r ex\u00e8mple, coma vai que trauqu\u00e8re de drech devers eu dins la molonada dis estivaires que rajava espessa sus lo barcar\u00e9s ? Parier l&#8217;agu\u00e8sse sentit que veni\u00e1, censat avans de lo v\u00e8ire. Tant auri\u00e1u pogut virar a sen\u00e8stra quauqui pas pus naut, qu&#8217;aqu\u00f2 \u00e8ra mon id\u00e8a d&#8217;enregar la carriera de Miqu\u00e8u Redar\u00e9s. Mai la carriera la manqu\u00e8re en perd\u00e8nt l&#8217;id\u00e8a. Encara mai curi\u00f3s que l&#8217;agu\u00e8sse rem\u00e9s a la subita apr\u00e8s d\u00e8tz ans que s&#8217;eriam pas vists. Pasmens si peus negres s&#8217;\u00e8ran pron emblanquits, sa cara tota s&#8217;\u00e8ra enduresida, non pas vielhida benl\u00e8u, mai cambiada d&#8217;estampa e d&#8217;\u00e8ime, nosada sus una reten\u00e8n\u00e7a. E mai f\u00f2rt que tot, aqueu J\u00f2rdi, avi\u00e1u pas ges enveja de lo tornar practicar. En d\u00e8tz annadas tot \u00e7\u00f2 que d&#8217;eu m&#8217;\u00e8ra arribat a la coneiss\u00e8n\u00e7a, \u2013 aquela activitat mai que mai de marrit novelista, abond\u00f3s e flac \u2013 m&#8217;avi\u00e1 enfortit dins la decision de lo fugir, un c\u00f2p lo vegu\u00e8sse mai.<\/p>\n<\/blockquote>\n<p><strong>Robert Lafont<\/strong>\u00a0(N\u00eemes, 1923 &#8211; Florence, Italie, 2009) \u00e9tait un intellectuel occitan et plus particuli\u00e8rement un linguiste, un \u00e9crivain, un historien, un sp\u00e9cialiste de la litt\u00e9rature et un th\u00e9oricien politique. Il est une des plus grandes figures historiques de l&#8217;occitanisme.<\/p>\n","protected":false},"excerpt":{"rendered":"<p>D&#8217;intrada, seri\u00e1 estat sanit\u00f3s de se mesfisar. D&#8217;eu, segur, e mai tanb\u00e8n de quauqui circonst\u00e0ncias que meti\u00e1n sus n\u00f2stre resc\u00f2ntre un \u00e8r de realitat a miejas. Un d&#8217;aquelis \u00e8rs de pas verai d&#8217;a fons que prenon d&#8217;uni moments, de la vida, e pu\u00e8i se passa qu&#8217;aqueli moments, de la vida ne son estats l&#8217;essenciau. P\u00e8r [&hellip;]<\/p>\n","protected":false},"featured_media":17702,"template":"","meta":{"_acf_changed":false,"_genesis_hide_title":false,"_genesis_hide_breadcrumbs":false,"_genesis_hide_singular_image":false,"_genesis_hide_footer_widgets":false,"_genesis_custom_body_class":"","_genesis_custom_post_class":"","_genesis_layout":""},"product_brand":[],"product_cat":[7132,7174,7182],"product_tag":[],"class_list":{"0":"post-17701","1":"product","2":"type-product","3":"status-publish","4":"has-post-thumbnail","6":"product_cat-books","7":"product_cat-literature-en","8":"product_cat-novels-short-stories-en","9":"pa_editeur-ieo-fr-en","10":"pa_illustrateur-lafont-robert-en","11":"pa_langue-occitan-en","12":"pa_langue-occitan-provencau-en","13":"entry","15":"first","16":"instock","17":"shipping-taxable","18":"purchasable","19":"product-type-simple"},"acf":[],"_links":{"self":[{"href":"https:\/\/www.libraria-occitana.org\/en\/wp-json\/wp\/v2\/product\/17701","targetHints":{"allow":["GET"]}}],"collection":[{"href":"https:\/\/www.libraria-occitana.org\/en\/wp-json\/wp\/v2\/product"}],"about":[{"href":"https:\/\/www.libraria-occitana.org\/en\/wp-json\/wp\/v2\/types\/product"}],"wp:featuredmedia":[{"embeddable":true,"href":"https:\/\/www.libraria-occitana.org\/en\/wp-json\/wp\/v2\/media\/17702"}],"wp:attachment":[{"href":"https:\/\/www.libraria-occitana.org\/en\/wp-json\/wp\/v2\/media?parent=17701"}],"wp:term":[{"taxonomy":"product_brand","embeddable":true,"href":"https:\/\/www.libraria-occitana.org\/en\/wp-json\/wp\/v2\/product_brand?post=17701"},{"taxonomy":"product_cat","embeddable":true,"href":"https:\/\/www.libraria-occitana.org\/en\/wp-json\/wp\/v2\/product_cat?post=17701"},{"taxonomy":"product_tag","embeddable":true,"href":"https:\/\/www.libraria-occitana.org\/en\/wp-json\/wp\/v2\/product_tag?post=17701"}],"curies":[{"name":"wp","href":"https:\/\/api.w.org\/{rel}","templated":true}]}}