{"id":17708,"date":"1978-08-01T16:17:34","date_gmt":"1978-08-01T15:17:34","guid":{"rendered":"http:\/\/www.libraria-occitana.org\/all-products\/lo-leberaubre-n5?lang=en"},"modified":"2026-04-13T02:41:24","modified_gmt":"2026-04-13T00:41:24","slug":"lo-leberaubre-n5","status":"publish","type":"product","link":"https:\/\/www.libraria-occitana.org\/en\/product\/lo-leberaubre-n5\/","title":{"rendered":"Lo Leberaubre N\u00b05"},"content":{"rendered":"<p>\u00ab\u00a0Per balhar de las rai\u00e7 au leberon e far corre l&#8217;aubre la nuech\u00a0\u00bb<\/p>\n<p>Revue de litt\u00e9rature occitane c\u00e9l\u00e9brant les noces du mythe et de l&#8217;absurde au chevet d&#8217;une bonne fontaine sans d\u00e9dicace. Vit le jour en 1975.<\/p>\n<p><strong>Taula :<\/strong><br \/>\n&#8211; Domenica Decamps :<br \/>\nLa font<br \/>\n&#8211; Gisela Chretien :<br \/>\nLa nuech siguet negra e blancha<br \/>\n&#8211; Micheu Chapduelh :<br \/>\nLa caforcha<br \/>\n&#8211; Leberons<br \/>\n&#8211; Marcela Delpastre :<br \/>\nLetra de Jan dau Melhau per Lo Leberaubre<br \/>\n&#8211; Anonime :<br \/>\nLo crit de l&#8217;aucha &#8216;vugla<br \/>\nLas trompetas de la m\u00f2rt<br \/>\n&#8211; Los dos Aus Emerics :<br \/>\nLo diable es jos la p\u00f2rta (critica)<br \/>\n&#8211; J.P. Baldit :<br \/>\nTradicion de Cruesa : Lo diable moton<br \/>\n&#8211; Micheu Chapduelh :<br \/>\nUn temps per viure : Cartas<br \/>\n&#8211; J.P. Baldit :<br \/>\nCronica dau Barbon\u00e9s occitan<br \/>\n&#8211; Joan-Ives rocheta :<br \/>\nLa brageta magica<\/p>\n","protected":false},"excerpt":{"rendered":"<p>\u00ab\u00a0Per balhar de las rai\u00e7 au leberon e far corre l&#8217;aubre la nuech\u00a0\u00bb Revue de litt\u00e9rature occitane c\u00e9l\u00e9brant les noces du mythe et de l&#8217;absurde au chevet d&#8217;une bonne fontaine sans d\u00e9dicace. Vit le jour en 1975. Taula : &#8211; Domenica Decamps : La font &#8211; Gisela Chretien : La nuech siguet negra e blancha [&hellip;]<\/p>\n","protected":false},"featured_media":17709,"template":"","meta":{"_acf_changed":false,"_genesis_hide_title":false,"_genesis_hide_breadcrumbs":false,"_genesis_hide_singular_image":false,"_genesis_hide_footer_widgets":false,"_genesis_custom_body_class":"","_genesis_custom_post_class":"","_genesis_layout":""},"product_brand":[],"product_cat":[7132,7174],"product_tag":[],"class_list":{"0":"post-17708","1":"product","2":"type-product","3":"status-publish","4":"has-post-thumbnail","6":"product_cat-books","7":"product_cat-literature-en","8":"pa_auteur-collectiu-en-2","9":"pa_editeur-literatura-e-cultura-populara-lemosinas-en","10":"pa_langue-occitan-en","11":"pa_langue-occitan-lemosin-en","12":"entry","14":"first","15":"outofstock","16":"shipping-taxable","17":"purchasable","18":"product-type-simple"},"acf":[],"_links":{"self":[{"href":"https:\/\/www.libraria-occitana.org\/en\/wp-json\/wp\/v2\/product\/17708","targetHints":{"allow":["GET"]}}],"collection":[{"href":"https:\/\/www.libraria-occitana.org\/en\/wp-json\/wp\/v2\/product"}],"about":[{"href":"https:\/\/www.libraria-occitana.org\/en\/wp-json\/wp\/v2\/types\/product"}],"wp:featuredmedia":[{"embeddable":true,"href":"https:\/\/www.libraria-occitana.org\/en\/wp-json\/wp\/v2\/media\/17709"}],"wp:attachment":[{"href":"https:\/\/www.libraria-occitana.org\/en\/wp-json\/wp\/v2\/media?parent=17708"}],"wp:term":[{"taxonomy":"product_brand","embeddable":true,"href":"https:\/\/www.libraria-occitana.org\/en\/wp-json\/wp\/v2\/product_brand?post=17708"},{"taxonomy":"product_cat","embeddable":true,"href":"https:\/\/www.libraria-occitana.org\/en\/wp-json\/wp\/v2\/product_cat?post=17708"},{"taxonomy":"product_tag","embeddable":true,"href":"https:\/\/www.libraria-occitana.org\/en\/wp-json\/wp\/v2\/product_tag?post=17708"}],"curies":[{"name":"wp","href":"https:\/\/api.w.org\/{rel}","templated":true}]}}