{"id":17715,"date":"1979-04-01T18:52:38","date_gmt":"1979-04-01T16:52:38","guid":{"rendered":"http:\/\/www.libraria-occitana.org\/all-products\/bestiari-aubres-vinhas-poemas?lang=en"},"modified":"2026-04-14T03:01:28","modified_gmt":"2026-04-14T01:01:28","slug":"bestiari-aubres-vinhas-poemas","status":"publish","type":"product","link":"https:\/\/www.libraria-occitana.org\/en\/product\/bestiari-aubres-vinhas-poemas\/","title":{"rendered":"Bestiari, aubres, vinhas : poemas"},"content":{"rendered":"<blockquote>\n<p><strong>L&#8217;abelha<\/strong><\/p>\n<p>L&#8217;abelha a la vitra de l&#8217;auba<br \/>\ncarga de belugas d&#8217;estiu<br \/>\ne se garda lo plen sorelh<br \/>\n\u00e0 la poncha del fisson<br \/>\nQuand sortirem de l&#8217;ivern<br \/>\nper lo trauc de la muralha<br \/>\nnos caldr\u00e0 coma l&#8217;abelha<br \/>\nuna espasa dins la man<br \/>\nse vol\u00e8m tornar trobar<br \/>\nlas flors que nos an raubadas.<\/p>\n<\/blockquote>\n<p><em><strong>L&#8217;abeille<\/strong><\/em><\/p>\n<p><em>L&#8217;abeille \u00e0 la vitre de l&#8217;aube<\/em><br \/>\n<em>charrie des \u00e9tincelles d&#8217;\u00e9t\u00e9<\/em><br \/>\n<em>et elle garde le plein soleil<\/em><br \/>\n<em>\u00e0 la pointe de son dard<\/em><br \/>\n<em>Quand nous sortirons de l&#8217;hiver<\/em><br \/>\n<em>par le trou de la muraille<\/em><br \/>\n<em>il nous faudra comme l&#8217;abeille<\/em><br \/>\n<em>une \u00e9p\u00e9e dans la main<\/em><br \/>\n<em>si nous voulons retrouver<\/em><br \/>\n<em>les fleurs qu&#8217;on nous a vol\u00e9.<\/em><\/p>\n","protected":false},"excerpt":{"rendered":"<p>L&#8217;abelha L&#8217;abelha a la vitra de l&#8217;auba carga de belugas d&#8217;estiu e se garda lo plen sorelh \u00e0 la poncha del fisson Quand sortirem de l&#8217;ivern per lo trauc de la muralha nos caldr\u00e0 coma l&#8217;abelha una espasa dins la man se vol\u00e8m tornar trobar las flors que nos an raubadas. L&#8217;abeille L&#8217;abeille \u00e0 la [&hellip;]<\/p>\n","protected":false},"featured_media":36847,"template":"","meta":{"_acf_changed":false,"_genesis_hide_title":false,"_genesis_hide_breadcrumbs":false,"_genesis_hide_singular_image":false,"_genesis_hide_footer_widgets":false,"_genesis_custom_body_class":"","_genesis_custom_post_class":"","_genesis_layout":""},"product_brand":[],"product_cat":[7132,7174,7180],"product_tag":[],"class_list":{"0":"post-17715","1":"product","2":"type-product","3":"status-publish","4":"has-post-thumbnail","6":"product_cat-books","7":"product_cat-literature-en","8":"product_cat-poetry-en","9":"pa_auteur-petit-joan-maria-en","10":"pa_editeur-vent-terral-en","11":"pa_illustrateur-frances-peire-en","12":"pa_langue-occitan-lengadocian-en","13":"pa_langue-occitan-francais-en","14":"entry","16":"first","17":"instock","18":"shipping-taxable","19":"purchasable","20":"product-type-simple"},"acf":[],"_links":{"self":[{"href":"https:\/\/www.libraria-occitana.org\/en\/wp-json\/wp\/v2\/product\/17715","targetHints":{"allow":["GET"]}}],"collection":[{"href":"https:\/\/www.libraria-occitana.org\/en\/wp-json\/wp\/v2\/product"}],"about":[{"href":"https:\/\/www.libraria-occitana.org\/en\/wp-json\/wp\/v2\/types\/product"}],"wp:featuredmedia":[{"embeddable":true,"href":"https:\/\/www.libraria-occitana.org\/en\/wp-json\/wp\/v2\/media\/36847"}],"wp:attachment":[{"href":"https:\/\/www.libraria-occitana.org\/en\/wp-json\/wp\/v2\/media?parent=17715"}],"wp:term":[{"taxonomy":"product_brand","embeddable":true,"href":"https:\/\/www.libraria-occitana.org\/en\/wp-json\/wp\/v2\/product_brand?post=17715"},{"taxonomy":"product_cat","embeddable":true,"href":"https:\/\/www.libraria-occitana.org\/en\/wp-json\/wp\/v2\/product_cat?post=17715"},{"taxonomy":"product_tag","embeddable":true,"href":"https:\/\/www.libraria-occitana.org\/en\/wp-json\/wp\/v2\/product_tag?post=17715"}],"curies":[{"name":"wp","href":"https:\/\/api.w.org\/{rel}","templated":true}]}}