{"id":17719,"date":"1978-01-01T11:21:54","date_gmt":"1978-01-01T10:21:54","guid":{"rendered":"http:\/\/www.libraria-occitana.org\/all-products\/los-dos-einocents?lang=en"},"modified":"2026-04-29T03:51:41","modified_gmt":"2026-04-29T01:51:41","slug":"los-dos-einocents","status":"publish","type":"product","link":"https:\/\/www.libraria-occitana.org\/en\/product\/los-dos-einocents\/","title":{"rendered":"Los dos einocents"},"content":{"rendered":"<p>Deux \u00ab\u00a0innocents \u00bb\u00a0dans un village, c&#8217;est un de trop&#8230;\u00a0\u00ab\u00a0Ce pourrait \u00eatre un roman tragique. C&#8217;est peut-\u00eatre plus que cela : un roman de d\u00e9rision qui \u00e9voque Jarry plus que Giono. La campagne limousine, telle que l&#8217;\u00e9voque Melhau, avec ses f\u00eates ridicules, ses majorettes, ses parties de p\u00eache, ses r\u00e9sidents secondaires est bien celle d&#8217;aujourd&#8217;hui : d\u00e9sert\u00e9e par les paysans, en proie \u00e0 une m\u00e9canisation trop souvent aberrante, agress\u00e9e par une culture d&#8217;importation, triviale et b\u00eate&#8230; Le village finira par r\u00e9unir les deux innocents dans une noce burlesque, au bout d&#8217;un r\u00e9cit o\u00f9 le sarcasme, le gag, l&#8217;humour de toutes les couleurs se marie \u00e0 la piti\u00e9, la tristesse et la peine, une noce atroce qui s&#8217;ach\u00e8vera avec la mort de l&#8217;innocenterie. \u00bb<\/p>\n<p style=\"text-align: right;\">Yves Rouquette<\/p>\n","protected":false},"excerpt":{"rendered":"<p>Deux \u00ab\u00a0innocents \u00bb\u00a0dans un village, c&#8217;est un de trop&#8230;\u00a0\u00ab\u00a0Ce pourrait \u00eatre un roman tragique. C&#8217;est peut-\u00eatre plus que cela : un roman de d\u00e9rision qui \u00e9voque Jarry plus que Giono. La campagne limousine, telle que l&#8217;\u00e9voque Melhau, avec ses f\u00eates ridicules, ses majorettes, ses parties de p\u00eache, ses r\u00e9sidents secondaires est bien celle d&#8217;aujourd&#8217;hui : [&hellip;]<\/p>\n","protected":false},"featured_media":36853,"template":"","meta":{"_acf_changed":false,"_genesis_hide_title":false,"_genesis_hide_breadcrumbs":false,"_genesis_hide_singular_image":false,"_genesis_hide_footer_widgets":false,"_genesis_custom_body_class":"","_genesis_custom_post_class":"","_genesis_layout":""},"product_brand":[],"product_cat":[7132,7174,7182],"product_tag":[],"class_list":{"0":"post-17719","1":"product","2":"type-product","3":"status-publish","4":"has-post-thumbnail","6":"product_cat-books","7":"product_cat-literature-en","8":"product_cat-novels-short-stories-en","9":"pa_auteur-melhau-jan-dau-fr-en","10":"pa_editeur-ieo-fr-en","11":"pa_langue-occitan-en","12":"pa_langue-occitan-lemosin-en","13":"entry","15":"first","16":"instock","17":"shipping-taxable","18":"purchasable","19":"product-type-simple"},"acf":[],"_links":{"self":[{"href":"https:\/\/www.libraria-occitana.org\/en\/wp-json\/wp\/v2\/product\/17719","targetHints":{"allow":["GET"]}}],"collection":[{"href":"https:\/\/www.libraria-occitana.org\/en\/wp-json\/wp\/v2\/product"}],"about":[{"href":"https:\/\/www.libraria-occitana.org\/en\/wp-json\/wp\/v2\/types\/product"}],"wp:featuredmedia":[{"embeddable":true,"href":"https:\/\/www.libraria-occitana.org\/en\/wp-json\/wp\/v2\/media\/36853"}],"wp:attachment":[{"href":"https:\/\/www.libraria-occitana.org\/en\/wp-json\/wp\/v2\/media?parent=17719"}],"wp:term":[{"taxonomy":"product_brand","embeddable":true,"href":"https:\/\/www.libraria-occitana.org\/en\/wp-json\/wp\/v2\/product_brand?post=17719"},{"taxonomy":"product_cat","embeddable":true,"href":"https:\/\/www.libraria-occitana.org\/en\/wp-json\/wp\/v2\/product_cat?post=17719"},{"taxonomy":"product_tag","embeddable":true,"href":"https:\/\/www.libraria-occitana.org\/en\/wp-json\/wp\/v2\/product_tag?post=17719"}],"curies":[{"name":"wp","href":"https:\/\/api.w.org\/{rel}","templated":true}]}}