{"id":17734,"date":"1983-08-01T11:22:16","date_gmt":"1983-08-01T10:22:16","guid":{"rendered":"http:\/\/www.libraria-occitana.org\/all-products\/las-malineiras?lang=en"},"modified":"2021-09-20T12:31:53","modified_gmt":"2021-09-20T10:31:53","slug":"las-malineiras","status":"publish","type":"product","link":"https:\/\/www.libraria-occitana.org\/en\/product\/las-malineiras\/","title":{"rendered":"Las Malin\u00e8iras"},"content":{"rendered":"<p><span style=\"color: #ff0000;\">[oc] Mens char (vielha edicion, libre passat) \u2013 [fr] Prix r\u00e9duit (vieille \u00e9dition, livre d\u00e9fra\u00eechi) \u2013 [en] Discount price (early edition, worn book)<br \/>\n<\/span><\/p>\n<p><em>Las malin\u00e8iras<\/em> qu\u2019estot publicat perm\u00e8ir en 1912 dab l\u2019ajuda e los conselhs de Palai e Camelat. Qu\u2019estot de-tira considerat com ua \u00f2bra m\u00e0ger de la letradura occitana mod\u00e8rna ; en aqueth genre mau-aisit qu\u2019egau es la po\u00ebsia lirica que s\u2019i illustr\u00e8ren davant eth Mistrau e Camelat, E. Barreyre s\u2019a sabut portar au niv\u00e8u deus mai grans po\u00e8tas d\u2019\u00f2c.<\/p>\n","protected":false},"excerpt":{"rendered":"<p>[oc] Mens char (vielha edicion, libre passat) \u2013 [fr] Prix r\u00e9duit (vieille \u00e9dition, livre d\u00e9fra\u00eechi) \u2013 [en] Discount price (early edition, worn book) Las malin\u00e8iras qu\u2019estot publicat perm\u00e8ir en 1912 dab l\u2019ajuda e los conselhs de Palai e Camelat. Qu\u2019estot de-tira considerat com ua \u00f2bra m\u00e0ger de la letradura occitana mod\u00e8rna ; en aqueth genre [&hellip;]<\/p>\n","protected":false},"featured_media":17735,"template":"","meta":{"_acf_changed":false,"_genesis_hide_title":false,"_genesis_hide_breadcrumbs":false,"_genesis_hide_singular_image":false,"_genesis_hide_footer_widgets":false,"_genesis_custom_body_class":"","_genesis_custom_post_class":"","_genesis_layout":""},"product_brand":[],"product_cat":[7132,7174,7180,7238],"product_tag":[],"class_list":{"0":"post-17734","1":"product","2":"type-product","3":"status-publish","4":"has-post-thumbnail","6":"product_cat-books","7":"product_cat-literature-en","8":"product_cat-poetry-en","9":"product_cat-promotions-en","10":"pa_auteur-barreyre-emilien-en","11":"pa_editeur-per-noste-en","12":"pa_editeur-princi-negre-en","13":"pa_langue-occitan-en","14":"pa_langue-occitan-gascon-en","15":"entry","17":"first","18":"instock","19":"sale","20":"shipping-taxable","21":"purchasable","22":"product-type-simple"},"acf":[],"_links":{"self":[{"href":"https:\/\/www.libraria-occitana.org\/en\/wp-json\/wp\/v2\/product\/17734","targetHints":{"allow":["GET"]}}],"collection":[{"href":"https:\/\/www.libraria-occitana.org\/en\/wp-json\/wp\/v2\/product"}],"about":[{"href":"https:\/\/www.libraria-occitana.org\/en\/wp-json\/wp\/v2\/types\/product"}],"wp:featuredmedia":[{"embeddable":true,"href":"https:\/\/www.libraria-occitana.org\/en\/wp-json\/wp\/v2\/media\/17735"}],"wp:attachment":[{"href":"https:\/\/www.libraria-occitana.org\/en\/wp-json\/wp\/v2\/media?parent=17734"}],"wp:term":[{"taxonomy":"product_brand","embeddable":true,"href":"https:\/\/www.libraria-occitana.org\/en\/wp-json\/wp\/v2\/product_brand?post=17734"},{"taxonomy":"product_cat","embeddable":true,"href":"https:\/\/www.libraria-occitana.org\/en\/wp-json\/wp\/v2\/product_cat?post=17734"},{"taxonomy":"product_tag","embeddable":true,"href":"https:\/\/www.libraria-occitana.org\/en\/wp-json\/wp\/v2\/product_tag?post=17734"}],"curies":[{"name":"wp","href":"https:\/\/api.w.org\/{rel}","templated":true}]}}