{"id":17736,"date":"1983-04-01T17:02:05","date_gmt":"1983-04-01T16:02:05","guid":{"rendered":"http:\/\/www.libraria-occitana.org\/all-products\/lo-leberaubre-n10?lang=en"},"modified":"2026-04-25T04:31:35","modified_gmt":"2026-04-25T02:31:35","slug":"lo-leberaubre-n10","status":"publish","type":"product","link":"https:\/\/www.libraria-occitana.org\/en\/product\/lo-leberaubre-n10\/","title":{"rendered":"Lo Leberaubre N\u00b010"},"content":{"rendered":"<p>\u00ab\u00a0Per balhar de las rai\u00e7 au leberon e far corre l&#8217;aubre la nuech\u00a0\u00bb<\/p>\n<p>Revue de litt\u00e9rature occitane c\u00e9l\u00e9brant les noces du mythe et de l&#8217;absurde au chevet d&#8217;une bonne fontaine sans d\u00e9dicace. Vit le jour en 1975.<\/p>\n<p><strong>Taula :<\/strong><br \/>\n&#8211; Joan-Artus de Fialaprim :<br \/>\nBlanca sera la m\u00f2rt&#8230;<br \/>\n&#8211; Domenica Decamps :<br \/>\nLo temps coma passa a Gravenaud<br \/>\n&#8211; Micheu Chapduelh :<br \/>\nUn temps per viure : Cartas<br \/>\n&#8211; Anna Gautier :<br \/>\nMas que l&#8217;i aie de que tornar<br \/>\n&#8211; Micheu Chapduelh :<br \/>\nMessatge sus temps immobil (critica)<br \/>\n&#8211; Jan dau Melhau :<br \/>\nLa p\u00f2rta<br \/>\n&#8211; Marcela Delpastre :<br \/>\nL&#8217;aubre e la nuech<br \/>\n&#8211; Micheu Chapduelh :<br \/>\nL&#8217;ombra do\u00e7a de la nuech (critica)<br \/>\n&#8211; Micheu Chapduelh, F. Bosqui :<br \/>\nT 402<br \/>\n&#8211; Pascarel :<br \/>\nLa montanha de fer<br \/>\n&#8211; Micheu Chapduelh :<br \/>\nUn temps per viure : Guerra<br \/>\n&#8211; Marcela Delpastre :<br \/>\nLo libre de l&#8217;erba e daus aubres<\/p>\n","protected":false},"excerpt":{"rendered":"<p>\u00ab\u00a0Per balhar de las rai\u00e7 au leberon e far corre l&#8217;aubre la nuech\u00a0\u00bb Revue de litt\u00e9rature occitane c\u00e9l\u00e9brant les noces du mythe et de l&#8217;absurde au chevet d&#8217;une bonne fontaine sans d\u00e9dicace. Vit le jour en 1975. Taula : &#8211; Joan-Artus de Fialaprim : Blanca sera la m\u00f2rt&#8230; &#8211; Domenica Decamps : Lo temps coma [&hellip;]<\/p>\n","protected":false},"featured_media":17737,"template":"","meta":{"_acf_changed":false,"_genesis_hide_title":false,"_genesis_hide_breadcrumbs":false,"_genesis_hide_singular_image":false,"_genesis_hide_footer_widgets":false,"_genesis_custom_body_class":"","_genesis_custom_post_class":"","_genesis_layout":""},"product_brand":[],"product_cat":[7132,7174],"product_tag":[],"class_list":{"0":"post-17736","1":"product","2":"type-product","3":"status-publish","4":"has-post-thumbnail","6":"product_cat-books","7":"product_cat-literature-en","8":"pa_auteur-collectiu-en-2","9":"pa_editeur-literatura-e-cultura-populara-lemosinas-en","10":"pa_langue-occitan-en","11":"pa_langue-occitan-lemosin-en","12":"entry","14":"first","15":"outofstock","16":"shipping-taxable","17":"purchasable","18":"product-type-simple"},"acf":[],"_links":{"self":[{"href":"https:\/\/www.libraria-occitana.org\/en\/wp-json\/wp\/v2\/product\/17736","targetHints":{"allow":["GET"]}}],"collection":[{"href":"https:\/\/www.libraria-occitana.org\/en\/wp-json\/wp\/v2\/product"}],"about":[{"href":"https:\/\/www.libraria-occitana.org\/en\/wp-json\/wp\/v2\/types\/product"}],"wp:featuredmedia":[{"embeddable":true,"href":"https:\/\/www.libraria-occitana.org\/en\/wp-json\/wp\/v2\/media\/17737"}],"wp:attachment":[{"href":"https:\/\/www.libraria-occitana.org\/en\/wp-json\/wp\/v2\/media?parent=17736"}],"wp:term":[{"taxonomy":"product_brand","embeddable":true,"href":"https:\/\/www.libraria-occitana.org\/en\/wp-json\/wp\/v2\/product_brand?post=17736"},{"taxonomy":"product_cat","embeddable":true,"href":"https:\/\/www.libraria-occitana.org\/en\/wp-json\/wp\/v2\/product_cat?post=17736"},{"taxonomy":"product_tag","embeddable":true,"href":"https:\/\/www.libraria-occitana.org\/en\/wp-json\/wp\/v2\/product_tag?post=17736"}],"curies":[{"name":"wp","href":"https:\/\/api.w.org\/{rel}","templated":true}]}}