{"id":17740,"date":"1983-01-01T18:21:49","date_gmt":"1983-01-01T17:21:49","guid":{"rendered":"http:\/\/www.libraria-occitana.org\/all-products\/grammaire-limousine-lemouzi-n85-bis?lang=en"},"modified":"2026-04-10T02:26:54","modified_gmt":"2026-04-10T00:26:54","slug":"grammaire-limousine-lemouzi-n85-bis","status":"publish","type":"product","link":"https:\/\/www.libraria-occitana.org\/en\/product\/grammaire-limousine-lemouzi-n85-bis\/","title":{"rendered":"Grammaire limousine \/ Lemouzi N\u00b085 bis"},"content":{"rendered":"<p>Michel Tintou nous donne aujourd&#8217;hui une grammaire centr\u00e9e sur la langue de la r\u00e9gion de Limoges ; il signale \u00e9galement les formes particuli\u00e8res au bas-limousin, au marchois, au limousin occidental.<br \/>\n[&#8230;]<br \/>\nLe plan et la m\u00e9thode de l&#8217;ouvrage ont le m\u00e9rite de la clart\u00e9, et l&#8217;auteur \u00e9vite \u00e0 bon endroit les termes trop techniques et savants qui peuvent rebuter le lecteur non sp\u00e9cialis\u00e9.<br \/>\n[&#8230;]<br \/>\nCes qualit\u00e9s font de l&#8217;ouvrage de Michel Tintou un outil pr\u00e9cieux pour ceux qui voudront \u00e9crire le limousin litt\u00e9raire, en Haut-Limousin et en Bas-Limousin. Il sera utile et n\u00e9cessaire \u00e0 tous les amoureux de la langue limousine et \u00e0 tous les fid\u00e8les du grand Pays Limousin.<\/p>\n<p style=\"text-align: right\">Jean Mouzat<\/p>\n","protected":false},"excerpt":{"rendered":"<p>Michel Tintou nous donne aujourd&#8217;hui une grammaire centr\u00e9e sur la langue de la r\u00e9gion de Limoges ; il signale \u00e9galement les formes particuli\u00e8res au bas-limousin, au marchois, au limousin occidental. [&#8230;] Le plan et la m\u00e9thode de l&#8217;ouvrage ont le m\u00e9rite de la clart\u00e9, et l&#8217;auteur \u00e9vite \u00e0 bon endroit les termes trop techniques et [&hellip;]<\/p>\n","protected":false},"featured_media":17741,"template":"","meta":{"_acf_changed":false,"_genesis_hide_title":false,"_genesis_hide_breadcrumbs":false,"_genesis_hide_singular_image":false,"_genesis_hide_footer_widgets":false,"_genesis_custom_body_class":"","_genesis_custom_post_class":"","_genesis_layout":""},"product_brand":[],"product_cat":[7132,7138,7136],"product_tag":[],"class_list":{"0":"post-17740","1":"product","2":"type-product","3":"status-publish","4":"has-post-thumbnail","6":"product_cat-books","7":"product_cat-dictionaries-grammars-en","8":"product_cat-dictionaries-language-educational-en","9":"pa_auteur-tintou-michel-en","10":"pa_editeur-lemouzi-en","11":"pa_langue-francais-en","12":"pa_langue-occitan-en","13":"pa_langue-occitan-lemosin-en","14":"entry","16":"first","17":"outofstock","18":"shipping-taxable","19":"purchasable","20":"product-type-simple"},"acf":[],"_links":{"self":[{"href":"https:\/\/www.libraria-occitana.org\/en\/wp-json\/wp\/v2\/product\/17740","targetHints":{"allow":["GET"]}}],"collection":[{"href":"https:\/\/www.libraria-occitana.org\/en\/wp-json\/wp\/v2\/product"}],"about":[{"href":"https:\/\/www.libraria-occitana.org\/en\/wp-json\/wp\/v2\/types\/product"}],"wp:featuredmedia":[{"embeddable":true,"href":"https:\/\/www.libraria-occitana.org\/en\/wp-json\/wp\/v2\/media\/17741"}],"wp:attachment":[{"href":"https:\/\/www.libraria-occitana.org\/en\/wp-json\/wp\/v2\/media?parent=17740"}],"wp:term":[{"taxonomy":"product_brand","embeddable":true,"href":"https:\/\/www.libraria-occitana.org\/en\/wp-json\/wp\/v2\/product_brand?post=17740"},{"taxonomy":"product_cat","embeddable":true,"href":"https:\/\/www.libraria-occitana.org\/en\/wp-json\/wp\/v2\/product_cat?post=17740"},{"taxonomy":"product_tag","embeddable":true,"href":"https:\/\/www.libraria-occitana.org\/en\/wp-json\/wp\/v2\/product_tag?post=17740"}],"curies":[{"name":"wp","href":"https:\/\/api.w.org\/{rel}","templated":true}]}}