{"id":17754,"date":"1981-04-01T17:12:13","date_gmt":"1981-04-01T16:12:13","guid":{"rendered":"http:\/\/www.libraria-occitana.org\/all-products\/lo-leberaubre-n6?lang=en"},"modified":"2026-04-25T04:36:16","modified_gmt":"2026-04-25T02:36:16","slug":"lo-leberaubre-n6","status":"publish","type":"product","link":"https:\/\/www.libraria-occitana.org\/en\/product\/lo-leberaubre-n6\/","title":{"rendered":"Lo Leberaubre N\u00b06"},"content":{"rendered":"<p>\u00ab\u00a0Per balhar de las rai\u00e7 au leberon e far corre l&#8217;aubre la nuech\u00a0\u00bb<\/p>\n<p>Revue de litt\u00e9rature occitane c\u00e9l\u00e9brant les noces du mythe et de l&#8217;absurde au chevet d&#8217;une bonne fontaine sans d\u00e9dicace. Vit le jour en 1975.<\/p>\n<p><strong>Taula :<\/strong><br \/>\n&#8211; Bernat Combi :<br \/>\nDarrier los uelhs&#8230; Qu\u00e9 i a darrier los uelhs ?&#8230;<br \/>\n&#8211; Jan dau Melhau :<br \/>\nLa boitia<br \/>\n&#8211; Micheu Chapduelh :<br \/>\nUn temps per viure : Femna<br \/>\n&#8211; Jan de la Font :<br \/>\nQu\u00f2 era &#8216;na pita coa<br \/>\n&#8211; Joan-Peire Baldit :<br \/>\nUn conte de vialatge m\u00f2rt<br \/>\n&#8211; Francis Gervasi :<br \/>\nQu\u00f2 qu&#8217;es ?<br \/>\n&#8211; Micheu Chapduelh :<br \/>\nLa prumiera nevia<br \/>\nCritica : Lo libre dau reirlutz de Jan Ganhaire<br \/>\n&#8211; Joan-Ives Rocheta :<br \/>\nTradicion : Los u\u00f2us<br \/>\n&#8211; Marcela Delpastre :<br \/>\nLo libre de l&#8217;erba e daus aubres : Los potirons (sega)<\/p>\n","protected":false},"excerpt":{"rendered":"<p>\u00ab\u00a0Per balhar de las rai\u00e7 au leberon e far corre l&#8217;aubre la nuech\u00a0\u00bb Revue de litt\u00e9rature occitane c\u00e9l\u00e9brant les noces du mythe et de l&#8217;absurde au chevet d&#8217;une bonne fontaine sans d\u00e9dicace. Vit le jour en 1975. Taula : &#8211; Bernat Combi : Darrier los uelhs&#8230; Qu\u00e9 i a darrier los uelhs ?&#8230; &#8211; Jan [&hellip;]<\/p>\n","protected":false},"featured_media":17755,"template":"","meta":{"_acf_changed":false,"_genesis_hide_title":false,"_genesis_hide_breadcrumbs":false,"_genesis_hide_singular_image":false,"_genesis_hide_footer_widgets":false,"_genesis_custom_body_class":"","_genesis_custom_post_class":"","_genesis_layout":""},"product_brand":[],"product_cat":[7132,7174],"product_tag":[],"class_list":{"0":"post-17754","1":"product","2":"type-product","3":"status-publish","4":"has-post-thumbnail","6":"product_cat-books","7":"product_cat-literature-en","8":"pa_auteur-collectiu-en-2","9":"pa_editeur-literatura-e-cultura-populara-lemosinas-en","10":"pa_langue-occitan-en","11":"pa_langue-occitan-lemosin-en","12":"entry","14":"first","15":"outofstock","16":"shipping-taxable","17":"purchasable","18":"product-type-simple"},"acf":[],"_links":{"self":[{"href":"https:\/\/www.libraria-occitana.org\/en\/wp-json\/wp\/v2\/product\/17754","targetHints":{"allow":["GET"]}}],"collection":[{"href":"https:\/\/www.libraria-occitana.org\/en\/wp-json\/wp\/v2\/product"}],"about":[{"href":"https:\/\/www.libraria-occitana.org\/en\/wp-json\/wp\/v2\/types\/product"}],"wp:featuredmedia":[{"embeddable":true,"href":"https:\/\/www.libraria-occitana.org\/en\/wp-json\/wp\/v2\/media\/17755"}],"wp:attachment":[{"href":"https:\/\/www.libraria-occitana.org\/en\/wp-json\/wp\/v2\/media?parent=17754"}],"wp:term":[{"taxonomy":"product_brand","embeddable":true,"href":"https:\/\/www.libraria-occitana.org\/en\/wp-json\/wp\/v2\/product_brand?post=17754"},{"taxonomy":"product_cat","embeddable":true,"href":"https:\/\/www.libraria-occitana.org\/en\/wp-json\/wp\/v2\/product_cat?post=17754"},{"taxonomy":"product_tag","embeddable":true,"href":"https:\/\/www.libraria-occitana.org\/en\/wp-json\/wp\/v2\/product_tag?post=17754"}],"curies":[{"name":"wp","href":"https:\/\/api.w.org\/{rel}","templated":true}]}}