{"id":17756,"date":"1981-04-01T11:59:36","date_gmt":"1981-04-01T09:59:36","guid":{"rendered":"http:\/\/www.libraria-occitana.org\/all-products\/de-temps-en-temps-2?lang=en"},"modified":"2026-04-24T04:21:51","modified_gmt":"2026-04-24T02:21:51","slug":"de-temps-en-temps-2","status":"publish","type":"product","link":"https:\/\/www.libraria-occitana.org\/en\/product\/de-temps-en-temps-2\/","title":{"rendered":"De temps en temps"},"content":{"rendered":"<p>\u00ab \u201cQui setz ?\u201d demandet.<br \/>\nLa responsa se faguet esperar un pauc.<br \/>\n\u201cLa que me far\u00e0n, respondet una votz de dr\u00f2lla o de j\u00f2una femna, sei passada dins la vita dau monde e degun m\u2019a visda. Era res e sei demorada res. Era benleu un pauc mai. Qui p\u00f2t saber ? Degun m\u2019a visda autrament e io sabe pus onte es la vertat. Segue la que me disi\u00e0n los aubres. Es benleu pas la bona. Benleu z\u2019es jamai estada&#8230; L\u2019ai seguda per \u00e7\u00f2 que me semblava la mai brava. Rancure pas. Rancurarai jamai&#8230; mas mon Dieu que queu chamin es long&#8230;\u201d \u00bb<\/p>\n","protected":false},"excerpt":{"rendered":"<p>\u00ab \u201cQui setz ?\u201d demandet. La responsa se faguet esperar un pauc. \u201cLa que me far\u00e0n, respondet una votz de dr\u00f2lla o de j\u00f2una femna, sei passada dins la vita dau monde e degun m\u2019a visda. Era res e sei demorada res. Era benleu un pauc mai. Qui p\u00f2t saber ? Degun m\u2019a visda autrament [&hellip;]<\/p>\n","protected":false},"featured_media":17757,"template":"","meta":{"_acf_changed":false,"_genesis_hide_title":false,"_genesis_hide_breadcrumbs":false,"_genesis_hide_singular_image":false,"_genesis_hide_footer_widgets":false,"_genesis_custom_body_class":"","_genesis_custom_post_class":"","_genesis_layout":""},"product_brand":[],"product_cat":[7132,7174,7182],"product_tag":[],"class_list":{"0":"post-17756","1":"product","2":"type-product","3":"status-publish","4":"has-post-thumbnail","6":"product_cat-books","7":"product_cat-literature-en","8":"product_cat-novels-short-stories-en","9":"pa_auteur-chapduelh-micheu-en","10":"pa_editeur-ieo-fr-en","11":"pa_editeur-ieo-perigord-novelum-en","12":"pa_langue-occitan-en","13":"pa_langue-occitan-lemosin-en","14":"entry","16":"first","17":"instock","18":"shipping-taxable","19":"purchasable","20":"product-type-simple"},"acf":[],"_links":{"self":[{"href":"https:\/\/www.libraria-occitana.org\/en\/wp-json\/wp\/v2\/product\/17756","targetHints":{"allow":["GET"]}}],"collection":[{"href":"https:\/\/www.libraria-occitana.org\/en\/wp-json\/wp\/v2\/product"}],"about":[{"href":"https:\/\/www.libraria-occitana.org\/en\/wp-json\/wp\/v2\/types\/product"}],"wp:featuredmedia":[{"embeddable":true,"href":"https:\/\/www.libraria-occitana.org\/en\/wp-json\/wp\/v2\/media\/17757"}],"wp:attachment":[{"href":"https:\/\/www.libraria-occitana.org\/en\/wp-json\/wp\/v2\/media?parent=17756"}],"wp:term":[{"taxonomy":"product_brand","embeddable":true,"href":"https:\/\/www.libraria-occitana.org\/en\/wp-json\/wp\/v2\/product_brand?post=17756"},{"taxonomy":"product_cat","embeddable":true,"href":"https:\/\/www.libraria-occitana.org\/en\/wp-json\/wp\/v2\/product_cat?post=17756"},{"taxonomy":"product_tag","embeddable":true,"href":"https:\/\/www.libraria-occitana.org\/en\/wp-json\/wp\/v2\/product_tag?post=17756"}],"curies":[{"name":"wp","href":"https:\/\/api.w.org\/{rel}","templated":true}]}}