{"id":17762,"date":"1986-01-01T18:28:52","date_gmt":"1986-01-01T17:28:52","guid":{"rendered":"http:\/\/www.libraria-occitana.org\/all-products\/les-plantes-medicinales-du-limousin-de-la-marche-et-de-lauvergne?lang=en"},"modified":"2026-04-26T04:56:09","modified_gmt":"2026-04-26T02:56:09","slug":"les-plantes-medicinales-du-limousin-de-la-marche-et-de-lauvergne","status":"publish","type":"product","link":"https:\/\/www.libraria-occitana.org\/en\/product\/les-plantes-medicinales-du-limousin-de-la-marche-et-de-lauvergne\/","title":{"rendered":"Les plantes m\u00e9dicinales du Limousin de la Marche et de l&#8217;Auvergne"},"content":{"rendered":"<p>Comment se sont soign\u00e9s &#8220;les anciens&#8221; depuis des mill\u00e9naires ? Il reste assez de t\u00e9moignages vivants des vieilles m\u00e9decines de notre Plan\u00e8te pour que nous sachions que &#8220;la Nature&#8221; \u00e9tait la grande source th\u00e9rapeutique de nos anc\u00eatres lointains.<\/p>\n<p style=\"text-align: right\">Docteur Georges Cassin<\/p>\n<p>Ce livre contient :<\/p>\n<ul>\n<li>des conseils g\u00e9n\u00e9raux sur : la cueillette, le s\u00e9chage, la conservation et l&#8217;utilisation des plantes.<\/li>\n<li>un calendrier de plantes \u00e0 ramasser.<\/li>\n<li>des recettes simples, facilement compr\u00e9hensibles et utilisables.<\/li>\n<\/ul>\n","protected":false},"excerpt":{"rendered":"<p>Comment se sont soign\u00e9s &#8220;les anciens&#8221; depuis des mill\u00e9naires ? Il reste assez de t\u00e9moignages vivants des vieilles m\u00e9decines de notre Plan\u00e8te pour que nous sachions que &#8220;la Nature&#8221; \u00e9tait la grande source th\u00e9rapeutique de nos anc\u00eatres lointains. Docteur Georges Cassin Ce livre contient : des conseils g\u00e9n\u00e9raux sur : la cueillette, le s\u00e9chage, la [&hellip;]<\/p>\n","protected":false},"featured_media":17763,"template":"","meta":{"_acf_changed":false,"_genesis_hide_title":false,"_genesis_hide_breadcrumbs":false,"_genesis_hide_singular_image":false,"_genesis_hide_footer_widgets":false,"_genesis_custom_body_class":"","_genesis_custom_post_class":"","_genesis_layout":""},"product_brand":[],"product_cat":[7132,7212,7206],"product_tag":[],"class_list":{"0":"post-17762","1":"product","2":"type-product","3":"status-publish","4":"has-post-thumbnail","6":"product_cat-books","7":"product_cat-traditional-skills-savoirs-faire-en","8":"product_cat-traditions-heritage-en","9":"pa_auteur-borzeix-daniel-en","10":"pa_auteur-borzeix-monique-en","11":"pa_editeur-les-monedieres-en","12":"pa_illustrateur-grande-marcel-en","13":"pa_langue-francais-en","14":"entry","16":"first","17":"outofstock","18":"shipping-taxable","19":"purchasable","20":"product-type-simple"},"acf":[],"_links":{"self":[{"href":"https:\/\/www.libraria-occitana.org\/en\/wp-json\/wp\/v2\/product\/17762","targetHints":{"allow":["GET"]}}],"collection":[{"href":"https:\/\/www.libraria-occitana.org\/en\/wp-json\/wp\/v2\/product"}],"about":[{"href":"https:\/\/www.libraria-occitana.org\/en\/wp-json\/wp\/v2\/types\/product"}],"wp:featuredmedia":[{"embeddable":true,"href":"https:\/\/www.libraria-occitana.org\/en\/wp-json\/wp\/v2\/media\/17763"}],"wp:attachment":[{"href":"https:\/\/www.libraria-occitana.org\/en\/wp-json\/wp\/v2\/media?parent=17762"}],"wp:term":[{"taxonomy":"product_brand","embeddable":true,"href":"https:\/\/www.libraria-occitana.org\/en\/wp-json\/wp\/v2\/product_brand?post=17762"},{"taxonomy":"product_cat","embeddable":true,"href":"https:\/\/www.libraria-occitana.org\/en\/wp-json\/wp\/v2\/product_cat?post=17762"},{"taxonomy":"product_tag","embeddable":true,"href":"https:\/\/www.libraria-occitana.org\/en\/wp-json\/wp\/v2\/product_tag?post=17762"}],"curies":[{"name":"wp","href":"https:\/\/api.w.org\/{rel}","templated":true}]}}