{"id":17770,"date":"1985-07-01T17:16:47","date_gmt":"1985-07-01T16:16:47","guid":{"rendered":"http:\/\/www.libraria-occitana.org\/all-products\/lo-leberaubre-n13?lang=en"},"modified":"2026-04-13T02:37:02","modified_gmt":"2026-04-13T00:37:02","slug":"lo-leberaubre-n13","status":"publish","type":"product","link":"https:\/\/www.libraria-occitana.org\/en\/product\/lo-leberaubre-n13\/","title":{"rendered":"Lo Leberaubre N\u00b013"},"content":{"rendered":"<p>\u00ab\u00a0Per balhar de las rai\u00e7 au leberon e far corre l&#8217;aubre la nuech\u00a0\u00bb<\/p>\n<p>Revue de litt\u00e9rature occitane c\u00e9l\u00e9brant les noces du mythe et de l&#8217;absurde au chevet d&#8217;une bonne fontaine sans d\u00e9dicace. Vit le jour en 1975.<\/p>\n<p><strong>Taula :<\/strong><br \/>\n&#8211; Jan-Glaudi Rolet :<br \/>\nLa fin<br \/>\n&#8211; Jan dau Melhau :<br \/>\nLas ombras<br \/>\n&#8211; Jan-Glaudi Rolet :<br \/>\nAbagland<br \/>\n&#8211; Anna Gautier :<br \/>\nPortas pas pena<br \/>\n&#8211; Jan dau melhau :<br \/>\nPitas fabulas dau temps que cor<br \/>\n&#8211; Bernat combi :<br \/>\nAu mai prund de la pel dau jan l&#8217;ivern<br \/>\n&#8211; Claudi-Franc\u00e8s Rossa :<br \/>\nGasconha, mon pa\u00eds<br \/>\n&#8211; Jan-Marc Simeonin :<br \/>\nLa permenada d&#8217;un brave auseu de campanha<br \/>\n&#8211; Micheu Chapduelh :<br \/>\nUn temps per viure : Serva<br \/>\n&#8211; Marcela Delpastre :<br \/>\nParaulas per questa terra (qualques poemas)<br \/>\n&#8211; Bernat Crot\u00f3s de la Gormela :<br \/>\nLo vinagre<br \/>\n&#8211; Marcela Delpastre :<br \/>\nLo libre de las erbas e daus aubres (sega : la peselalha)<\/p>\n","protected":false},"excerpt":{"rendered":"<p>\u00ab\u00a0Per balhar de las rai\u00e7 au leberon e far corre l&#8217;aubre la nuech\u00a0\u00bb Revue de litt\u00e9rature occitane c\u00e9l\u00e9brant les noces du mythe et de l&#8217;absurde au chevet d&#8217;une bonne fontaine sans d\u00e9dicace. Vit le jour en 1975. Taula : &#8211; Jan-Glaudi Rolet : La fin &#8211; Jan dau Melhau : Las ombras &#8211; Jan-Glaudi Rolet [&hellip;]<\/p>\n","protected":false},"featured_media":17771,"template":"","meta":{"_acf_changed":false,"_genesis_hide_title":false,"_genesis_hide_breadcrumbs":false,"_genesis_hide_singular_image":false,"_genesis_hide_footer_widgets":false,"_genesis_custom_body_class":"","_genesis_custom_post_class":"","_genesis_layout":""},"product_brand":[],"product_cat":[7132,7174],"product_tag":[],"class_list":{"0":"post-17770","1":"product","2":"type-product","3":"status-publish","4":"has-post-thumbnail","6":"product_cat-books","7":"product_cat-literature-en","8":"pa_auteur-collectiu-en-2","9":"pa_editeur-literatura-e-cultura-populara-lemosinas-en","10":"pa_langue-occitan-en","11":"pa_langue-occitan-lemosin-en","12":"entry","14":"first","15":"outofstock","16":"shipping-taxable","17":"purchasable","18":"product-type-simple"},"acf":[],"_links":{"self":[{"href":"https:\/\/www.libraria-occitana.org\/en\/wp-json\/wp\/v2\/product\/17770","targetHints":{"allow":["GET"]}}],"collection":[{"href":"https:\/\/www.libraria-occitana.org\/en\/wp-json\/wp\/v2\/product"}],"about":[{"href":"https:\/\/www.libraria-occitana.org\/en\/wp-json\/wp\/v2\/types\/product"}],"wp:featuredmedia":[{"embeddable":true,"href":"https:\/\/www.libraria-occitana.org\/en\/wp-json\/wp\/v2\/media\/17771"}],"wp:attachment":[{"href":"https:\/\/www.libraria-occitana.org\/en\/wp-json\/wp\/v2\/media?parent=17770"}],"wp:term":[{"taxonomy":"product_brand","embeddable":true,"href":"https:\/\/www.libraria-occitana.org\/en\/wp-json\/wp\/v2\/product_brand?post=17770"},{"taxonomy":"product_cat","embeddable":true,"href":"https:\/\/www.libraria-occitana.org\/en\/wp-json\/wp\/v2\/product_cat?post=17770"},{"taxonomy":"product_tag","embeddable":true,"href":"https:\/\/www.libraria-occitana.org\/en\/wp-json\/wp\/v2\/product_tag?post=17770"}],"curies":[{"name":"wp","href":"https:\/\/api.w.org\/{rel}","templated":true}]}}