{"id":17776,"date":"1985-04-01T18:27:22","date_gmt":"1985-04-01T16:27:22","guid":{"rendered":"http:\/\/www.libraria-occitana.org\/all-products\/contes-des-monedieres-lemouzi-n94?lang=en"},"modified":"2026-04-29T03:31:10","modified_gmt":"2026-04-29T01:31:10","slug":"contes-des-monedieres-lemouzi-n94","status":"publish","type":"product","link":"https:\/\/www.libraria-occitana.org\/en\/product\/contes-des-monedieres-lemouzi-n94\/","title":{"rendered":"Contes des Mon\u00e9di\u00e8res \/ Lemouzi N\u00b094"},"content":{"rendered":"<p><strong>[oc]<\/strong><br \/>\nContes meravelhos, contes d&#8217;animaus, contes coquins, conte per comptar&#8230;<\/p>\n<p><strong>[fr]<\/strong><br \/>\nContes merveilleux, contes d&#8217;animaux, contes fac\u00e9tieux, conte \u00e9num\u00e9ratif&#8230;<\/p>\n<p>Ce ne sont pas l\u00e0 tous les contes des Mon\u00e9di\u00e8res, c&#8217;en est un petit nombre, seulement, rest\u00e9s dans quelques m\u00e9moires, et recueillis au cours des ans par Antoinette Cougnoux.<\/p>\n<p>Ce sont les contes de ses deux grands-p\u00e8res qui \u00e9taient des conteurs de talent, de Marie Faugeras, sa cousine ; le conte du bon menuisier et celui de l&#8217;homme qui donna son fils au diable sont d&#8217;Antonin Dubayle, de sa femme, la Marie, les contes de Cendrillon, du Petit et de la Petite ; la voisine Maria Chazalviel racontait le loup des Mon\u00e9di\u00e8res, et le crapaud des Trois-Planchous&#8230;<\/p>\n","protected":false},"excerpt":{"rendered":"<p>[oc] Contes meravelhos, contes d&#8217;animaus, contes coquins, conte per comptar&#8230; [fr] Contes merveilleux, contes d&#8217;animaux, contes fac\u00e9tieux, conte \u00e9num\u00e9ratif&#8230; Ce ne sont pas l\u00e0 tous les contes des Mon\u00e9di\u00e8res, c&#8217;en est un petit nombre, seulement, rest\u00e9s dans quelques m\u00e9moires, et recueillis au cours des ans par Antoinette Cougnoux. Ce sont les contes de ses deux [&hellip;]<\/p>\n","protected":false},"featured_media":17777,"template":"","meta":{"_acf_changed":false,"_genesis_hide_title":false,"_genesis_hide_breadcrumbs":false,"_genesis_hide_singular_image":false,"_genesis_hide_footer_widgets":false,"_genesis_custom_body_class":"","_genesis_custom_post_class":"","_genesis_layout":""},"product_brand":[],"product_cat":[7132,7174,7176],"product_tag":[],"class_list":{"0":"post-17776","1":"product","2":"type-product","3":"status-publish","4":"has-post-thumbnail","6":"product_cat-books","7":"product_cat-literature-en","8":"product_cat-tales-fables-en","9":"pa_auteur-cougnoux-antoinette-en","10":"pa_editeur-lemouzi-en","11":"pa_illustrateur-cougnoux-charles-en","12":"pa_langue-occitan-lemosin-en","13":"pa_langue-occitan-francais-en","14":"entry","16":"first","17":"instock","18":"shipping-taxable","19":"purchasable","20":"product-type-simple"},"acf":[],"_links":{"self":[{"href":"https:\/\/www.libraria-occitana.org\/en\/wp-json\/wp\/v2\/product\/17776","targetHints":{"allow":["GET"]}}],"collection":[{"href":"https:\/\/www.libraria-occitana.org\/en\/wp-json\/wp\/v2\/product"}],"about":[{"href":"https:\/\/www.libraria-occitana.org\/en\/wp-json\/wp\/v2\/types\/product"}],"wp:featuredmedia":[{"embeddable":true,"href":"https:\/\/www.libraria-occitana.org\/en\/wp-json\/wp\/v2\/media\/17777"}],"wp:attachment":[{"href":"https:\/\/www.libraria-occitana.org\/en\/wp-json\/wp\/v2\/media?parent=17776"}],"wp:term":[{"taxonomy":"product_brand","embeddable":true,"href":"https:\/\/www.libraria-occitana.org\/en\/wp-json\/wp\/v2\/product_brand?post=17776"},{"taxonomy":"product_cat","embeddable":true,"href":"https:\/\/www.libraria-occitana.org\/en\/wp-json\/wp\/v2\/product_cat?post=17776"},{"taxonomy":"product_tag","embeddable":true,"href":"https:\/\/www.libraria-occitana.org\/en\/wp-json\/wp\/v2\/product_tag?post=17776"}],"curies":[{"name":"wp","href":"https:\/\/api.w.org\/{rel}","templated":true}]}}