{"id":17793,"date":"1984-05-01T16:57:57","date_gmt":"1984-05-01T15:57:57","guid":{"rendered":"http:\/\/www.libraria-occitana.org\/all-products\/lo-leberaubre-n12?lang=en"},"modified":"2026-04-13T02:36:58","modified_gmt":"2026-04-13T00:36:58","slug":"lo-leberaubre-n12","status":"publish","type":"product","link":"https:\/\/www.libraria-occitana.org\/en\/product\/lo-leberaubre-n12\/","title":{"rendered":"Lo Leberaubre N\u00b012"},"content":{"rendered":"<p>\u00ab\u00a0Per balhar de las rai\u00e7 au leberon e far corre l&#8217;aubre la nuech\u00a0\u00bb<\/p>\n<p>Revue de litt\u00e9rature occitane c\u00e9l\u00e9brant les noces du mythe et de l&#8217;absurde au chevet d&#8217;une bonne fontaine sans d\u00e9dicace. Vit le jour en 1975.<\/p>\n<p><strong>Taula :<\/strong><br \/>\n&#8211; Marcela Delpastre :<br \/>\nPoemas :<br \/>\n. Lo frair<br \/>\n. Terra<br \/>\n. La poussiera<br \/>\n. Los sabents<br \/>\n. La vilassa<br \/>\n. Lo trabalh<br \/>\n. Lo chant de la terra<br \/>\n&#8211; Joan-Claudi Serras :<br \/>\nLo manuscrich<br \/>\n&#8211; Micheu Chapduelh :<br \/>\nUn temps per viure : Libertat<br \/>\n&#8211; Bernat Crot\u00f3s de la Gormela :<br \/>\nEvangeli segon Sant-Robinson<br \/>\n&#8211; Joan-Claudi Serras :<br \/>\nLa Felia<br \/>\n&#8211; Jan dau Melhau :<br \/>\nPitas paraulas dau temps que cor<br \/>\n&#8211; Micheu Chapduelh :<br \/>\nUn temps per viure : Escriure<br \/>\n&#8211; Patric Coudre :<br \/>\n80 ans d&#8217;exilh<br \/>\n&#8211; F. Bosqui :<br \/>\nPoemas<br \/>\n&#8211; Dorsier : Barralha a l&#8217;I.E.O. sus la creacion occitana<br \/>\n&#8211; Micheu Chapduelh :<br \/>\nCritica : M\u00f2ts de j\u00f2cs<br \/>\n&#8211; Catal\u00f2gue de n\u00f2stras edicions<\/p>\n","protected":false},"excerpt":{"rendered":"<p>\u00ab\u00a0Per balhar de las rai\u00e7 au leberon e far corre l&#8217;aubre la nuech\u00a0\u00bb Revue de litt\u00e9rature occitane c\u00e9l\u00e9brant les noces du mythe et de l&#8217;absurde au chevet d&#8217;une bonne fontaine sans d\u00e9dicace. Vit le jour en 1975. Taula : &#8211; Marcela Delpastre : Poemas : . Lo frair . Terra . La poussiera . Los [&hellip;]<\/p>\n","protected":false},"featured_media":17794,"template":"","meta":{"_acf_changed":false,"_genesis_hide_title":false,"_genesis_hide_breadcrumbs":false,"_genesis_hide_singular_image":false,"_genesis_hide_footer_widgets":false,"_genesis_custom_body_class":"","_genesis_custom_post_class":"","_genesis_layout":""},"product_brand":[],"product_cat":[7132,7174],"product_tag":[],"class_list":{"0":"post-17793","1":"product","2":"type-product","3":"status-publish","4":"has-post-thumbnail","6":"product_cat-books","7":"product_cat-literature-en","8":"pa_auteur-collectiu-en-2","9":"pa_editeur-literatura-e-cultura-populara-lemosinas-en","10":"pa_langue-occitan-en","11":"pa_langue-occitan-lemosin-en","12":"entry","14":"first","15":"outofstock","16":"shipping-taxable","17":"purchasable","18":"product-type-simple"},"acf":[],"_links":{"self":[{"href":"https:\/\/www.libraria-occitana.org\/en\/wp-json\/wp\/v2\/product\/17793","targetHints":{"allow":["GET"]}}],"collection":[{"href":"https:\/\/www.libraria-occitana.org\/en\/wp-json\/wp\/v2\/product"}],"about":[{"href":"https:\/\/www.libraria-occitana.org\/en\/wp-json\/wp\/v2\/types\/product"}],"wp:featuredmedia":[{"embeddable":true,"href":"https:\/\/www.libraria-occitana.org\/en\/wp-json\/wp\/v2\/media\/17794"}],"wp:attachment":[{"href":"https:\/\/www.libraria-occitana.org\/en\/wp-json\/wp\/v2\/media?parent=17793"}],"wp:term":[{"taxonomy":"product_brand","embeddable":true,"href":"https:\/\/www.libraria-occitana.org\/en\/wp-json\/wp\/v2\/product_brand?post=17793"},{"taxonomy":"product_cat","embeddable":true,"href":"https:\/\/www.libraria-occitana.org\/en\/wp-json\/wp\/v2\/product_cat?post=17793"},{"taxonomy":"product_tag","embeddable":true,"href":"https:\/\/www.libraria-occitana.org\/en\/wp-json\/wp\/v2\/product_tag?post=17793"}],"curies":[{"name":"wp","href":"https:\/\/api.w.org\/{rel}","templated":true}]}}