{"id":17815,"date":"1988-01-01T14:05:18","date_gmt":"1988-01-01T13:05:18","guid":{"rendered":"http:\/\/www.libraria-occitana.org\/all-products\/lavertujon-en-chancon?lang=en"},"modified":"2026-04-29T04:06:41","modified_gmt":"2026-04-29T02:06:41","slug":"lavertujon-en-chancon","status":"publish","type":"product","link":"https:\/\/www.libraria-occitana.org\/en\/product\/lavertujon-en-chancon\/","title":{"rendered":"Lavertujon en chan\u00e7on"},"content":{"rendered":"<p>L&#8217;histoire et les chansons engag\u00e9es de ce Limousin \u00e0 la carri\u00e8re journalistico-politique du d\u00e9but du si\u00e8cle.<\/p>\n<p>Notation musicale : Fran\u00e7oise \u00c9tay.<\/p>\n","protected":false},"excerpt":{"rendered":"<p>L&#8217;histoire et les chansons engag\u00e9es de ce Limousin \u00e0 la carri\u00e8re journalistico-politique du d\u00e9but du si\u00e8cle. Notation musicale : Fran\u00e7oise \u00c9tay.<\/p>\n","protected":false},"featured_media":17816,"template":"","meta":{"_acf_changed":false,"_genesis_hide_title":false,"_genesis_hide_breadcrumbs":false,"_genesis_hide_singular_image":false,"_genesis_hide_footer_widgets":false,"_genesis_custom_body_class":"","_genesis_custom_post_class":"","_genesis_layout":""},"product_brand":[],"product_cat":[7132,7190,7192],"product_tag":[],"class_list":{"0":"post-17815","1":"product","2":"type-product","3":"status-publish","4":"has-post-thumbnail","6":"product_cat-books","7":"product_cat-music-dances-en","8":"product_cat-scores-lyrics-en","9":"pa_auteur-melhau-jan-dau-fr-en","10":"pa_editeur-lo-chamin-de-sent-jaume-en","11":"pa_langue-occitan-lemosin-en","12":"pa_langue-occitan-francais-en","13":"entry","15":"first","16":"instock","17":"shipping-taxable","18":"purchasable","19":"product-type-simple"},"acf":[],"_links":{"self":[{"href":"https:\/\/www.libraria-occitana.org\/en\/wp-json\/wp\/v2\/product\/17815","targetHints":{"allow":["GET"]}}],"collection":[{"href":"https:\/\/www.libraria-occitana.org\/en\/wp-json\/wp\/v2\/product"}],"about":[{"href":"https:\/\/www.libraria-occitana.org\/en\/wp-json\/wp\/v2\/types\/product"}],"wp:featuredmedia":[{"embeddable":true,"href":"https:\/\/www.libraria-occitana.org\/en\/wp-json\/wp\/v2\/media\/17816"}],"wp:attachment":[{"href":"https:\/\/www.libraria-occitana.org\/en\/wp-json\/wp\/v2\/media?parent=17815"}],"wp:term":[{"taxonomy":"product_brand","embeddable":true,"href":"https:\/\/www.libraria-occitana.org\/en\/wp-json\/wp\/v2\/product_brand?post=17815"},{"taxonomy":"product_cat","embeddable":true,"href":"https:\/\/www.libraria-occitana.org\/en\/wp-json\/wp\/v2\/product_cat?post=17815"},{"taxonomy":"product_tag","embeddable":true,"href":"https:\/\/www.libraria-occitana.org\/en\/wp-json\/wp\/v2\/product_tag?post=17815"}],"curies":[{"name":"wp","href":"https:\/\/api.w.org\/{rel}","templated":true}]}}