{"id":17827,"date":"1987-01-01T10:53:03","date_gmt":"1987-01-01T09:53:03","guid":{"rendered":"http:\/\/www.libraria-occitana.org\/all-products\/flors?lang=en"},"modified":"2026-04-29T03:41:32","modified_gmt":"2026-04-29T01:41:32","slug":"flors","status":"publish","type":"product","link":"https:\/\/www.libraria-occitana.org\/en\/product\/flors\/","title":{"rendered":"Flors"},"content":{"rendered":"<p>Jean-Claude Roulet nous livre ici sa flore personnelle, en 70 po\u00e8mes en prose (le 71e et ultime \u00e9tant une belle \u00e9num\u00e9ration, mani\u00e8re de gros et cetera), qui sont chacun une fleur de fantaisie, simplement cocasse ou franchement noire, de la fleur fofolle \u00e0 la fleur de sang.<\/p>\n<p>Avec 8 dessins de Jan-Marc Simeonin.<\/p>\n","protected":false},"excerpt":{"rendered":"<p>Jean-Claude Roulet nous livre ici sa flore personnelle, en 70 po\u00e8mes en prose (le 71e et ultime \u00e9tant une belle \u00e9num\u00e9ration, mani\u00e8re de gros et cetera), qui sont chacun une fleur de fantaisie, simplement cocasse ou franchement noire, de la fleur fofolle \u00e0 la fleur de sang. Avec 8 dessins de Jan-Marc Simeonin.<\/p>\n","protected":false},"featured_media":17828,"template":"","meta":{"_acf_changed":false,"_genesis_hide_title":false,"_genesis_hide_breadcrumbs":false,"_genesis_hide_singular_image":false,"_genesis_hide_footer_widgets":false,"_genesis_custom_body_class":"","_genesis_custom_post_class":"","_genesis_layout":""},"product_brand":[],"product_cat":[7132,7174,7180],"product_tag":[],"class_list":{"0":"post-17827","1":"product","2":"type-product","3":"status-publish","4":"has-post-thumbnail","6":"product_cat-books","7":"product_cat-literature-en","8":"product_cat-poetry-en","9":"pa_auteur-rolet-joan-glaudi-en","10":"pa_editeur-ieo-87-en","11":"pa_editeur-lo-chamin-de-sent-jaume-en","12":"pa_illustrateur-simeonin-jan-marc-en","13":"pa_langue-occitan-en","14":"pa_langue-occitan-lemosin-en","15":"entry","17":"first","18":"instock","19":"shipping-taxable","20":"purchasable","21":"product-type-simple"},"acf":[],"_links":{"self":[{"href":"https:\/\/www.libraria-occitana.org\/en\/wp-json\/wp\/v2\/product\/17827","targetHints":{"allow":["GET"]}}],"collection":[{"href":"https:\/\/www.libraria-occitana.org\/en\/wp-json\/wp\/v2\/product"}],"about":[{"href":"https:\/\/www.libraria-occitana.org\/en\/wp-json\/wp\/v2\/types\/product"}],"wp:featuredmedia":[{"embeddable":true,"href":"https:\/\/www.libraria-occitana.org\/en\/wp-json\/wp\/v2\/media\/17828"}],"wp:attachment":[{"href":"https:\/\/www.libraria-occitana.org\/en\/wp-json\/wp\/v2\/media?parent=17827"}],"wp:term":[{"taxonomy":"product_brand","embeddable":true,"href":"https:\/\/www.libraria-occitana.org\/en\/wp-json\/wp\/v2\/product_brand?post=17827"},{"taxonomy":"product_cat","embeddable":true,"href":"https:\/\/www.libraria-occitana.org\/en\/wp-json\/wp\/v2\/product_cat?post=17827"},{"taxonomy":"product_tag","embeddable":true,"href":"https:\/\/www.libraria-occitana.org\/en\/wp-json\/wp\/v2\/product_tag?post=17827"}],"curies":[{"name":"wp","href":"https:\/\/api.w.org\/{rel}","templated":true}]}}