{"id":17841,"date":"1992-05-01T17:27:25","date_gmt":"1992-05-01T16:27:25","guid":{"rendered":"http:\/\/www.libraria-occitana.org\/all-products\/lo-leberaubre-n19?lang=en"},"modified":"2026-04-25T04:31:57","modified_gmt":"2026-04-25T02:31:57","slug":"lo-leberaubre-n19","status":"publish","type":"product","link":"https:\/\/www.libraria-occitana.org\/en\/product\/lo-leberaubre-n19\/","title":{"rendered":"Lo Leberaubre N\u00b019"},"content":{"rendered":"<p>\u00ab\u00a0Per balhar de las rai\u00e7 au leberon e far corre l&#8217;aubre la nuech\u00a0\u00bb<\/p>\n<p>Revue de litt\u00e9rature occitane c\u00e9l\u00e9brant les noces du mythe et de l&#8217;absurde au chevet d&#8217;une bonne fontaine sans d\u00e9dicace. Vit le jour en 1975.<\/p>\n<p><strong>Taula :<\/strong><br \/>\n&#8211; Domenica Decamps :<br \/>\nLa r\u00f2da dau darrier arrodau<br \/>\nInfernala comedia<br \/>\n&#8211; Bernat Combi :<br \/>\nLa berlacha enclavada (fin)<br \/>\nNuech dau rel\u00f2tge vielh<br \/>\nJan-las-quatre femnassier ?<br \/>\nBocinon de vita dau Jan-las-quatre<br \/>\nTr\u00f2\u00e7 de vita de &#8216;quel grand flan-lamiran de Jan-las-quatre<br \/>\nN&#8217;autre tr\u00f2\u00e7 de vita de Bazanzeta<br \/>\nIvern 90<br \/>\n&#8211; Joan-Claudi Serr\u00e0s :<br \/>\nQuim\u00e8ra<br \/>\n&#8211; Micheu Chapduelh :<br \/>\nTapons<br \/>\nUn temps per viure : Pan<br \/>\nLa graula<br \/>\n&#8211; Gurtic de Bofanegra :<br \/>\nComa un chen que se vira per se nhacar la coa<br \/>\n&#8211; Marcela Delpastre :<br \/>\nParaulas per questa terra<br \/>\n&#8211; Jan dau Melhau :<br \/>\nJornau per lo temps<br \/>\nD&#8217;aucun avent e d&#8217;aucunas chalendas (1)<br \/>\n&#8211; Bernat Crotos de la Gormela :<br \/>\nPensadas<\/p>\n","protected":false},"excerpt":{"rendered":"<p>\u00ab\u00a0Per balhar de las rai\u00e7 au leberon e far corre l&#8217;aubre la nuech\u00a0\u00bb Revue de litt\u00e9rature occitane c\u00e9l\u00e9brant les noces du mythe et de l&#8217;absurde au chevet d&#8217;une bonne fontaine sans d\u00e9dicace. Vit le jour en 1975. Taula : &#8211; Domenica Decamps : La r\u00f2da dau darrier arrodau Infernala comedia &#8211; Bernat Combi : La [&hellip;]<\/p>\n","protected":false},"featured_media":17842,"template":"","meta":{"_acf_changed":false,"_genesis_hide_title":false,"_genesis_hide_breadcrumbs":false,"_genesis_hide_singular_image":false,"_genesis_hide_footer_widgets":false,"_genesis_custom_body_class":"","_genesis_custom_post_class":"","_genesis_layout":""},"product_brand":[],"product_cat":[7132,7174],"product_tag":[],"class_list":{"0":"post-17841","1":"product","2":"type-product","3":"status-publish","4":"has-post-thumbnail","6":"product_cat-books","7":"product_cat-literature-en","8":"pa_auteur-collectiu-en-2","9":"pa_editeur-literatura-e-cultura-populara-lemosinas-en","10":"pa_langue-occitan-en","11":"pa_langue-occitan-lemosin-en","12":"entry","14":"first","15":"outofstock","16":"shipping-taxable","17":"purchasable","18":"product-type-simple"},"acf":[],"_links":{"self":[{"href":"https:\/\/www.libraria-occitana.org\/en\/wp-json\/wp\/v2\/product\/17841","targetHints":{"allow":["GET"]}}],"collection":[{"href":"https:\/\/www.libraria-occitana.org\/en\/wp-json\/wp\/v2\/product"}],"about":[{"href":"https:\/\/www.libraria-occitana.org\/en\/wp-json\/wp\/v2\/types\/product"}],"wp:featuredmedia":[{"embeddable":true,"href":"https:\/\/www.libraria-occitana.org\/en\/wp-json\/wp\/v2\/media\/17842"}],"wp:attachment":[{"href":"https:\/\/www.libraria-occitana.org\/en\/wp-json\/wp\/v2\/media?parent=17841"}],"wp:term":[{"taxonomy":"product_brand","embeddable":true,"href":"https:\/\/www.libraria-occitana.org\/en\/wp-json\/wp\/v2\/product_brand?post=17841"},{"taxonomy":"product_cat","embeddable":true,"href":"https:\/\/www.libraria-occitana.org\/en\/wp-json\/wp\/v2\/product_cat?post=17841"},{"taxonomy":"product_tag","embeddable":true,"href":"https:\/\/www.libraria-occitana.org\/en\/wp-json\/wp\/v2\/product_tag?post=17841"}],"curies":[{"name":"wp","href":"https:\/\/api.w.org\/{rel}","templated":true}]}}