{"id":17869,"date":"1990-06-01T12:02:28","date_gmt":"1990-06-01T11:02:28","guid":{"rendered":"http:\/\/www.libraria-occitana.org\/all-products\/mysterieux-limoges-souterrain-lemouzi-n114-bis?lang=en"},"modified":"2026-04-25T04:41:47","modified_gmt":"2026-04-25T02:41:47","slug":"mysterieux-limoges-souterrain-lemouzi-n114-bis","status":"publish","type":"product","link":"https:\/\/www.libraria-occitana.org\/en\/product\/mysterieux-limoges-souterrain-lemouzi-n114-bis\/","title":{"rendered":"Myst\u00e9rieux Limoges souterrain \/ Lemouzi N\u00b0114 bis"},"content":{"rendered":"<p>Conscient de l&#8217;int\u00e9r\u00eat que pr\u00e9sentait ce patrimoine cach\u00e9, curieux, et menac\u00e9 de destruction, l&#8217;auteur a jug\u00e9 n\u00e9cessaire de le faire conna\u00eetre ; d&#8217;o\u00f9 ces quelques pages pour r\u00e9v\u00e9ler \u00e0 tous ceux qui s&#8217;int\u00e9ressent au patrimoine ce &#8230; &#8220;<em>Myst\u00e9rieux Limoges souterrain<\/em>&#8220;.<\/p>\n","protected":false},"excerpt":{"rendered":"<p>Conscient de l&#8217;int\u00e9r\u00eat que pr\u00e9sentait ce patrimoine cach\u00e9, curieux, et menac\u00e9 de destruction, l&#8217;auteur a jug\u00e9 n\u00e9cessaire de le faire conna\u00eetre ; d&#8217;o\u00f9 ces quelques pages pour r\u00e9v\u00e9ler \u00e0 tous ceux qui s&#8217;int\u00e9ressent au patrimoine ce &#8230; &#8220;Myst\u00e9rieux Limoges souterrain&#8220;.<\/p>\n","protected":false},"featured_media":17870,"template":"","meta":{"_acf_changed":false,"_genesis_hide_title":false,"_genesis_hide_breadcrumbs":false,"_genesis_hide_singular_image":false,"_genesis_hide_footer_widgets":false,"_genesis_custom_body_class":"","_genesis_custom_post_class":"","_genesis_layout":""},"product_brand":[],"product_cat":[7132,7198,7196],"product_tag":[],"class_list":{"0":"post-17869","1":"product","2":"type-product","3":"status-publish","4":"has-post-thumbnail","6":"product_cat-books","7":"product_cat-guides-tourism-en","8":"product_cat-nature-tourism-en","9":"pa_auteur-saumande-pierre-en","10":"pa_editeur-lemouzi-en","11":"pa_langue-francais-en","12":"entry","14":"first","15":"instock","16":"shipping-taxable","17":"purchasable","18":"product-type-simple"},"acf":[],"_links":{"self":[{"href":"https:\/\/www.libraria-occitana.org\/en\/wp-json\/wp\/v2\/product\/17869","targetHints":{"allow":["GET"]}}],"collection":[{"href":"https:\/\/www.libraria-occitana.org\/en\/wp-json\/wp\/v2\/product"}],"about":[{"href":"https:\/\/www.libraria-occitana.org\/en\/wp-json\/wp\/v2\/types\/product"}],"wp:featuredmedia":[{"embeddable":true,"href":"https:\/\/www.libraria-occitana.org\/en\/wp-json\/wp\/v2\/media\/17870"}],"wp:attachment":[{"href":"https:\/\/www.libraria-occitana.org\/en\/wp-json\/wp\/v2\/media?parent=17869"}],"wp:term":[{"taxonomy":"product_brand","embeddable":true,"href":"https:\/\/www.libraria-occitana.org\/en\/wp-json\/wp\/v2\/product_brand?post=17869"},{"taxonomy":"product_cat","embeddable":true,"href":"https:\/\/www.libraria-occitana.org\/en\/wp-json\/wp\/v2\/product_cat?post=17869"},{"taxonomy":"product_tag","embeddable":true,"href":"https:\/\/www.libraria-occitana.org\/en\/wp-json\/wp\/v2\/product_tag?post=17869"}],"curies":[{"name":"wp","href":"https:\/\/api.w.org\/{rel}","templated":true}]}}