{"id":17871,"date":"1990-05-01T17:31:26","date_gmt":"1990-05-01T16:31:26","guid":{"rendered":"http:\/\/www.libraria-occitana.org\/all-products\/lo-leberaubre-n17?lang=en"},"modified":"2026-04-25T04:31:52","modified_gmt":"2026-04-25T02:31:52","slug":"lo-leberaubre-n17","status":"publish","type":"product","link":"https:\/\/www.libraria-occitana.org\/en\/product\/lo-leberaubre-n17\/","title":{"rendered":"Lo Leberaubre N\u00b017"},"content":{"rendered":"<p>\u00ab\u00a0Per balhar de las rai\u00e7 au leberon e far corre l&#8217;aubre la nuech\u00a0\u00bb<\/p>\n<p>Revue de litt\u00e9rature occitane c\u00e9l\u00e9brant les noces du mythe et de l&#8217;absurde au chevet d&#8217;une bonne fontaine sans d\u00e9dicace. Vit le jour en 1975.<\/p>\n<p><strong>Taula :<\/strong><br \/>\n&#8211; Marcela Delpastre :<br \/>\nParaulas per questa terra (4) (poemas)<br \/>\n&#8211; Bernat Crot\u00f3s de la Gormela :<br \/>\nChadiera<br \/>\nEschala<br \/>\n&#8211; Bernat Combi :<br \/>\nL&#8217;essofle subrevist<br \/>\nBocins de la vita dau jan-las-quatre-sason<br \/>\n&#8211; Jan dau Melhau :<br \/>\nLa legenda dau chastenh<br \/>\nP&#8217;itas paraulas dau temps que cor<br \/>\n&#8211; J\u00f2rdi d&#8217;a Ri\u00f2ls :<br \/>\nFarja<br \/>\n&#8211; Micheu Chapduelh e Jacme Trigaut :<br \/>\nMinjar las flors<br \/>\n&#8211; Dominica Decamps :<br \/>\nSoca plata<\/p>\n","protected":false},"excerpt":{"rendered":"<p>\u00ab\u00a0Per balhar de las rai\u00e7 au leberon e far corre l&#8217;aubre la nuech\u00a0\u00bb Revue de litt\u00e9rature occitane c\u00e9l\u00e9brant les noces du mythe et de l&#8217;absurde au chevet d&#8217;une bonne fontaine sans d\u00e9dicace. Vit le jour en 1975. Taula : &#8211; Marcela Delpastre : Paraulas per questa terra (4) (poemas) &#8211; Bernat Crot\u00f3s de la Gormela [&hellip;]<\/p>\n","protected":false},"featured_media":17872,"template":"","meta":{"_acf_changed":false,"_genesis_hide_title":false,"_genesis_hide_breadcrumbs":false,"_genesis_hide_singular_image":false,"_genesis_hide_footer_widgets":false,"_genesis_custom_body_class":"","_genesis_custom_post_class":"","_genesis_layout":""},"product_brand":[],"product_cat":[7132,7174],"product_tag":[],"class_list":{"0":"post-17871","1":"product","2":"type-product","3":"status-publish","4":"has-post-thumbnail","6":"product_cat-books","7":"product_cat-literature-en","8":"pa_auteur-collectiu-en-2","9":"pa_editeur-literatura-e-cultura-populara-lemosinas-en","10":"pa_langue-occitan-en","11":"pa_langue-occitan-lemosin-en","12":"entry","14":"first","15":"outofstock","16":"shipping-taxable","17":"purchasable","18":"product-type-simple"},"acf":[],"_links":{"self":[{"href":"https:\/\/www.libraria-occitana.org\/en\/wp-json\/wp\/v2\/product\/17871","targetHints":{"allow":["GET"]}}],"collection":[{"href":"https:\/\/www.libraria-occitana.org\/en\/wp-json\/wp\/v2\/product"}],"about":[{"href":"https:\/\/www.libraria-occitana.org\/en\/wp-json\/wp\/v2\/types\/product"}],"wp:featuredmedia":[{"embeddable":true,"href":"https:\/\/www.libraria-occitana.org\/en\/wp-json\/wp\/v2\/media\/17872"}],"wp:attachment":[{"href":"https:\/\/www.libraria-occitana.org\/en\/wp-json\/wp\/v2\/media?parent=17871"}],"wp:term":[{"taxonomy":"product_brand","embeddable":true,"href":"https:\/\/www.libraria-occitana.org\/en\/wp-json\/wp\/v2\/product_brand?post=17871"},{"taxonomy":"product_cat","embeddable":true,"href":"https:\/\/www.libraria-occitana.org\/en\/wp-json\/wp\/v2\/product_cat?post=17871"},{"taxonomy":"product_tag","embeddable":true,"href":"https:\/\/www.libraria-occitana.org\/en\/wp-json\/wp\/v2\/product_tag?post=17871"}],"curies":[{"name":"wp","href":"https:\/\/api.w.org\/{rel}","templated":true}]}}