{"id":17887,"date":"1994-09-01T13:19:49","date_gmt":"1994-09-01T12:19:49","guid":{"rendered":"http:\/\/www.libraria-occitana.org\/all-products\/au-pays-des-feuillardiers?lang=en"},"modified":"2026-04-29T10:39:29","modified_gmt":"2026-04-29T08:39:29","slug":"au-pays-des-feuillardiers","status":"publish","type":"product","link":"https:\/\/www.libraria-occitana.org\/en\/product\/au-pays-des-feuillardiers\/","title":{"rendered":"Au pays des feuillardiers"},"content":{"rendered":"<p>Il est rare qu\u2019un pays soit d\u00e9sign\u00e9 par une activit\u00e9 humaine. Feuillardiers ? Le mot intrigue, incite \u00e0 la d\u00e9couverte. Il traduit une authenticit\u00e9, il \u00e9voque une facette de la culture occitane en Limousin.<\/p>\n<p>Voici un terroir, \u00e0 l\u2019ombre tamis\u00e9e de ses ch\u00e2taigneraies parcourues d\u2019eaux vives. Un pays avec ses villages, ses histoires, ses hommes.<\/p>\n","protected":false},"excerpt":{"rendered":"<p>Il est rare qu\u2019un pays soit d\u00e9sign\u00e9 par une activit\u00e9 humaine. Feuillardiers ? Le mot intrigue, incite \u00e0 la d\u00e9couverte. Il traduit une authenticit\u00e9, il \u00e9voque une facette de la culture occitane en Limousin. Voici un terroir, \u00e0 l\u2019ombre tamis\u00e9e de ses ch\u00e2taigneraies parcourues d\u2019eaux vives. Un pays avec ses villages, ses histoires, ses hommes.<\/p>\n","protected":false},"featured_media":17888,"template":"","meta":{"_acf_changed":false,"_genesis_hide_title":false,"_genesis_hide_breadcrumbs":false,"_genesis_hide_singular_image":false,"_genesis_hide_footer_widgets":false,"_genesis_custom_body_class":"","_genesis_custom_post_class":"","_genesis_layout":""},"product_brand":[],"product_cat":[7132,7212,7206],"product_tag":[],"class_list":{"0":"post-17887","1":"product","2":"type-product","3":"status-publish","4":"has-post-thumbnail","6":"product_cat-books","7":"product_cat-traditional-skills-savoirs-faire-en","8":"product_cat-traditions-heritage-en","9":"pa_auteur-capredon-enric-en","10":"pa_editeur-lostal-del-libre-en","11":"pa_langue-francais-en","12":"entry","14":"first","15":"instock","16":"shipping-taxable","17":"purchasable","18":"product-type-simple"},"acf":[],"_links":{"self":[{"href":"https:\/\/www.libraria-occitana.org\/en\/wp-json\/wp\/v2\/product\/17887","targetHints":{"allow":["GET"]}}],"collection":[{"href":"https:\/\/www.libraria-occitana.org\/en\/wp-json\/wp\/v2\/product"}],"about":[{"href":"https:\/\/www.libraria-occitana.org\/en\/wp-json\/wp\/v2\/types\/product"}],"wp:featuredmedia":[{"embeddable":true,"href":"https:\/\/www.libraria-occitana.org\/en\/wp-json\/wp\/v2\/media\/17888"}],"wp:attachment":[{"href":"https:\/\/www.libraria-occitana.org\/en\/wp-json\/wp\/v2\/media?parent=17887"}],"wp:term":[{"taxonomy":"product_brand","embeddable":true,"href":"https:\/\/www.libraria-occitana.org\/en\/wp-json\/wp\/v2\/product_brand?post=17887"},{"taxonomy":"product_cat","embeddable":true,"href":"https:\/\/www.libraria-occitana.org\/en\/wp-json\/wp\/v2\/product_cat?post=17887"},{"taxonomy":"product_tag","embeddable":true,"href":"https:\/\/www.libraria-occitana.org\/en\/wp-json\/wp\/v2\/product_tag?post=17887"}],"curies":[{"name":"wp","href":"https:\/\/api.w.org\/{rel}","templated":true}]}}