{"id":17901,"date":"2020-10-21T12:17:15","date_gmt":"2020-10-21T10:17:15","guid":{"rendered":"http:\/\/www.libraria-occitana.org\/all-products\/sorcellerie-magie-en-limousin-lemouzi-n129-bis?lang=en"},"modified":"2026-04-29T04:16:58","modified_gmt":"2026-04-29T02:16:58","slug":"sorcellerie-magie-en-limousin-lemouzi-n129-bis","status":"publish","type":"product","link":"https:\/\/www.libraria-occitana.org\/en\/product\/sorcellerie-magie-en-limousin-lemouzi-n129-bis\/","title":{"rendered":"Sorcellerie &#038; magie en Limousin"},"content":{"rendered":"<p>R\u00e9\u00e9dition du N\u00b0 129 bis de la revue.<\/p>\n<p><strong>Ensenhador &#8211; Table des mati\u00e8res :<\/strong><\/p>\n<p>I. &#8211; Los maujauvents. Les n\u00e9fastes<br \/>\nII. &#8211; Maujauvents, o sortiers ? N\u00e9fastes, ou sorciers ?<br \/>\nIII. &#8211; Sortiers ? Sorciers ?<br \/>\nIV. &#8211; Coma se&#8217;n defendre. Comment s&#8217;en d\u00e9fendre<br \/>\nV. &#8211; Las erbas, los aubres, las flors. Les herbes, les arbres, les fleurs<br \/>\nVI. &#8211; Los animaus. Les animaux<br \/>\nVII. &#8211; \u00c7\u00f2 que chaudria saber. Ce qu&#8217;il faudrait savoir<br \/>\nVIII. &#8211; Lo diable oc be. Le diable oui bien<br \/>\nIX. &#8211; Lo maridatge. Le mariage<br \/>\nX. &#8211; La naissen\u00e7a. La naissance<br \/>\nXI. &#8211; La m\u00f2rt. La mort<br \/>\nXII. &#8211; Las bonas fonts e l&#8217;aiga. Les bonnes fontaines et l&#8217;eau<br \/>\nXIII. &#8211; Lo temps e los jorns. Le temps et les jours<br \/>\nXIV. &#8211; L&#8217;autre poder. L&#8217;autre pouvoir<br \/>\nXV. &#8211; E vos, setz-vos sortiers ? Et vous, \u00eates-vous sorciers ?<br \/>\nXVI. &#8211; Lo fuec de la naissen\u00e7a a la m\u00f2rt. Le feu de la naissance \u00e0 la mort.<\/p>\n","protected":false},"excerpt":{"rendered":"<p>R\u00e9\u00e9dition du N\u00b0 129 bis de la revue. Ensenhador &#8211; Table des mati\u00e8res : I. &#8211; Los maujauvents. Les n\u00e9fastes II. &#8211; Maujauvents, o sortiers ? N\u00e9fastes, ou sorciers ? III. &#8211; Sortiers ? Sorciers ? IV. &#8211; Coma se&#8217;n defendre. Comment s&#8217;en d\u00e9fendre V. &#8211; Las erbas, los aubres, las flors. Les herbes, les [&hellip;]<\/p>\n","protected":false},"featured_media":52670,"template":"","meta":{"_acf_changed":false,"_genesis_hide_title":false,"_genesis_hide_breadcrumbs":false,"_genesis_hide_singular_image":false,"_genesis_hide_footer_widgets":false,"_genesis_custom_body_class":"","_genesis_custom_post_class":"","_genesis_layout":""},"product_brand":[],"product_cat":[7132,7208,7206],"product_tag":[],"class_list":{"0":"post-17901","1":"product","2":"type-product","3":"status-publish","4":"has-post-thumbnail","6":"product_cat-books","7":"product_cat-customs-rites-and-beliefs-en","8":"product_cat-traditions-heritage-en","9":"pa_auteur-delpastre-marcela-en","10":"pa_editeur-lemouzi-en","11":"pa_langue-occitan-lemosin-en","12":"pa_langue-occitan-francais-en","13":"entry","15":"first","16":"instock","17":"shipping-taxable","18":"purchasable","19":"product-type-simple"},"acf":[],"_links":{"self":[{"href":"https:\/\/www.libraria-occitana.org\/en\/wp-json\/wp\/v2\/product\/17901","targetHints":{"allow":["GET"]}}],"collection":[{"href":"https:\/\/www.libraria-occitana.org\/en\/wp-json\/wp\/v2\/product"}],"about":[{"href":"https:\/\/www.libraria-occitana.org\/en\/wp-json\/wp\/v2\/types\/product"}],"wp:featuredmedia":[{"embeddable":true,"href":"https:\/\/www.libraria-occitana.org\/en\/wp-json\/wp\/v2\/media\/52670"}],"wp:attachment":[{"href":"https:\/\/www.libraria-occitana.org\/en\/wp-json\/wp\/v2\/media?parent=17901"}],"wp:term":[{"taxonomy":"product_brand","embeddable":true,"href":"https:\/\/www.libraria-occitana.org\/en\/wp-json\/wp\/v2\/product_brand?post=17901"},{"taxonomy":"product_cat","embeddable":true,"href":"https:\/\/www.libraria-occitana.org\/en\/wp-json\/wp\/v2\/product_cat?post=17901"},{"taxonomy":"product_tag","embeddable":true,"href":"https:\/\/www.libraria-occitana.org\/en\/wp-json\/wp\/v2\/product_tag?post=17901"}],"curies":[{"name":"wp","href":"https:\/\/api.w.org\/{rel}","templated":true}]}}