{"id":17905,"date":"1994-02-01T10:50:47","date_gmt":"1994-02-01T09:50:47","guid":{"rendered":"http:\/\/www.libraria-occitana.org\/all-products\/cuisine-paysanne-en-perigord?lang=en"},"modified":"2026-04-17T22:31:19","modified_gmt":"2026-04-17T20:31:19","slug":"cuisine-paysanne-en-perigord","status":"publish","type":"product","link":"https:\/\/www.libraria-occitana.org\/en\/product\/cuisine-paysanne-en-perigord\/","title":{"rendered":"Cuisine paysanne en P\u00e9rigord"},"content":{"rendered":"<p>Non, la cuisine du P\u00e9rigord n\u2019est pas faite que de foie gras et de confits ! La vraie cuisine populaire n\u2019est ni trop riche, ni trop ch\u00e8re, ni d\u00e9voreuse de temps, mais elle donne une saveur inimitable aux choses les plus simples.<\/p>\n<p>Soupes, plats complets, ch\u00e2taignes, glanes saisonni\u00e8res\u2026 Autant de recettes de mets quotidiens \u00e0 d\u00e9couvrir. Voici la gastronomie au jour le jour, l\u2019authentique cuisine du P\u00e9rigord.<\/p>\n","protected":false},"excerpt":{"rendered":"<p>Non, la cuisine du P\u00e9rigord n\u2019est pas faite que de foie gras et de confits ! La vraie cuisine populaire n\u2019est ni trop riche, ni trop ch\u00e8re, ni d\u00e9voreuse de temps, mais elle donne une saveur inimitable aux choses les plus simples. Soupes, plats complets, ch\u00e2taignes, glanes saisonni\u00e8res\u2026 Autant de recettes de mets quotidiens \u00e0 [&hellip;]<\/p>\n","protected":false},"featured_media":17906,"template":"","meta":{"_acf_changed":false,"_genesis_hide_title":false,"_genesis_hide_breadcrumbs":false,"_genesis_hide_singular_image":false,"_genesis_hide_footer_widgets":false,"_genesis_custom_body_class":"","_genesis_custom_post_class":"","_genesis_layout":""},"product_brand":[],"product_cat":[7132,7210,7206],"product_tag":[],"class_list":{"0":"post-17905","1":"product","2":"type-product","3":"status-publish","4":"has-post-thumbnail","6":"product_cat-books","7":"product_cat-cooking-cuisine-en","8":"product_cat-traditions-heritage-en","9":"pa_auteur-chapduelh-micheu-en","10":"pa_editeur-lostal-del-libre-en","11":"pa_langue-francais-en","12":"entry","14":"first","15":"instock","16":"shipping-taxable","17":"purchasable","18":"product-type-simple"},"acf":[],"_links":{"self":[{"href":"https:\/\/www.libraria-occitana.org\/en\/wp-json\/wp\/v2\/product\/17905","targetHints":{"allow":["GET"]}}],"collection":[{"href":"https:\/\/www.libraria-occitana.org\/en\/wp-json\/wp\/v2\/product"}],"about":[{"href":"https:\/\/www.libraria-occitana.org\/en\/wp-json\/wp\/v2\/types\/product"}],"wp:featuredmedia":[{"embeddable":true,"href":"https:\/\/www.libraria-occitana.org\/en\/wp-json\/wp\/v2\/media\/17906"}],"wp:attachment":[{"href":"https:\/\/www.libraria-occitana.org\/en\/wp-json\/wp\/v2\/media?parent=17905"}],"wp:term":[{"taxonomy":"product_brand","embeddable":true,"href":"https:\/\/www.libraria-occitana.org\/en\/wp-json\/wp\/v2\/product_brand?post=17905"},{"taxonomy":"product_cat","embeddable":true,"href":"https:\/\/www.libraria-occitana.org\/en\/wp-json\/wp\/v2\/product_cat?post=17905"},{"taxonomy":"product_tag","embeddable":true,"href":"https:\/\/www.libraria-occitana.org\/en\/wp-json\/wp\/v2\/product_tag?post=17905"}],"curies":[{"name":"wp","href":"https:\/\/api.w.org\/{rel}","templated":true}]}}