{"id":17921,"date":"2019-07-01T18:09:59","date_gmt":"2019-07-01T16:09:59","guid":{"rendered":"http:\/\/www.libraria-occitana.org\/all-products\/33-chants-populaires-du-languedoc?lang=en"},"modified":"2026-04-20T22:21:42","modified_gmt":"2026-04-20T20:21:42","slug":"33-chants-populaires-du-languedoc","status":"publish","type":"product","link":"https:\/\/www.libraria-occitana.org\/en\/product\/33-chants-populaires-du-languedoc\/","title":{"rendered":"33 chants populaires du Languedoc"},"content":{"rendered":"<p>Ce petit recueil de chants tir\u00e9s de deux recueils anciens, \u00e9dit\u00e9s en 1935 et 1945, m\u00eale des chansons traditionnelles (<em>Se canta<\/em>, <em>Lo boi\u00e8r<\/em>) et des chansons de cr\u00e9ation r\u00e9cente en langue d&#8217;oc comme la <em>\u00ab Tolosena \u00bb<\/em>, la <em>\u00ab <\/em><em>Montalbanesa \u00bb<\/em>, la <em>\u00ab <\/em><em>Carcassonesa \u00bb<\/em>\u00a0ou encore le superbe hymne ari\u00e9geois <em>\u00ab <\/em><em>Ari\u00e8ja, \u00f2 mon pa\u00eds \u00bb<\/em>.<\/p>\n<p>En tout 33 chansons plus ou moins c\u00e9l\u00e8bres, pour le plaisir de tous et pour faire retentir la langue occitane dans les veill\u00e9es, dans les f\u00eates, un peu partout.<\/p>\n","protected":false},"excerpt":{"rendered":"<p>Ce petit recueil de chants tir\u00e9s de deux recueils anciens, \u00e9dit\u00e9s en 1935 et 1945, m\u00eale des chansons traditionnelles (Se canta, Lo boi\u00e8r) et des chansons de cr\u00e9ation r\u00e9cente en langue d&#8217;oc comme la \u00ab Tolosena \u00bb, la \u00ab Montalbanesa \u00bb, la \u00ab Carcassonesa \u00bb\u00a0ou encore le superbe hymne ari\u00e9geois \u00ab Ari\u00e8ja, \u00f2 mon pa\u00eds [&hellip;]<\/p>\n","protected":false},"featured_media":45488,"template":"","meta":{"_acf_changed":false,"_genesis_hide_title":false,"_genesis_hide_breadcrumbs":false,"_genesis_hide_singular_image":false,"_genesis_hide_footer_widgets":false,"_genesis_custom_body_class":"","_genesis_custom_post_class":"","_genesis_layout":""},"product_brand":[],"product_cat":[7132,7190,7192],"product_tag":[],"class_list":{"0":"post-17921","1":"product","2":"type-product","3":"status-publish","4":"has-post-thumbnail","6":"product_cat-books","7":"product_cat-music-dances-en","8":"product_cat-scores-lyrics-en","9":"pa_editeur-editions-des-regionalismes-en","10":"pa_langue-occitan-lengadocian-en","11":"pa_langue-occitan-francais-en","12":"entry","14":"first","15":"instock","16":"shipping-taxable","17":"purchasable","18":"product-type-simple"},"acf":[],"_links":{"self":[{"href":"https:\/\/www.libraria-occitana.org\/en\/wp-json\/wp\/v2\/product\/17921","targetHints":{"allow":["GET"]}}],"collection":[{"href":"https:\/\/www.libraria-occitana.org\/en\/wp-json\/wp\/v2\/product"}],"about":[{"href":"https:\/\/www.libraria-occitana.org\/en\/wp-json\/wp\/v2\/types\/product"}],"wp:featuredmedia":[{"embeddable":true,"href":"https:\/\/www.libraria-occitana.org\/en\/wp-json\/wp\/v2\/media\/45488"}],"wp:attachment":[{"href":"https:\/\/www.libraria-occitana.org\/en\/wp-json\/wp\/v2\/media?parent=17921"}],"wp:term":[{"taxonomy":"product_brand","embeddable":true,"href":"https:\/\/www.libraria-occitana.org\/en\/wp-json\/wp\/v2\/product_brand?post=17921"},{"taxonomy":"product_cat","embeddable":true,"href":"https:\/\/www.libraria-occitana.org\/en\/wp-json\/wp\/v2\/product_cat?post=17921"},{"taxonomy":"product_tag","embeddable":true,"href":"https:\/\/www.libraria-occitana.org\/en\/wp-json\/wp\/v2\/product_tag?post=17921"}],"curies":[{"name":"wp","href":"https:\/\/api.w.org\/{rel}","templated":true}]}}