{"id":17923,"date":"2019-02-01T17:31:05","date_gmt":"2019-02-01T16:31:05","guid":{"rendered":"http:\/\/www.libraria-occitana.org\/all-products\/22-chants-traditionnels-gascons?lang=en"},"modified":"2026-04-29T10:31:30","modified_gmt":"2026-04-29T08:31:30","slug":"22-chants-traditionnels-gascons","status":"publish","type":"product","link":"https:\/\/www.libraria-occitana.org\/en\/product\/22-chants-traditionnels-gascons\/","title":{"rendered":"22 chants traditionnels gascons"},"content":{"rendered":"<p>Ce petit recueil de chants traditionnels, s&#8217;il peut int\u00e9resser quiconque d\u00e9sire chanter ou avoir un aper\u00e7u du patrimoine musical gascon, est tout particuli\u00e8rement destin\u00e9 aux enseignants \u00e0 la recherche de r\u00e9pertoire de chansons traditionnelles de Gascogne pour les enfants.<\/p>\n<p>Afin d&#8217;\u00e9viter les difficult\u00e9s de langue, le texte gascon est pr\u00e9sent\u00e9 en graphie classique et en graphie \u00ab phon\u00e9tique \u00bb adapt\u00e9e de l&#8217;orthographe fran\u00e7aise.<\/p>\n","protected":false},"excerpt":{"rendered":"<p>Ce petit recueil de chants traditionnels, s&#8217;il peut int\u00e9resser quiconque d\u00e9sire chanter ou avoir un aper\u00e7u du patrimoine musical gascon, est tout particuli\u00e8rement destin\u00e9 aux enseignants \u00e0 la recherche de r\u00e9pertoire de chansons traditionnelles de Gascogne pour les enfants. Afin d&#8217;\u00e9viter les difficult\u00e9s de langue, le texte gascon est pr\u00e9sent\u00e9 en graphie classique et en [&hellip;]<\/p>\n","protected":false},"featured_media":45493,"template":"","meta":{"_acf_changed":false,"_genesis_hide_title":false,"_genesis_hide_breadcrumbs":false,"_genesis_hide_singular_image":false,"_genesis_hide_footer_widgets":false,"_genesis_custom_body_class":"","_genesis_custom_post_class":"","_genesis_layout":""},"product_brand":[],"product_cat":[7132,7190,7192],"product_tag":[],"class_list":{"0":"post-17923","1":"product","2":"type-product","3":"status-publish","4":"has-post-thumbnail","6":"product_cat-books","7":"product_cat-music-dances-en","8":"product_cat-scores-lyrics-en","9":"pa_auteur-marliangeas-henri-en","10":"pa_editeur-editions-des-regionalismes-en","11":"pa_langue-occitan-gascon-en","12":"pa_langue-occitan-francais-en","13":"entry","15":"first","16":"instock","17":"shipping-taxable","18":"purchasable","19":"product-type-simple"},"acf":[],"_links":{"self":[{"href":"https:\/\/www.libraria-occitana.org\/en\/wp-json\/wp\/v2\/product\/17923","targetHints":{"allow":["GET"]}}],"collection":[{"href":"https:\/\/www.libraria-occitana.org\/en\/wp-json\/wp\/v2\/product"}],"about":[{"href":"https:\/\/www.libraria-occitana.org\/en\/wp-json\/wp\/v2\/types\/product"}],"wp:featuredmedia":[{"embeddable":true,"href":"https:\/\/www.libraria-occitana.org\/en\/wp-json\/wp\/v2\/media\/45493"}],"wp:attachment":[{"href":"https:\/\/www.libraria-occitana.org\/en\/wp-json\/wp\/v2\/media?parent=17923"}],"wp:term":[{"taxonomy":"product_brand","embeddable":true,"href":"https:\/\/www.libraria-occitana.org\/en\/wp-json\/wp\/v2\/product_brand?post=17923"},{"taxonomy":"product_cat","embeddable":true,"href":"https:\/\/www.libraria-occitana.org\/en\/wp-json\/wp\/v2\/product_cat?post=17923"},{"taxonomy":"product_tag","embeddable":true,"href":"https:\/\/www.libraria-occitana.org\/en\/wp-json\/wp\/v2\/product_tag?post=17923"}],"curies":[{"name":"wp","href":"https:\/\/api.w.org\/{rel}","templated":true}]}}