{"id":17929,"date":"1997-01-01T17:40:08","date_gmt":"1997-01-01T16:40:08","guid":{"rendered":"http:\/\/www.libraria-occitana.org\/all-products\/er-naveth-sauts-e-branlos-deth-biarn?lang=en"},"modified":"2026-04-29T02:36:26","modified_gmt":"2026-04-29T00:36:26","slug":"er-naveth-sauts-e-branlos-deth-biarn","status":"publish","type":"product","link":"https:\/\/www.libraria-occitana.org\/en\/product\/er-naveth-sauts-e-branlos-deth-biarn\/","title":{"rendered":"\u00c8r nav\u00e8th : Sauts e branlos deth Biarn"},"content":{"rendered":"<p><strong>Jacques Baudoin :<\/strong> Violon \u2013 Samponha<br \/>\n<strong>David Baudoin :<\/strong>\u00a0Accord\u00e9on diatonique<br \/>\n<strong>Tom\u00e0s Baudoin :<\/strong>\u00a0Fl\u00fbte &amp; Tambourin<br \/>\n<strong>Mat\u00e8u Baudoin :<\/strong>\u00a0Fl\u00fbte &amp; Tambourin<br \/>\n<strong>Jean-Claude Arroseres :<\/strong> Violon<\/p>\n<p><em>Petit anh\u00e8th<\/em> et <em>Mochico<\/em> interpr\u00e9t\u00e9s avec l\u2019aide de Be\u00f1at Etchebest, tabalari souletin.<\/p>\n<p>Chants interpr\u00e9t\u00e9s le groupe Balagu\u00e8ra.<\/p>\n<p><span style=\"font-size: 16px;\"><strong>[fr]<\/strong><br \/>\n\u201cEr Nav\u00e8th\u201d rassemble des Passa-carr\u00e8ras, des Branles et la majeure partie des \u00ab grands \u00bb Sauts (Monenh, Charmantina, Laborg\u2026) dans un disque compact qui restitue fid\u00e8lement notre pratique musicale, tr\u00e8s proche de la tradition.<\/span><\/p>\n<p>Au menu : fl\u00fbtes et tambourins, samponha (cornemuse polyphonique du B\u00e9arn), accord\u00e9ons diatoniques et violon.<\/p>\n<p><span style=\"font-size: 16px;\"><strong>[en]<\/strong><br \/>\n\u201cEr Nav\u00e8th\u201d\u00a0gathers passa-carr\u00e8ras, branles and the most part of the \u00ab great \u00bb \u201csauts b\u00e9arnais\u201d. The CD-ROM-part offers some facets of the B\u00e9arn, its instruments and dances (Bearn flutes and tambourines, violin, samponha and diatonic accordion).<\/span><\/p>\n<p><strong>Titres :<\/strong><br \/>\n1. Deus tr\u00e8its d\u2019ua bruneta 1\u201944\u2033<br \/>\n2. Mochico d\u2019Aspa 4\u201930\u2033<br \/>\n3. Broisheta 1\u201944\u2033<br \/>\n4. Petit anh\u00e8th 4\u201935\u2033<br \/>\n5. Gav\u00f2ta 1\u201948\u2033<br \/>\n6. Triste ei lo c\u00e8u 2\u201935\u2033<br \/>\n7. Laborg 4\u201909\u2033<br \/>\n8. Le long du rivage 2\u201909\u2033<br \/>\n9. A l\u2019entorn deu molin 2\u201929\u2033<br \/>\n10. Marin cong\u00f2 2\u201952\u2033<br \/>\n11. Au som de l\u2019estiv\u00e8ra 1\u201940\u2033<br \/>\n12. Colorina d\u2019arr\u00f2sa 3\u201919\u2033<br \/>\n13. La boulang\u00e8re 2\u201947\u2033<br \/>\n14. La damis\u00e8la deu borg nau 2\u201946\u2033<br \/>\n15. Ent\u2019on vas pastoroleta 5\u201901\u2033<br \/>\n16. Era craba 1\u201951\u2033<br \/>\n17. Monenh 4\u201937\u2033<br \/>\n18. Charmantina 2\u201935\u2033<br \/>\n19. Mochico 4\u201904\u2033<br \/>\n20. Dus 1\u201918\u2033<br \/>\n21. Montanhas sus montanhas 4\u201924\u2033<\/p>\n","protected":false},"excerpt":{"rendered":"<p>Jacques Baudoin : Violon \u2013 Samponha David Baudoin :\u00a0Accord\u00e9on diatonique Tom\u00e0s Baudoin :\u00a0Fl\u00fbte &amp; Tambourin Mat\u00e8u Baudoin :\u00a0Fl\u00fbte &amp; Tambourin Jean-Claude Arroseres : Violon Petit anh\u00e8th et Mochico interpr\u00e9t\u00e9s avec l\u2019aide de Be\u00f1at Etchebest, tabalari souletin. Chants interpr\u00e9t\u00e9s le groupe Balagu\u00e8ra. [fr] \u201cEr Nav\u00e8th\u201d rassemble des Passa-carr\u00e8ras, des Branles et la majeure partie des \u00ab [&hellip;]<\/p>\n","protected":false},"featured_media":17930,"template":"","meta":{"_acf_changed":false,"_genesis_hide_title":false,"_genesis_hide_breadcrumbs":false,"_genesis_hide_singular_image":false,"_genesis_hide_footer_widgets":false,"_genesis_custom_body_class":"","_genesis_custom_post_class":"","_genesis_layout":""},"product_brand":[],"product_cat":[7228,7216],"product_tag":[],"class_list":{"0":"post-17929","1":"product","2":"type-product","3":"status-publish","4":"has-post-thumbnail","6":"product_cat-modern-folk-en","7":"product_cat-music-en","8":"pa_auteur-adarron-en","9":"pa_editeur-adarron-fr-en","10":"pa_langue-occitan-en","11":"pa_langue-occitan-gascon-en","12":"entry","14":"first","15":"outofstock","16":"shipping-taxable","17":"purchasable","18":"product-type-simple"},"acf":[],"_links":{"self":[{"href":"https:\/\/www.libraria-occitana.org\/en\/wp-json\/wp\/v2\/product\/17929","targetHints":{"allow":["GET"]}}],"collection":[{"href":"https:\/\/www.libraria-occitana.org\/en\/wp-json\/wp\/v2\/product"}],"about":[{"href":"https:\/\/www.libraria-occitana.org\/en\/wp-json\/wp\/v2\/types\/product"}],"wp:featuredmedia":[{"embeddable":true,"href":"https:\/\/www.libraria-occitana.org\/en\/wp-json\/wp\/v2\/media\/17930"}],"wp:attachment":[{"href":"https:\/\/www.libraria-occitana.org\/en\/wp-json\/wp\/v2\/media?parent=17929"}],"wp:term":[{"taxonomy":"product_brand","embeddable":true,"href":"https:\/\/www.libraria-occitana.org\/en\/wp-json\/wp\/v2\/product_brand?post=17929"},{"taxonomy":"product_cat","embeddable":true,"href":"https:\/\/www.libraria-occitana.org\/en\/wp-json\/wp\/v2\/product_cat?post=17929"},{"taxonomy":"product_tag","embeddable":true,"href":"https:\/\/www.libraria-occitana.org\/en\/wp-json\/wp\/v2\/product_tag?post=17929"}],"curies":[{"name":"wp","href":"https:\/\/api.w.org\/{rel}","templated":true}]}}