{"id":17941,"date":"2025-11-28T11:40:11","date_gmt":"2025-11-28T10:40:11","guid":{"rendered":"http:\/\/www.libraria-occitana.org\/all-products\/las-vias-priondas-de-la-memoria?lang=en"},"modified":"2026-04-21T00:41:43","modified_gmt":"2026-04-20T22:41:43","slug":"las-vias-priondas-de-la-memoria","status":"publish","type":"product","link":"https:\/\/www.libraria-occitana.org\/en\/product\/las-vias-priondas-de-la-memoria\/","title":{"rendered":"Las vias priondas de la mem\u00f2ria (2e \u00e9dition)"},"content":{"rendered":"<p>Vous qui lirez <em>Las vias priondas de la mem\u00f2ria<\/em>, ne vous trompez pas de livre comme l&#8217;ont fait tant de gens dans sa langue de traduction. Ne le lisez pas comme un livre de plus sur le bon vieux temps qui nous est si plaisant \u00e0 pleurer. Lisez-le pour ce qu&#8217;il est, un grand livre tragique o\u00f9 les souvenirs se font m\u00e9moire, o\u00f9 la m\u00e9moire souvent marque ses pages de ce qu&#8217;elle trouve, la corde de quelque pendu. Et si \u00e0 certains moments \u2013 moi ne me quittera plus l&#8217;image de l&#8217;Anna du Larcy \u2013 vous sentez que vos larmes, ne leur suffit plus votre gorge, qu&#8217;elles soient de franc d\u00e9sespoir, allez ! non de petit regret. Mais ne vous inqui\u00e9tez pas, vous rirez aussi, entre pleur et rire se b\u00e2tit \u00ab le sentiment tragique de la vie \u00bb, et nous Limousins, nous de ces montagnes, nous d&#8217;Occitanie, nous savons plus que jamais ce que cela veut dire.<\/p>\n<p style=\"text-align: right;\">Jan dau Melhau<\/p>\n","protected":false},"excerpt":{"rendered":"<p>Vous qui lirez Las vias priondas de la mem\u00f2ria, ne vous trompez pas de livre comme l&#8217;ont fait tant de gens dans sa langue de traduction. Ne le lisez pas comme un livre de plus sur le bon vieux temps qui nous est si plaisant \u00e0 pleurer. Lisez-le pour ce qu&#8217;il est, un grand livre [&hellip;]<\/p>\n","protected":false},"featured_media":62836,"template":"","meta":{"_acf_changed":false,"_genesis_hide_title":false,"_genesis_hide_breadcrumbs":false,"_genesis_hide_singular_image":false,"_genesis_hide_footer_widgets":false,"_genesis_custom_body_class":"","_genesis_custom_post_class":"","_genesis_layout":""},"product_brand":[],"product_cat":[7132,7174,7186],"product_tag":[],"class_list":{"0":"post-17941","1":"product","2":"type-product","3":"status-publish","4":"has-post-thumbnail","6":"product_cat-books","7":"product_cat-literature-en","8":"product_cat-personal-narratives-memoirs-en","9":"pa_auteur-delpastre-marcela-en","10":"pa_editeur-lostal-del-libre-en","11":"pa_langue-occitan-en","12":"pa_langue-occitan-lemosin-en","13":"entry","15":"first","16":"instock","17":"featured","18":"shipping-taxable","19":"purchasable","20":"product-type-simple"},"acf":[],"_links":{"self":[{"href":"https:\/\/www.libraria-occitana.org\/en\/wp-json\/wp\/v2\/product\/17941","targetHints":{"allow":["GET"]}}],"collection":[{"href":"https:\/\/www.libraria-occitana.org\/en\/wp-json\/wp\/v2\/product"}],"about":[{"href":"https:\/\/www.libraria-occitana.org\/en\/wp-json\/wp\/v2\/types\/product"}],"wp:featuredmedia":[{"embeddable":true,"href":"https:\/\/www.libraria-occitana.org\/en\/wp-json\/wp\/v2\/media\/62836"}],"wp:attachment":[{"href":"https:\/\/www.libraria-occitana.org\/en\/wp-json\/wp\/v2\/media?parent=17941"}],"wp:term":[{"taxonomy":"product_brand","embeddable":true,"href":"https:\/\/www.libraria-occitana.org\/en\/wp-json\/wp\/v2\/product_brand?post=17941"},{"taxonomy":"product_cat","embeddable":true,"href":"https:\/\/www.libraria-occitana.org\/en\/wp-json\/wp\/v2\/product_cat?post=17941"},{"taxonomy":"product_tag","embeddable":true,"href":"https:\/\/www.libraria-occitana.org\/en\/wp-json\/wp\/v2\/product_tag?post=17941"}],"curies":[{"name":"wp","href":"https:\/\/api.w.org\/{rel}","templated":true}]}}