{"id":17945,"date":"1996-05-01T11:26:41","date_gmt":"1996-05-01T10:26:41","guid":{"rendered":"http:\/\/www.libraria-occitana.org\/all-products\/conilhs-que-pelons?lang=en"},"modified":"2026-04-29T03:41:23","modified_gmt":"2026-04-29T01:41:23","slug":"conilhs-que-pelons","status":"publish","type":"product","link":"https:\/\/www.libraria-occitana.org\/en\/product\/conilhs-que-pelons\/","title":{"rendered":"Conilhs que pelons"},"content":{"rendered":"<p>Quarante-deux quatrains disons &#8230; \u00e9rotiques, mais de belle et bonne sant\u00e9, pr\u00eatant plus \u00e0 franc rire qu&#8217;\u00e0 sournois attouchement. Avec quatre dessins fort chastes d&#8217;un anonyme de la fin du XXe si\u00e8cle ayant, le cher na\u00eff, vu lapins et bogues o\u00f9 mention en \u00e9tait faite. La couverture, sous son apparence de livre d&#8217;enfant, du nom des auteurs \u00e0 celui de l&#8217;\u00e9diteur et \u00e0 son adresse, en passant par le titre, affirme en tout cas clairement ses intentions qui sont toutes de lyrique c\u00e9l\u00e9bration.<\/p>\n","protected":false},"excerpt":{"rendered":"<p>Quarante-deux quatrains disons &#8230; \u00e9rotiques, mais de belle et bonne sant\u00e9, pr\u00eatant plus \u00e0 franc rire qu&#8217;\u00e0 sournois attouchement. Avec quatre dessins fort chastes d&#8217;un anonyme de la fin du XXe si\u00e8cle ayant, le cher na\u00eff, vu lapins et bogues o\u00f9 mention en \u00e9tait faite. La couverture, sous son apparence de livre d&#8217;enfant, du nom [&hellip;]<\/p>\n","protected":false},"featured_media":17946,"template":"","meta":{"_acf_changed":false,"_genesis_hide_title":false,"_genesis_hide_breadcrumbs":false,"_genesis_hide_singular_image":false,"_genesis_hide_footer_widgets":false,"_genesis_custom_body_class":"","_genesis_custom_post_class":"","_genesis_layout":""},"product_brand":[],"product_cat":[7132,7174,7180],"product_tag":[],"class_list":{"0":"post-17945","1":"product","2":"type-product","3":"status-publish","4":"has-post-thumbnail","6":"product_cat-books","7":"product_cat-literature-en","8":"product_cat-poetry-en","9":"pa_auteur-quenaian-emma-en","10":"pa_auteur-quepro-pau-en","11":"pa_editeur-lo-chamin-de-sent-jaume-en","12":"pa_langue-occitan-en","13":"pa_langue-occitan-lemosin-en","14":"entry","16":"first","17":"instock","18":"shipping-taxable","19":"purchasable","20":"product-type-simple"},"acf":[],"_links":{"self":[{"href":"https:\/\/www.libraria-occitana.org\/en\/wp-json\/wp\/v2\/product\/17945","targetHints":{"allow":["GET"]}}],"collection":[{"href":"https:\/\/www.libraria-occitana.org\/en\/wp-json\/wp\/v2\/product"}],"about":[{"href":"https:\/\/www.libraria-occitana.org\/en\/wp-json\/wp\/v2\/types\/product"}],"wp:featuredmedia":[{"embeddable":true,"href":"https:\/\/www.libraria-occitana.org\/en\/wp-json\/wp\/v2\/media\/17946"}],"wp:attachment":[{"href":"https:\/\/www.libraria-occitana.org\/en\/wp-json\/wp\/v2\/media?parent=17945"}],"wp:term":[{"taxonomy":"product_brand","embeddable":true,"href":"https:\/\/www.libraria-occitana.org\/en\/wp-json\/wp\/v2\/product_brand?post=17945"},{"taxonomy":"product_cat","embeddable":true,"href":"https:\/\/www.libraria-occitana.org\/en\/wp-json\/wp\/v2\/product_cat?post=17945"},{"taxonomy":"product_tag","embeddable":true,"href":"https:\/\/www.libraria-occitana.org\/en\/wp-json\/wp\/v2\/product_tag?post=17945"}],"curies":[{"name":"wp","href":"https:\/\/api.w.org\/{rel}","templated":true}]}}