{"id":17954,"date":"1995-09-01T09:16:02","date_gmt":"1995-09-01T08:16:02","guid":{"rendered":"http:\/\/www.libraria-occitana.org\/all-products\/absolucion-de-lo-eterno-absolucion-de-leterne?lang=en"},"modified":"2024-07-05T00:02:17","modified_gmt":"2024-07-04T22:02:17","slug":"absolucion-de-lo-eterno-absolucion-de-leterne","status":"publish","type":"product","link":"https:\/\/www.libraria-occitana.org\/en\/product\/absolucion-de-lo-eterno-absolucion-de-leterne\/","title":{"rendered":"Absoluci\u00f3n de lo eterno &#8211; Absolucion de l&#8217;et\u00e8rne"},"content":{"rendered":"<p>Absoluci\u00f3n de lo eterno &#8211; Absolucion de l&#8217;et\u00e8rne<\/p>\n","protected":false},"excerpt":{"rendered":"<p>Absoluci\u00f3n de lo eterno &#8211; Absolucion de l&#8217;et\u00e8rne<\/p>\n","protected":false},"featured_media":37089,"template":"","meta":{"_acf_changed":false,"_genesis_hide_title":false,"_genesis_hide_breadcrumbs":false,"_genesis_hide_singular_image":false,"_genesis_hide_footer_widgets":false,"_genesis_custom_body_class":"","_genesis_custom_post_class":"","_genesis_layout":""},"product_brand":[],"product_cat":[7132,7174,7180],"product_tag":[],"class_list":{"0":"post-17954","1":"product","2":"type-product","3":"status-publish","4":"has-post-thumbnail","6":"product_cat-books","7":"product_cat-literature-en","8":"product_cat-poetry-en","9":"pa_auteur-mieses-juan-carlos-en","10":"pa_editeur-ieo-fr-en","11":"pa_illustrateur-vernhieras-bernat-vernieres-bernard-en","12":"pa_langue-autras-lingas-en","13":"pa_langue-occitan-en","14":"pa_langue-occitan-lengadocian-en","15":"entry","17":"first","18":"outofstock","19":"shipping-taxable","20":"purchasable","21":"product-type-simple"},"acf":[],"_links":{"self":[{"href":"https:\/\/www.libraria-occitana.org\/en\/wp-json\/wp\/v2\/product\/17954","targetHints":{"allow":["GET"]}}],"collection":[{"href":"https:\/\/www.libraria-occitana.org\/en\/wp-json\/wp\/v2\/product"}],"about":[{"href":"https:\/\/www.libraria-occitana.org\/en\/wp-json\/wp\/v2\/types\/product"}],"wp:featuredmedia":[{"embeddable":true,"href":"https:\/\/www.libraria-occitana.org\/en\/wp-json\/wp\/v2\/media\/37089"}],"wp:attachment":[{"href":"https:\/\/www.libraria-occitana.org\/en\/wp-json\/wp\/v2\/media?parent=17954"}],"wp:term":[{"taxonomy":"product_brand","embeddable":true,"href":"https:\/\/www.libraria-occitana.org\/en\/wp-json\/wp\/v2\/product_brand?post=17954"},{"taxonomy":"product_cat","embeddable":true,"href":"https:\/\/www.libraria-occitana.org\/en\/wp-json\/wp\/v2\/product_cat?post=17954"},{"taxonomy":"product_tag","embeddable":true,"href":"https:\/\/www.libraria-occitana.org\/en\/wp-json\/wp\/v2\/product_tag?post=17954"}],"curies":[{"name":"wp","href":"https:\/\/api.w.org\/{rel}","templated":true}]}}