{"id":17960,"date":"1995-01-01T16:24:26","date_gmt":"1995-01-01T15:24:26","guid":{"rendered":"http:\/\/www.libraria-occitana.org\/all-products\/anthologie-bilingue-occitan-francais?lang=en"},"modified":"2026-04-29T06:31:25","modified_gmt":"2026-04-29T04:31:25","slug":"anthologie-bilingue-occitan-francais","status":"publish","type":"product","link":"https:\/\/www.libraria-occitana.org\/en\/product\/anthologie-bilingue-occitan-francais\/","title":{"rendered":"Anthologie bilingue occitan-fran\u00e7ais"},"content":{"rendered":"<p>Pour la premi\u00e8re fois sont propos\u00e9s, avec leur traduction en fran\u00e7ais par Roland Pecout, plusieurs textes de Max Rouquette, extraits de la totalit\u00e9 de son \u0153uvre et organis\u00e9s autour de neuf th\u00e8mes : enfance, portraits, chasse, inspiration antique, oasis et d\u00e9serts, exclu, miroir et solitude, nuit, musique&#8230;<\/p>\n<p>Anthologie propos\u00e9e par : Jean-Claude Borrie, Philippe Gardy, Jacques Landier, Pierre Nicq, Roland Pecout, Phil\u00e9mond Pouget, Guy Si\u00e9, Claire Torreilles, Marie-Jeanne Verny.<\/p>\n","protected":false},"excerpt":{"rendered":"<p>Pour la premi\u00e8re fois sont propos\u00e9s, avec leur traduction en fran\u00e7ais par Roland Pecout, plusieurs textes de Max Rouquette, extraits de la totalit\u00e9 de son \u0153uvre et organis\u00e9s autour de neuf th\u00e8mes : enfance, portraits, chasse, inspiration antique, oasis et d\u00e9serts, exclu, miroir et solitude, nuit, musique&#8230; Anthologie propos\u00e9e par : Jean-Claude Borrie, Philippe Gardy, [&hellip;]<\/p>\n","protected":false},"featured_media":36802,"template":"","meta":{"_acf_changed":false,"_genesis_hide_title":false,"_genesis_hide_breadcrumbs":false,"_genesis_hide_singular_image":false,"_genesis_hide_footer_widgets":false,"_genesis_custom_body_class":"","_genesis_custom_post_class":"","_genesis_layout":""},"product_brand":[],"product_cat":[7188,7132,7174],"product_tag":[],"class_list":{"0":"post-17960","1":"product","2":"type-product","3":"status-publish","4":"has-post-thumbnail","6":"product_cat-arts-studies-en","7":"product_cat-books","8":"product_cat-literature-en","9":"pa_auteur-roqueta-max-en","10":"pa_editeur-crdp-montpellier-fr-en","11":"pa_langue-occitan-francais-en","12":"entry","14":"first","15":"outofstock","16":"shipping-taxable","17":"purchasable","18":"product-type-simple"},"acf":[],"_links":{"self":[{"href":"https:\/\/www.libraria-occitana.org\/en\/wp-json\/wp\/v2\/product\/17960","targetHints":{"allow":["GET"]}}],"collection":[{"href":"https:\/\/www.libraria-occitana.org\/en\/wp-json\/wp\/v2\/product"}],"about":[{"href":"https:\/\/www.libraria-occitana.org\/en\/wp-json\/wp\/v2\/types\/product"}],"wp:featuredmedia":[{"embeddable":true,"href":"https:\/\/www.libraria-occitana.org\/en\/wp-json\/wp\/v2\/media\/36802"}],"wp:attachment":[{"href":"https:\/\/www.libraria-occitana.org\/en\/wp-json\/wp\/v2\/media?parent=17960"}],"wp:term":[{"taxonomy":"product_brand","embeddable":true,"href":"https:\/\/www.libraria-occitana.org\/en\/wp-json\/wp\/v2\/product_brand?post=17960"},{"taxonomy":"product_cat","embeddable":true,"href":"https:\/\/www.libraria-occitana.org\/en\/wp-json\/wp\/v2\/product_cat?post=17960"},{"taxonomy":"product_tag","embeddable":true,"href":"https:\/\/www.libraria-occitana.org\/en\/wp-json\/wp\/v2\/product_tag?post=17960"}],"curies":[{"name":"wp","href":"https:\/\/api.w.org\/{rel}","templated":true}]}}