{"id":17978,"date":"1998-10-01T16:53:32","date_gmt":"1998-10-01T14:53:32","guid":{"rendered":"http:\/\/www.libraria-occitana.org\/all-products\/19-contes-du-limousin?lang=en"},"modified":"2024-07-05T00:02:06","modified_gmt":"2024-07-04T22:02:06","slug":"19-contes-du-limousin","status":"publish","type":"product","link":"https:\/\/www.libraria-occitana.org\/en\/product\/19-contes-du-limousin\/","title":{"rendered":"19 contes du Limousin"},"content":{"rendered":"<p>Un enfant gros comme le poing dans l&#8217;estomac d&#8217;un loup, un homme qui se mesure au diable, un m\u00e9tayer qui roule son ma\u00eetre.<\/p>\n<p>Tous les mythes et le folklore occitans se retrouvent dans ces dix-neuf contes. Myst\u00e8res et superstitions&#8230;<\/p>\n","protected":false},"excerpt":{"rendered":"<p>Un enfant gros comme le poing dans l&#8217;estomac d&#8217;un loup, un homme qui se mesure au diable, un m\u00e9tayer qui roule son ma\u00eetre. Tous les mythes et le folklore occitans se retrouvent dans ces dix-neuf contes. Myst\u00e8res et superstitions&#8230;<\/p>\n","protected":false},"featured_media":36782,"template":"","meta":{"_acf_changed":false,"_genesis_hide_title":false,"_genesis_hide_breadcrumbs":false,"_genesis_hide_singular_image":false,"_genesis_hide_footer_widgets":false,"_genesis_custom_body_class":"","_genesis_custom_post_class":"","_genesis_layout":""},"product_brand":[],"product_cat":[7132,7174,7176],"product_tag":[],"class_list":{"0":"post-17978","1":"product","2":"type-product","3":"status-publish","4":"has-post-thumbnail","6":"product_cat-books","7":"product_cat-literature-en","8":"product_cat-tales-fables-en","9":"pa_auteur-melhau-jan-dau-fr-en","10":"pa_editeur-flammarion-en","11":"pa_illustrateur-franquin-gerard-en","12":"pa_langue-francais-en","13":"entry","15":"first","16":"outofstock","17":"shipping-taxable","18":"purchasable","19":"product-type-simple"},"acf":[],"_links":{"self":[{"href":"https:\/\/www.libraria-occitana.org\/en\/wp-json\/wp\/v2\/product\/17978","targetHints":{"allow":["GET"]}}],"collection":[{"href":"https:\/\/www.libraria-occitana.org\/en\/wp-json\/wp\/v2\/product"}],"about":[{"href":"https:\/\/www.libraria-occitana.org\/en\/wp-json\/wp\/v2\/types\/product"}],"wp:featuredmedia":[{"embeddable":true,"href":"https:\/\/www.libraria-occitana.org\/en\/wp-json\/wp\/v2\/media\/36782"}],"wp:attachment":[{"href":"https:\/\/www.libraria-occitana.org\/en\/wp-json\/wp\/v2\/media?parent=17978"}],"wp:term":[{"taxonomy":"product_brand","embeddable":true,"href":"https:\/\/www.libraria-occitana.org\/en\/wp-json\/wp\/v2\/product_brand?post=17978"},{"taxonomy":"product_cat","embeddable":true,"href":"https:\/\/www.libraria-occitana.org\/en\/wp-json\/wp\/v2\/product_cat?post=17978"},{"taxonomy":"product_tag","embeddable":true,"href":"https:\/\/www.libraria-occitana.org\/en\/wp-json\/wp\/v2\/product_tag?post=17978"}],"curies":[{"name":"wp","href":"https:\/\/api.w.org\/{rel}","templated":true}]}}