{"id":17988,"date":"1998-03-01T11:04:08","date_gmt":"1998-03-01T10:04:08","guid":{"rendered":"http:\/\/www.libraria-occitana.org\/all-products\/musiques-des-monts-dauvergne-et-du-limousin-libre-cd?lang=en"},"modified":"2026-04-25T22:06:15","modified_gmt":"2026-04-25T20:06:15","slug":"musiques-des-monts-dauvergne-et-du-limousin-libre-cd","status":"publish","type":"product","link":"https:\/\/www.libraria-occitana.org\/en\/product\/musiques-des-monts-dauvergne-et-du-limousin-libre-cd\/","title":{"rendered":"Musiques des Monts d&#8217;Auvergne et du Limousin (libre + CD)"},"content":{"rendered":"<p>Loin des discours pr\u00e9con\u00e7us sur les musiques traditionnelles de France, Olivier Durif retrace et analyse l\u2019histoire musicale des territoires pastoraux des montagnes d\u2019Auvergne et du Limousin et de leurs instruments, de la cabrette \u00e0 la vielle \u00e0 roue, et du violon \u00e0 l\u2019accord\u00e9on. Il \u00e9voque aussi l\u2019aventure des Auvergnats et des Limousins de Paris, exotiques cr\u00e9ateurs au d\u00e9but du XXe si\u00e8cle du bal musette parisien. Devenus traditionnels, ces m\u00e9lodies et ces chants se sont maintenus dans ce pays de la bourr\u00e9e dans l\u2019intimit\u00e9 des f\u00eates familiales et villageoises.<\/p>\n<p>Au-del\u00e0 d\u2019un propos purement musicologique, le livre nous communique la beaut\u00e9 rude d\u2019un terroir, ses lumi\u00e8res, ses sortil\u00e8ges sonores.<\/p>\n<p>Le CD offre une anthologie de documents historiques, de collectes r\u00e9alis\u00e9es sur le terrain et d\u2019enregistrements plus r\u00e9cents qui t\u00e9moignent de la vivacit\u00e9 et du renouvellement de ces musiques.<\/p>\n<p><strong>Titres CD :<br \/>\n<\/strong>1. L\u2019amor o lo bicoto (G\u00e9raud Sudre : accord\u00e9on diatonique) 2\u201943<br \/>\n2. Il a sonn\u00e9 minuit (Martin Cayla : voix et accord\u00e9on) 2\u201953<br \/>\n3. Para lo lop, bourr\u00e9e (Antonin Bouscatel : cabrette ; Jean Sanit : accord\u00e9on) 2\u201929<br \/>\n4. Joana d\u2019Aime (Pauline Bac : chant) 3\u201935<br \/>\n5. Danson tant bian los de dela\u00ef l\u2019a\u00efga (Martial Ceppe : chant et violon) 1\u201903<br \/>\n6. Marche de Bredou (Louis Linard : cabretou) 0\u201927<br \/>\n7. Dessus la rota del Lonzac (L\u00e9on Peyrat : chant) 1\u201918<br \/>\n8. Valse \u00e0 Jacques (Eug\u00e8ne Thomas : vielle \u00e0 roue) 2\u201902<br \/>\n9. Chanson des compagnons (Henri Rouland : chant) 3\u201941<br \/>\n10. Marches de Juillard (Henri Tournadre : chant) 0\u201959<br \/>\n11. Pour aller voir Virginie (Ren\u00e9 Mondoly : chant) 2\u201916<br \/>\n12. Bourr\u00e9e (Joseph Perrier : violon) 0\u201955<br \/>\n13. Le Vicaire (le groupe Le Grand Rouge) 3\u201945<br \/>\n14. Brezons Valse (Louis Rispal : cabrette ; Herv\u00e9 Capel : accord\u00e9on chromatique) 2\u201907<br \/>\n15. La Sauterelle (Olivier Durif et Jean-Pierre Champeval : violons) 2\u201904<br \/>\n16. Le Chant de la Creuse (le groupe Alamont) 3\u201951<br \/>\n17. Carnaval passe (par le trio BLV) 2\u201954<br \/>\n18. La San Girbazo (Andr\u00e9 Ricros : chant, cabrette ; Louis Sclavis : sax) 3\u201915<br \/>\n19. En allant voir Annie (Jean-Fran\u00e7ois Vrod : violons) 2\u201936<\/p>\n","protected":false},"excerpt":{"rendered":"<p>Loin des discours pr\u00e9con\u00e7us sur les musiques traditionnelles de France, Olivier Durif retrace et analyse l\u2019histoire musicale des territoires pastoraux des montagnes d\u2019Auvergne et du Limousin et de leurs instruments, de la cabrette \u00e0 la vielle \u00e0 roue, et du violon \u00e0 l\u2019accord\u00e9on. Il \u00e9voque aussi l\u2019aventure des Auvergnats et des Limousins de Paris, exotiques [&hellip;]<\/p>\n","protected":false},"featured_media":17989,"template":"","meta":{"_acf_changed":false,"_genesis_hide_title":false,"_genesis_hide_breadcrumbs":false,"_genesis_hide_singular_image":false,"_genesis_hide_footer_widgets":false,"_genesis_custom_body_class":"","_genesis_custom_post_class":"","_genesis_layout":""},"product_brand":[],"product_cat":[7132,7194,7190],"product_tag":[],"class_list":{"0":"post-17988","1":"product","2":"type-product","3":"status-publish","4":"has-post-thumbnail","6":"product_cat-books","7":"product_cat-studies-en","8":"product_cat-music-dances-en","9":"pa_auteur-durif-olivier-en","10":"pa_editeur-actes-sud-en","11":"pa_editeur-cite-de-la-musique-en","12":"pa_langue-francais-en","13":"entry","15":"first","16":"instock","17":"shipping-taxable","18":"purchasable","19":"product-type-simple"},"acf":[],"_links":{"self":[{"href":"https:\/\/www.libraria-occitana.org\/en\/wp-json\/wp\/v2\/product\/17988","targetHints":{"allow":["GET"]}}],"collection":[{"href":"https:\/\/www.libraria-occitana.org\/en\/wp-json\/wp\/v2\/product"}],"about":[{"href":"https:\/\/www.libraria-occitana.org\/en\/wp-json\/wp\/v2\/types\/product"}],"wp:featuredmedia":[{"embeddable":true,"href":"https:\/\/www.libraria-occitana.org\/en\/wp-json\/wp\/v2\/media\/17989"}],"wp:attachment":[{"href":"https:\/\/www.libraria-occitana.org\/en\/wp-json\/wp\/v2\/media?parent=17988"}],"wp:term":[{"taxonomy":"product_brand","embeddable":true,"href":"https:\/\/www.libraria-occitana.org\/en\/wp-json\/wp\/v2\/product_brand?post=17988"},{"taxonomy":"product_cat","embeddable":true,"href":"https:\/\/www.libraria-occitana.org\/en\/wp-json\/wp\/v2\/product_cat?post=17988"},{"taxonomy":"product_tag","embeddable":true,"href":"https:\/\/www.libraria-occitana.org\/en\/wp-json\/wp\/v2\/product_tag?post=17988"}],"curies":[{"name":"wp","href":"https:\/\/api.w.org\/{rel}","templated":true}]}}