{"id":17992,"date":"1998-01-01T14:37:53","date_gmt":"1998-01-01T13:37:53","guid":{"rendered":"http:\/\/www.libraria-occitana.org\/all-products\/meymac-son-eglise-abbatiale?lang=en"},"modified":"2026-04-18T04:21:30","modified_gmt":"2026-04-18T02:21:30","slug":"meymac-son-eglise-abbatiale","status":"publish","type":"product","link":"https:\/\/www.libraria-occitana.org\/en\/product\/meymac-son-eglise-abbatiale\/","title":{"rendered":"Meymac : Son \u00e9glise abbatiale"},"content":{"rendered":"<p>Sur le versant sud du Plateau de Millevaches, Meymac fut d&#8217;abord un ermitage, puis une communaut\u00e9 de moines d\u00e9fricheurs et b\u00e2tisseurs, et l&#8217;une des cinq &#8220;villes&#8221; de la Vicomt\u00e9 de Ventadour.<\/p>\n<p>L&#8217;abbatiale surv\u00e9cut aux tumultes de l&#8217;histoire, sanctuaire de la louange, havre d&#8217;\u00e9rudition et d&#8217;art cr\u00e9ateur sous le signe de la Vierge noire et des eaux-m\u00e8res.<\/p>\n","protected":false},"excerpt":{"rendered":"<p>Sur le versant sud du Plateau de Millevaches, Meymac fut d&#8217;abord un ermitage, puis une communaut\u00e9 de moines d\u00e9fricheurs et b\u00e2tisseurs, et l&#8217;une des cinq &#8220;villes&#8221; de la Vicomt\u00e9 de Ventadour. L&#8217;abbatiale surv\u00e9cut aux tumultes de l&#8217;histoire, sanctuaire de la louange, havre d&#8217;\u00e9rudition et d&#8217;art cr\u00e9ateur sous le signe de la Vierge noire et des [&hellip;]<\/p>\n","protected":false},"featured_media":17994,"template":"","meta":{"_acf_changed":false,"_genesis_hide_title":false,"_genesis_hide_breadcrumbs":false,"_genesis_hide_singular_image":false,"_genesis_hide_footer_widgets":false,"_genesis_custom_body_class":"","_genesis_custom_post_class":"","_genesis_layout":""},"product_brand":[],"product_cat":[7132,7214,7206],"product_tag":[],"class_list":{"0":"post-17992","1":"product","2":"type-product","3":"status-publish","4":"has-post-thumbnail","6":"product_cat-books","7":"product_cat-built-heritage-en","8":"product_cat-traditions-heritage-en","9":"pa_auteur-goustine-luc-de-fr-en","10":"pa_auteur-pirault-robert-en","11":"pa_editeur-luc-de-goustine-en","12":"pa_editeur-municipalite-de-meymac-en","13":"pa_illustrateur-amelot-jean-francois-en","14":"pa_langue-francais-en","15":"entry","17":"first","18":"instock","19":"shipping-taxable","20":"purchasable","21":"product-type-simple"},"acf":[],"_links":{"self":[{"href":"https:\/\/www.libraria-occitana.org\/en\/wp-json\/wp\/v2\/product\/17992","targetHints":{"allow":["GET"]}}],"collection":[{"href":"https:\/\/www.libraria-occitana.org\/en\/wp-json\/wp\/v2\/product"}],"about":[{"href":"https:\/\/www.libraria-occitana.org\/en\/wp-json\/wp\/v2\/types\/product"}],"wp:featuredmedia":[{"embeddable":true,"href":"https:\/\/www.libraria-occitana.org\/en\/wp-json\/wp\/v2\/media\/17994"}],"wp:attachment":[{"href":"https:\/\/www.libraria-occitana.org\/en\/wp-json\/wp\/v2\/media?parent=17992"}],"wp:term":[{"taxonomy":"product_brand","embeddable":true,"href":"https:\/\/www.libraria-occitana.org\/en\/wp-json\/wp\/v2\/product_brand?post=17992"},{"taxonomy":"product_cat","embeddable":true,"href":"https:\/\/www.libraria-occitana.org\/en\/wp-json\/wp\/v2\/product_cat?post=17992"},{"taxonomy":"product_tag","embeddable":true,"href":"https:\/\/www.libraria-occitana.org\/en\/wp-json\/wp\/v2\/product_tag?post=17992"}],"curies":[{"name":"wp","href":"https:\/\/api.w.org\/{rel}","templated":true}]}}