{"id":18005,"date":"2000-09-01T10:59:47","date_gmt":"2000-09-01T09:59:47","guid":{"rendered":"http:\/\/www.libraria-occitana.org\/all-products\/poesie-modale-ii?lang=en"},"modified":"2026-04-02T23:01:34","modified_gmt":"2026-04-02T21:01:34","slug":"poesie-modale-ii","status":"publish","type":"product","link":"https:\/\/www.libraria-occitana.org\/en\/product\/poesie-modale-ii\/","title":{"rendered":"Po\u00e9sie modale II"},"content":{"rendered":"<p>3 volumes, en fran\u00e7ais.<\/p>\n<p><strong><a title=\"Po\u00e9sie modale I\" href=\"http:\/\/www.libraria-occitana.org\/all-products\/poesie-modale-i\">T\u00f2me I<\/a> :<\/strong><br \/>\n&#8211; Clytemnestre au couteau<br \/>\n&#8211; Petits Motets d\u2019amour<br \/>\n&#8211; Requiem pour un pendu<br \/>\n&#8211; L\u2019Iconostase<br \/>\n&#8211; Marguerite dans le miroir<br \/>\n&#8211; Le Serpent<br \/>\n&#8211; Le Chant de la chair vive<br \/>\n&#8211; Le Chant de la mort blanche<br \/>\n&#8211; Le Chant secret de la vigne<br \/>\n&#8211; Les Ailes du serpent<\/p>\n<p><strong>T\u00f2me II :<\/strong><br \/>\n&#8211; L\u2019Anath\u00e8me<br \/>\n&#8211; Et Incarnatus est <a href=\"https:\/\/www.libraria-occitana.org\/wp-content\/uploads\/2015\/05\/et-incarnatus-est.jpg\">[bocin &#8211; extrait]<\/a><br \/>\n&#8211; Salut \u00e0 la Reine<br \/>\n&#8211; L\u2019Histoire d\u00e9risoire<br \/>\n&#8211; \u00c9lectre<br \/>\n&#8211; Dit de la pr\u00e9cieuse vie<br \/>\n&#8211; La Mort maintenant<br \/>\n&#8211; La Fille assise<br \/>\n&#8211; La Vigne en fleur<a href=\"https:\/\/www.libraria-occitana.org\/wp-content\/uploads\/2015\/05\/et-incarnatus-est.jpg\">\u00a0<\/a><\/p>\n<p><strong><a title=\"Po\u00e9sie modale III\" href=\"http:\/\/www.libraria-occitana.org\/all-products\/poesie-modale-iii\">T\u00f2me III<\/a> :<\/strong><br \/>\n&#8211; Po\u00e8me \u00e0 l\u2019enfant\u00a0<a href=\"https:\/\/www.libraria-occitana.org\/wp-content\/uploads\/2015\/05\/poeme-a-lenfant.jpg\">[bocin &#8211; extrait]<\/a><br \/>\n&#8211; Une Brise l\u00e9g\u00e8re<br \/>\n&#8211; L\u2019Automne sur la mer<br \/>\n&#8211; L\u2019Insomnie<br \/>\n&#8211; Le D\u00e9sert<br \/>\n&#8211; Montjoie<br \/>\n&#8211; La Danse<\/p>\n<p>Cette po\u00e9sie, dans son ampleur (chaque po\u00e8me fait plusieurs dizaines de pages), progresse par s\u00e9quences ponctu\u00e9es de formules en partie r\u00e9p\u00e9titives faisant cycle, le po\u00e8me se nourrissant de tant et tant de choses souvent inattendues port\u00e9es par tant et tant de voix se mariant ou contrariant \u00e0 l\u2019infini, le po\u00e8me \u00e9tant \u00e0 lui-m\u00eame son ex\u00e9g\u00e8se, la voix du po\u00e8te \u2013 sa petite voix particuli\u00e8re serais-je tent\u00e9 de dire \u2013 coupant de temps \u00e0 autre la parole au Verbe qui s\u2019exprime en lui pour quelque commentaire comme en apart\u00e9.<\/p>\n<p>Ces longs textes sont faits pour \u00eatre dits, mieux prof\u00e9r\u00e9s, en scansion et tension port\u00e9es par tout le corps, et la lyrique delpastrienne y atteint sa plus grande somptuosit\u00e9, qui prend son temps et le n\u00f4tre pour nous mener \u2013 le pire : non sans humour \u2013 au plus profond du tragique de la condition humaine : d\u2019une esp\u00e8ce vou\u00e9e par Dieu \u00e0 \u00eatre le miroir de sa Cr\u00e9ation, sa conscience et son exaltation, accabl\u00e9e par ce r\u00f4le exorbitant \u2013 l\u2019infime \u00e9tant si pr\u00e8s de l\u2019infini ! \u2013, Delpastre \u00e9voluant sans cesse entre une c\u00e9l\u00e9bration de la vie des plus sensuelles et la d\u00e9ploration souvent tr\u00e8s crue des malheurs du monde, l\u2019\u00eatre humain y prenant parfois les traits typ\u00e9s, arch\u00e9-typ\u00e9s de Faust ou de Judas, d\u2019\u00c9lectre ou de Salom\u00e9, le plus souvent cr\u00e9ature anonyme, magnifique et d\u00e9risoire, face \u00e0 un Dieu de d\u00e9pit et de tendresse.<\/p>\n<p><a href=\"http:\/\/www.libraria-occitana.org\/produit\/melhau-lit-delpastre-lintegrale-de-la-poesie-modale\/\">L&#8217;int\u00e9grale de la\u00a0<em>Po\u00e9sie modale<\/em>\u00a0de Marcelle Delpastre lue par Jan dau Melhau (coffret 12 CD)<\/a><\/p>\n","protected":false},"excerpt":{"rendered":"<p>3 volumes, en fran\u00e7ais. T\u00f2me I : &#8211; Clytemnestre au couteau &#8211; Petits Motets d\u2019amour &#8211; Requiem pour un pendu &#8211; L\u2019Iconostase &#8211; Marguerite dans le miroir &#8211; Le Serpent &#8211; Le Chant de la chair vive &#8211; Le Chant de la mort blanche &#8211; Le Chant secret de la vigne &#8211; Les Ailes du [&hellip;]<\/p>\n","protected":false},"featured_media":18006,"template":"","meta":{"_acf_changed":false,"_genesis_hide_title":false,"_genesis_hide_breadcrumbs":false,"_genesis_hide_singular_image":false,"_genesis_hide_footer_widgets":false,"_genesis_custom_body_class":"","_genesis_custom_post_class":"","_genesis_layout":""},"product_brand":[],"product_cat":[7132,7174,7180],"product_tag":[],"class_list":{"0":"post-18005","1":"product","2":"type-product","3":"status-publish","4":"has-post-thumbnail","6":"product_cat-books","7":"product_cat-literature-en","8":"product_cat-poetry-en","9":"pa_auteur-delpastre-marcela-en","10":"pa_editeur-lo-chamin-de-sent-jaume-en","11":"pa_langue-francais-en","12":"entry","14":"first","15":"instock","16":"shipping-taxable","17":"purchasable","18":"product-type-simple"},"acf":[],"_links":{"self":[{"href":"https:\/\/www.libraria-occitana.org\/en\/wp-json\/wp\/v2\/product\/18005","targetHints":{"allow":["GET"]}}],"collection":[{"href":"https:\/\/www.libraria-occitana.org\/en\/wp-json\/wp\/v2\/product"}],"about":[{"href":"https:\/\/www.libraria-occitana.org\/en\/wp-json\/wp\/v2\/types\/product"}],"wp:featuredmedia":[{"embeddable":true,"href":"https:\/\/www.libraria-occitana.org\/en\/wp-json\/wp\/v2\/media\/18006"}],"wp:attachment":[{"href":"https:\/\/www.libraria-occitana.org\/en\/wp-json\/wp\/v2\/media?parent=18005"}],"wp:term":[{"taxonomy":"product_brand","embeddable":true,"href":"https:\/\/www.libraria-occitana.org\/en\/wp-json\/wp\/v2\/product_brand?post=18005"},{"taxonomy":"product_cat","embeddable":true,"href":"https:\/\/www.libraria-occitana.org\/en\/wp-json\/wp\/v2\/product_cat?post=18005"},{"taxonomy":"product_tag","embeddable":true,"href":"https:\/\/www.libraria-occitana.org\/en\/wp-json\/wp\/v2\/product_tag?post=18005"}],"curies":[{"name":"wp","href":"https:\/\/api.w.org\/{rel}","templated":true}]}}