{"id":18011,"date":"2000-07-01T19:02:10","date_gmt":"2000-07-01T18:02:10","guid":{"rendered":"http:\/\/www.libraria-occitana.org\/all-products\/70-cles-pour-la-formation-de-loccitan-de-gascogne-2?lang=en"},"modified":"2026-04-29T10:48:08","modified_gmt":"2026-04-29T08:48:08","slug":"70-cles-pour-la-formation-de-loccitan-de-gascogne-2","status":"publish","type":"product","link":"https:\/\/www.libraria-occitana.org\/en\/product\/70-cles-pour-la-formation-de-loccitan-de-gascogne-2\/","title":{"rendered":"70 cl\u00e9s pour la formation de l&#8217;occitan de Gascogne"},"content":{"rendered":"<p>Par quelles suites de transformations, le latin du conqu\u00e9rant romain est-il devenu le gascon que nous parlons aujourd&#8217;hui ? Ce petit livre tente de r\u00e9pondre \u00e0 cette question. On n&#8217;a pas la pr\u00e9tention de proposer ici un ouvrage savant de linguistique \u00e0 usage des sp\u00e9cialistes.<\/p>\n<p>On a choisi au contraire de s&#8217;adresser \u00e0 un public plus vaste : \u00e9l\u00e8ves, \u00e9tudiants ou simplement usagers quotidiens de la langue, \u00e0 ceux qui ont fait un peu de latin au cours de leurs \u00e9tudes classiques et m\u00eame \u00e0 ceux qui n&#8217;en ont pas fait du tout. Nous nous sommes efforc\u00e9s de limiter au strict n\u00e9cessaire le vocabulaire technique de la linguistique et de la phon\u00e9tique.<br \/>\nIl faut aussi tenir compte du substrat basco-aquitain sur lequel s&#8217;est d\u00e9pos\u00e9 le latin populaire. Il faut tenir compte \u00e9galement des mots grecs puis gaulois que ce latin populaire a v\u00e9hicul\u00e9s avec lui et enfin d&#8217;un certain nombre de mots germaniques arriv\u00e9s plus tardivement.<\/p>\n<p>Nous esp\u00e9rons que cette \u00ab aventure \u00bb du latin en Gascogne saura captiver les utilisateurs.<\/p>\n","protected":false},"excerpt":{"rendered":"<p>Par quelles suites de transformations, le latin du conqu\u00e9rant romain est-il devenu le gascon que nous parlons aujourd&#8217;hui ? Ce petit livre tente de r\u00e9pondre \u00e0 cette question. On n&#8217;a pas la pr\u00e9tention de proposer ici un ouvrage savant de linguistique \u00e0 usage des sp\u00e9cialistes. On a choisi au contraire de s&#8217;adresser \u00e0 un public [&hellip;]<\/p>\n","protected":false},"featured_media":36694,"template":"","meta":{"_acf_changed":false,"_genesis_hide_title":false,"_genesis_hide_breadcrumbs":false,"_genesis_hide_singular_image":false,"_genesis_hide_footer_widgets":false,"_genesis_custom_body_class":"","_genesis_custom_post_class":"","_genesis_layout":""},"product_brand":[],"product_cat":[7132,7136,7140],"product_tag":[],"class_list":{"0":"post-18011","1":"product","2":"type-product","3":"status-publish","4":"has-post-thumbnail","6":"product_cat-books","7":"product_cat-dictionaries-language-educational-en","8":"product_cat-linguistics-en","9":"pa_auteur-grosclaude-michel-en","10":"pa_editeur-la-civada-en","11":"pa_editeur-per-noste-en","12":"pa_langue-francais-en","13":"entry","15":"first","16":"instock","17":"shipping-taxable","18":"purchasable","19":"product-type-simple"},"acf":[],"_links":{"self":[{"href":"https:\/\/www.libraria-occitana.org\/en\/wp-json\/wp\/v2\/product\/18011","targetHints":{"allow":["GET"]}}],"collection":[{"href":"https:\/\/www.libraria-occitana.org\/en\/wp-json\/wp\/v2\/product"}],"about":[{"href":"https:\/\/www.libraria-occitana.org\/en\/wp-json\/wp\/v2\/types\/product"}],"wp:featuredmedia":[{"embeddable":true,"href":"https:\/\/www.libraria-occitana.org\/en\/wp-json\/wp\/v2\/media\/36694"}],"wp:attachment":[{"href":"https:\/\/www.libraria-occitana.org\/en\/wp-json\/wp\/v2\/media?parent=18011"}],"wp:term":[{"taxonomy":"product_brand","embeddable":true,"href":"https:\/\/www.libraria-occitana.org\/en\/wp-json\/wp\/v2\/product_brand?post=18011"},{"taxonomy":"product_cat","embeddable":true,"href":"https:\/\/www.libraria-occitana.org\/en\/wp-json\/wp\/v2\/product_cat?post=18011"},{"taxonomy":"product_tag","embeddable":true,"href":"https:\/\/www.libraria-occitana.org\/en\/wp-json\/wp\/v2\/product_tag?post=18011"}],"curies":[{"name":"wp","href":"https:\/\/api.w.org\/{rel}","templated":true}]}}