{"id":18013,"date":"2000-07-01T18:56:20","date_gmt":"2000-07-01T16:56:20","guid":{"rendered":"http:\/\/www.libraria-occitana.org\/all-products\/lo-viatge-aquitan?lang=en"},"modified":"2026-04-29T06:11:33","modified_gmt":"2026-04-29T04:11:33","slug":"lo-viatge-aquitan","status":"publish","type":"product","link":"https:\/\/www.libraria-occitana.org\/en\/product\/lo-viatge-aquitan\/","title":{"rendered":"Lo viatge aquitan"},"content":{"rendered":"<p>\u00ab\u00a0E aur\u00e1, &#8220;Juli Lasfarjas, sabe pas quora &#8211; 1969 ; m\u00f2rt dau beure&#8221;. Si me sovene bien de \u00e7\u00f2 que disi\u00e0s de ta familha, i a degun pus a conhar dins lo cav\u00f2t. Degun saubr\u00e1 jamai que ses tornat au pa\u00eds\u2026 Quau viatge nos as fait far, quau viatge ! Laissa-me me pausar un pauc. Apr\u00e8s, faudr\u00e1 que me&#8217;n t\u00f2rne ; sabe pas onte, d&#8217;alhors. Benleu lai d&#8217;onte venem. L&#8217;ivern vai pas tardar. Aur\u00e1 que sei sole, qu\u00f2 me ditz pas grand chausa, vei\u2026 mas fau ben &#8216;nar en quauque lu\u00f2c. Enlai l&#8217;ivern es do\u00e7 ; qu\u00f2 pl\u00f2u, d&#8217;ac\u00f2rd, mas fai pas freg. Biarritz, And\u00e0ia, Sent-Joan-de Luz\u2026 Ne&#8217;n ses ben l&#8217;encausa, si l&#8217;avem quitat, queu pa\u00eds. Lo Ramon dau Miramar z&#8217;avi\u00e1 dich qu&#8217;auriam pogut demorar. Un bon tipe, lo Ramon.\u00a0\u00bb<\/p>\n","protected":false},"excerpt":{"rendered":"<p>\u00ab\u00a0E aur\u00e1, &#8220;Juli Lasfarjas, sabe pas quora &#8211; 1969 ; m\u00f2rt dau beure&#8221;. Si me sovene bien de \u00e7\u00f2 que disi\u00e0s de ta familha, i a degun pus a conhar dins lo cav\u00f2t. Degun saubr\u00e1 jamai que ses tornat au pa\u00eds\u2026 Quau viatge nos as fait far, quau viatge ! Laissa-me me pausar un pauc. [&hellip;]<\/p>\n","protected":false},"featured_media":18014,"template":"","meta":{"_acf_changed":false,"_genesis_hide_title":false,"_genesis_hide_breadcrumbs":false,"_genesis_hide_singular_image":false,"_genesis_hide_footer_widgets":false,"_genesis_custom_body_class":"","_genesis_custom_post_class":"","_genesis_layout":""},"product_brand":[],"product_cat":[7132,7174,7182],"product_tag":[],"class_list":{"0":"post-18013","1":"product","2":"type-product","3":"status-publish","4":"has-post-thumbnail","6":"product_cat-books","7":"product_cat-literature-en","8":"product_cat-novels-short-stories-en","9":"pa_auteur-ganhaire-joan-en","10":"pa_editeur-ieo-fr-en","11":"pa_langue-occitan-en","12":"pa_langue-occitan-lemosin-en","13":"entry","15":"first","16":"instock","17":"shipping-taxable","18":"purchasable","19":"product-type-simple"},"acf":[],"_links":{"self":[{"href":"https:\/\/www.libraria-occitana.org\/en\/wp-json\/wp\/v2\/product\/18013","targetHints":{"allow":["GET"]}}],"collection":[{"href":"https:\/\/www.libraria-occitana.org\/en\/wp-json\/wp\/v2\/product"}],"about":[{"href":"https:\/\/www.libraria-occitana.org\/en\/wp-json\/wp\/v2\/types\/product"}],"wp:featuredmedia":[{"embeddable":true,"href":"https:\/\/www.libraria-occitana.org\/en\/wp-json\/wp\/v2\/media\/18014"}],"wp:attachment":[{"href":"https:\/\/www.libraria-occitana.org\/en\/wp-json\/wp\/v2\/media?parent=18013"}],"wp:term":[{"taxonomy":"product_brand","embeddable":true,"href":"https:\/\/www.libraria-occitana.org\/en\/wp-json\/wp\/v2\/product_brand?post=18013"},{"taxonomy":"product_cat","embeddable":true,"href":"https:\/\/www.libraria-occitana.org\/en\/wp-json\/wp\/v2\/product_cat?post=18013"},{"taxonomy":"product_tag","embeddable":true,"href":"https:\/\/www.libraria-occitana.org\/en\/wp-json\/wp\/v2\/product_tag?post=18013"}],"curies":[{"name":"wp","href":"https:\/\/api.w.org\/{rel}","templated":true}]}}