{"id":18015,"date":"2000-04-01T18:49:41","date_gmt":"2000-04-01T16:49:41","guid":{"rendered":"http:\/\/www.libraria-occitana.org\/all-products\/saint-yrieix-et-le-pays-aredien-lemouzi-n154-bis?lang=en"},"modified":"2026-04-25T03:51:19","modified_gmt":"2026-04-25T01:51:19","slug":"saint-yrieix-et-le-pays-aredien-lemouzi-n154-bis","status":"publish","type":"product","link":"https:\/\/www.libraria-occitana.org\/en\/product\/saint-yrieix-et-le-pays-aredien-lemouzi-n154-bis\/","title":{"rendered":"Saint-Yrieix et le pays ar\u00e9dien \/ Lemouzi N\u00b0154 bis"},"content":{"rendered":"<p>\u00c0 la rencontre de trois d\u00e9partements, Saint-Yrieix et le pays ar\u00e9dien constituent, en Limousin, une unit\u00e9 \u00e9conomique et humaine reconnue tout au long des si\u00e8cles.<\/p>\n<p>Les uns l&#8217;identifient avec le kaolin et l&#8217;or, les autres avec son march\u00e9 aux bestiaux et son imprimerie de pointe. Trop r\u00e9duisent son pass\u00e9 \u00e0 Aredius et \u00e0 la coll\u00e9giale. L&#8217;auteur \u2013 Limousin d&#8217;origine et Ar\u00e9dien depuis plus de quarante ans \u2013 a voulu aller au-del\u00e0&#8230;<\/p>\n<p>Cet ouvrage de 400 pages environ, richement illustr\u00e9, permettra au lecteur de mieux conna\u00eetre ce terroir et son histoire. Dans un style qu&#8217;il a voulu accessible \u00e0 tous, l&#8217;auteur nous offre un travail extr\u00eamement document\u00e9 o\u00f9 l&#8217;anecdote trouve naturellement sa place sans que la rigueur scientifique de l&#8217;historien en soit affect\u00e9e.<\/p>\n","protected":false},"excerpt":{"rendered":"<p>\u00c0 la rencontre de trois d\u00e9partements, Saint-Yrieix et le pays ar\u00e9dien constituent, en Limousin, une unit\u00e9 \u00e9conomique et humaine reconnue tout au long des si\u00e8cles. Les uns l&#8217;identifient avec le kaolin et l&#8217;or, les autres avec son march\u00e9 aux bestiaux et son imprimerie de pointe. Trop r\u00e9duisent son pass\u00e9 \u00e0 Aredius et \u00e0 la coll\u00e9giale. [&hellip;]<\/p>\n","protected":false},"featured_media":18016,"template":"","meta":{"_acf_changed":false,"_genesis_hide_title":false,"_genesis_hide_breadcrumbs":false,"_genesis_hide_singular_image":false,"_genesis_hide_footer_widgets":false,"_genesis_custom_body_class":"","_genesis_custom_post_class":"","_genesis_layout":""},"product_brand":[],"product_cat":[7132,7156,7148],"product_tag":[],"class_list":{"0":"post-18015","1":"product","2":"type-product","3":"status-publish","4":"has-post-thumbnail","6":"product_cat-books","7":"product_cat-general-history-en","8":"product_cat-history-geography-en","9":"pa_auteur-bournazel-louis-en","10":"pa_editeur-lemouzi-en","11":"pa_langue-francais-en","12":"entry","14":"first","15":"outofstock","16":"shipping-taxable","17":"purchasable","18":"product-type-simple"},"acf":[],"_links":{"self":[{"href":"https:\/\/www.libraria-occitana.org\/en\/wp-json\/wp\/v2\/product\/18015","targetHints":{"allow":["GET"]}}],"collection":[{"href":"https:\/\/www.libraria-occitana.org\/en\/wp-json\/wp\/v2\/product"}],"about":[{"href":"https:\/\/www.libraria-occitana.org\/en\/wp-json\/wp\/v2\/types\/product"}],"wp:featuredmedia":[{"embeddable":true,"href":"https:\/\/www.libraria-occitana.org\/en\/wp-json\/wp\/v2\/media\/18016"}],"wp:attachment":[{"href":"https:\/\/www.libraria-occitana.org\/en\/wp-json\/wp\/v2\/media?parent=18015"}],"wp:term":[{"taxonomy":"product_brand","embeddable":true,"href":"https:\/\/www.libraria-occitana.org\/en\/wp-json\/wp\/v2\/product_brand?post=18015"},{"taxonomy":"product_cat","embeddable":true,"href":"https:\/\/www.libraria-occitana.org\/en\/wp-json\/wp\/v2\/product_cat?post=18015"},{"taxonomy":"product_tag","embeddable":true,"href":"https:\/\/www.libraria-occitana.org\/en\/wp-json\/wp\/v2\/product_tag?post=18015"}],"curies":[{"name":"wp","href":"https:\/\/api.w.org\/{rel}","templated":true}]}}