{"id":18044,"date":"2001-09-01T13:32:41","date_gmt":"2001-09-01T11:32:41","guid":{"rendered":"http:\/\/www.libraria-occitana.org\/all-products\/jeux-de-cocagne-quilhas-bolas-e-corregudas?lang=en"},"modified":"2026-04-21T00:36:37","modified_gmt":"2026-04-20T22:36:37","slug":"jeux-de-cocagne-quilhas-bolas-e-corregudas","status":"publish","type":"product","link":"https:\/\/www.libraria-occitana.org\/en\/product\/jeux-de-cocagne-quilhas-bolas-e-corregudas\/","title":{"rendered":"Jeux de cocagne : Quilhas, bolas e corregudas"},"content":{"rendered":"<p>Qui, dans son enfance, n&#8217;a pas jou\u00e9 aux billes, tir\u00e9 \u00e0 la corde, couru derri\u00e8re un cerceau ou un cercle de barrique ? Qui n&#8217;a pas r\u00eav\u00e9 d&#8217;acc\u00e9der au fa\u00eete d&#8217;un m\u00e2t de cocagne ?<\/p>\n<p>Mais qui sait que l&#8217;on joue encore dans certaines r\u00e9gions occitanes \u00e0 la <em>t\u00e8ca<\/em>, un jeu dont pourrait d\u00e9river le base-ball ? Qui conna\u00eet <em>los cubis<\/em>, cousins de la c\u00e9l\u00e8bre p\u00e9tanque ? Sans parler des mille et une fa\u00e7ons de jouer aux quilles.<\/p>\n<p>Dans cet ouvrage illustr\u00e9 avec humour, Bernard Cauwet, un passionn\u00e9 de jeux populaires, nous d\u00e9voile plus d&#8217;une cinquantaine de jeux ou fa\u00e7ons de jouer : le fruit de vingt ans de recherches.<br \/>\nSon but ? Redonner envie de jouer \u00e0 tous, petits et grands, ensemble, sur la place du village ou de la cit\u00e9, au caf\u00e9, dans la cour de l&#8217;\u00e9cole ou tout simplement \u00e0 la maison.<br \/>\nIl vous donne ici la r\u00e8gle du jeu. Avec trois fois rien, de la d\u00e9brouille, de l&#8217;enthousiasme ou de l&#8217;imagination, c&#8217;est maintenant \u00e0 vous de jouer !<\/p>\n","protected":false},"excerpt":{"rendered":"<p>Qui, dans son enfance, n&#8217;a pas jou\u00e9 aux billes, tir\u00e9 \u00e0 la corde, couru derri\u00e8re un cerceau ou un cercle de barrique ? Qui n&#8217;a pas r\u00eav\u00e9 d&#8217;acc\u00e9der au fa\u00eete d&#8217;un m\u00e2t de cocagne ? Mais qui sait que l&#8217;on joue encore dans certaines r\u00e9gions occitanes \u00e0 la t\u00e8ca, un jeu dont pourrait d\u00e9river le [&hellip;]<\/p>\n","protected":false},"featured_media":18045,"template":"","meta":{"_acf_changed":false,"_genesis_hide_title":false,"_genesis_hide_breadcrumbs":false,"_genesis_hide_singular_image":false,"_genesis_hide_footer_widgets":false,"_genesis_custom_body_class":"","_genesis_custom_post_class":"","_genesis_layout":""},"product_brand":[],"product_cat":[7132,7164,7166],"product_tag":[],"class_list":{"0":"post-18044","1":"product","2":"type-product","3":"status-publish","4":"has-post-thumbnail","6":"product_cat-books","7":"product_cat-juvenile-and-teen-comics-humour-en","8":"product_cat-teen-en","9":"pa_auteur-cauwet-bernard-en","10":"pa_editeur-lostal-del-libre-en","11":"pa_illustrateur-bersars-vincenc-en","12":"pa_langue-occitan-lengadocian-en","13":"pa_langue-occitan-francais-en","14":"entry","16":"first","17":"instock","18":"shipping-taxable","19":"purchasable","20":"product-type-simple"},"acf":[],"_links":{"self":[{"href":"https:\/\/www.libraria-occitana.org\/en\/wp-json\/wp\/v2\/product\/18044","targetHints":{"allow":["GET"]}}],"collection":[{"href":"https:\/\/www.libraria-occitana.org\/en\/wp-json\/wp\/v2\/product"}],"about":[{"href":"https:\/\/www.libraria-occitana.org\/en\/wp-json\/wp\/v2\/types\/product"}],"wp:featuredmedia":[{"embeddable":true,"href":"https:\/\/www.libraria-occitana.org\/en\/wp-json\/wp\/v2\/media\/18045"}],"wp:attachment":[{"href":"https:\/\/www.libraria-occitana.org\/en\/wp-json\/wp\/v2\/media?parent=18044"}],"wp:term":[{"taxonomy":"product_brand","embeddable":true,"href":"https:\/\/www.libraria-occitana.org\/en\/wp-json\/wp\/v2\/product_brand?post=18044"},{"taxonomy":"product_cat","embeddable":true,"href":"https:\/\/www.libraria-occitana.org\/en\/wp-json\/wp\/v2\/product_cat?post=18044"},{"taxonomy":"product_tag","embeddable":true,"href":"https:\/\/www.libraria-occitana.org\/en\/wp-json\/wp\/v2\/product_tag?post=18044"}],"curies":[{"name":"wp","href":"https:\/\/api.w.org\/{rel}","templated":true}]}}