{"id":18050,"date":"2001-06-01T09:47:46","date_gmt":"2001-06-01T08:47:46","guid":{"rendered":"http:\/\/www.libraria-occitana.org\/all-products\/aime-lacapelle-tome-2-tonnerre-sur-le-sud-ouest?lang=en"},"modified":"2024-07-05T00:02:22","modified_gmt":"2024-07-04T22:02:22","slug":"aime-lacapelle-tome-2-tonnerre-sur-le-sud-ouest","status":"publish","type":"product","link":"https:\/\/www.libraria-occitana.org\/en\/product\/aime-lacapelle-tome-2-tonnerre-sur-le-sud-ouest\/","title":{"rendered":"Aim\u00e9 Lacapelle Tome 2 : Tonnerre sur le Sud-Ouest"},"content":{"rendered":"<p>Aim\u00e9 Lacapelle, agriculteur du Tarn, est le meilleur \u00e9l\u00e9ment de la police agricole, un as du BIT (Bureau d&#8217;Investigation Tarnais), corps d&#8217;\u00e9lite dot\u00e9 de tracteurs, charg\u00e9 de surveiller les campagnes du Sud-Ouest afin d&#8217;\u00e9viter la d\u00e9rive et les mauvaises choses de la ville.<\/p>\n<p><strong>Sommaire :<\/strong><br \/>\n&#8211; Aim\u00e9 et les esprits follets des plantes fourrag\u00e8res<br \/>\n&#8211; Op\u00e9ration St Membrac<br \/>\n&#8211; Poules sentimentales<br \/>\n&#8211; Razzia sur les f\u00e9tiches !<br \/>\n&#8211; Parlez-vous patois ?<br \/>\n&#8211; Amanites et macchab\u00e9es<br \/>\n&#8211; Rustic-Park<br \/>\n&#8211; Une nuit vache et folle<\/p>\n","protected":false},"excerpt":{"rendered":"<p>Aim\u00e9 Lacapelle, agriculteur du Tarn, est le meilleur \u00e9l\u00e9ment de la police agricole, un as du BIT (Bureau d&#8217;Investigation Tarnais), corps d&#8217;\u00e9lite dot\u00e9 de tracteurs, charg\u00e9 de surveiller les campagnes du Sud-Ouest afin d&#8217;\u00e9viter la d\u00e9rive et les mauvaises choses de la ville. Sommaire : &#8211; Aim\u00e9 et les esprits follets des plantes fourrag\u00e8res &#8211; [&hellip;]<\/p>\n","protected":false},"featured_media":36639,"template":"","meta":{"_acf_changed":false,"_genesis_hide_title":false,"_genesis_hide_breadcrumbs":false,"_genesis_hide_singular_image":false,"_genesis_hide_footer_widgets":false,"_genesis_custom_body_class":"","_genesis_custom_post_class":"","_genesis_layout":""},"product_brand":[],"product_cat":[7132,7168,7164],"product_tag":[],"class_list":{"0":"post-18050","1":"product","2":"type-product","3":"status-publish","4":"has-post-thumbnail","6":"product_cat-books","7":"product_cat-comics-en","8":"product_cat-juvenile-and-teen-comics-humour-en","9":"pa_auteur-ferri-jean-yves-fr-en","10":"pa_editeur-fluide-glacial-en","11":"pa_langue-francais-en","12":"entry","14":"first","15":"outofstock","16":"shipping-taxable","17":"purchasable","18":"product-type-simple"},"acf":[],"_links":{"self":[{"href":"https:\/\/www.libraria-occitana.org\/en\/wp-json\/wp\/v2\/product\/18050","targetHints":{"allow":["GET"]}}],"collection":[{"href":"https:\/\/www.libraria-occitana.org\/en\/wp-json\/wp\/v2\/product"}],"about":[{"href":"https:\/\/www.libraria-occitana.org\/en\/wp-json\/wp\/v2\/types\/product"}],"wp:featuredmedia":[{"embeddable":true,"href":"https:\/\/www.libraria-occitana.org\/en\/wp-json\/wp\/v2\/media\/36639"}],"wp:attachment":[{"href":"https:\/\/www.libraria-occitana.org\/en\/wp-json\/wp\/v2\/media?parent=18050"}],"wp:term":[{"taxonomy":"product_brand","embeddable":true,"href":"https:\/\/www.libraria-occitana.org\/en\/wp-json\/wp\/v2\/product_brand?post=18050"},{"taxonomy":"product_cat","embeddable":true,"href":"https:\/\/www.libraria-occitana.org\/en\/wp-json\/wp\/v2\/product_cat?post=18050"},{"taxonomy":"product_tag","embeddable":true,"href":"https:\/\/www.libraria-occitana.org\/en\/wp-json\/wp\/v2\/product_tag?post=18050"}],"curies":[{"name":"wp","href":"https:\/\/api.w.org\/{rel}","templated":true}]}}