{"id":18052,"date":"2001-04-01T19:06:51","date_gmt":"2001-04-01T18:06:51","guid":{"rendered":"http:\/\/www.libraria-occitana.org\/all-products\/7305-jorns-vint-ans-descritura-occitana?lang=en"},"modified":"2026-04-03T02:26:24","modified_gmt":"2026-04-03T00:26:24","slug":"7305-jorns-vint-ans-descritura-occitana","status":"publish","type":"product","link":"https:\/\/www.libraria-occitana.org\/en\/product\/7305-jorns-vint-ans-descritura-occitana\/","title":{"rendered":"7305 jorns, vint ans d&#8217;escritura occitana"},"content":{"rendered":"<p>Fond\u00e9es en 1980, les \u00e9ditions Jorn ont f\u00eat\u00e9 en 2000, au Ch\u00e2teau de Castries, pr\u00e8s de Montpellier, leurs vingt premi\u00e8res ann\u00e9es d&#8217;existence, au cours d&#8217;une rencontre r\u00e9unissant des po\u00e8tes d&#8217;expression occitane, basque, catalane, bretonne, cr\u00e9ole, corse, etc&#8230;<\/p>\n<p>Cet ouvrage anthologique r\u00e9unit la plupart de ceux, po\u00e8tes occitans ou plasticiens, qui ont \u00e9t\u00e9 associ\u00e9s \u00e0 cette entreprise pendant les vingt derni\u00e8res ann\u00e9es du XXe si\u00e8cle. En permettant de d\u00e9couvrir la richesse et la diversit\u00e9 de cette litt\u00e9rature, ce livre (avec l&#8217;anthologie de la nouvelle \u00e9criture occitane de Giovanni Agresti) est un choix id\u00e9al pour une premi\u00e8re approche.<\/p>\n<p>Avec des textes (original occitan et version fran\u00e7aise) de :<br \/>\nJean-Yves Casanova, Jean-Paul Creissac, Jean-Claude For\u00eat, Philippe Gardy, Robert Lafont, Bernard Manciet, Roland P\u00e9cout, Jaumes Privat, Rosaline Roche, Jean-Yves Royer, Max Rouquette, Alem Surre-Garcia, Jean-Pierre Tardif, Fr\u00e9d\u00e9ric-Jacques Temple, Adeline Yzac.<\/p>\n<p>Et des \u0153uvres graphiques de Harold Chapman, Krimo Chelef, Alain Cl\u00e9ment, Brigitte Desnault, Jean-Louis Fauthoux, Jacques Privat, Claude Viallat.<\/p>\n","protected":false},"excerpt":{"rendered":"<p>Fond\u00e9es en 1980, les \u00e9ditions Jorn ont f\u00eat\u00e9 en 2000, au Ch\u00e2teau de Castries, pr\u00e8s de Montpellier, leurs vingt premi\u00e8res ann\u00e9es d&#8217;existence, au cours d&#8217;une rencontre r\u00e9unissant des po\u00e8tes d&#8217;expression occitane, basque, catalane, bretonne, cr\u00e9ole, corse, etc&#8230; Cet ouvrage anthologique r\u00e9unit la plupart de ceux, po\u00e8tes occitans ou plasticiens, qui ont \u00e9t\u00e9 associ\u00e9s \u00e0 cette [&hellip;]<\/p>\n","protected":false},"featured_media":36676,"template":"","meta":{"_acf_changed":false,"_genesis_hide_title":false,"_genesis_hide_breadcrumbs":false,"_genesis_hide_singular_image":false,"_genesis_hide_footer_widgets":false,"_genesis_custom_body_class":"","_genesis_custom_post_class":"","_genesis_layout":""},"product_brand":[],"product_cat":[7132,7174,7188],"product_tag":[],"class_list":{"0":"post-18052","1":"product","2":"type-product","3":"status-publish","4":"has-post-thumbnail","6":"product_cat-books","7":"product_cat-literature-en","8":"product_cat-arts-studies-en","9":"pa_auteur-collectiu-en-2","10":"pa_editeur-jorn-en","11":"pa_langue-occitan-francais-en","12":"entry","14":"first","15":"instock","16":"shipping-taxable","17":"purchasable","18":"product-type-simple"},"acf":[],"_links":{"self":[{"href":"https:\/\/www.libraria-occitana.org\/en\/wp-json\/wp\/v2\/product\/18052","targetHints":{"allow":["GET"]}}],"collection":[{"href":"https:\/\/www.libraria-occitana.org\/en\/wp-json\/wp\/v2\/product"}],"about":[{"href":"https:\/\/www.libraria-occitana.org\/en\/wp-json\/wp\/v2\/types\/product"}],"wp:featuredmedia":[{"embeddable":true,"href":"https:\/\/www.libraria-occitana.org\/en\/wp-json\/wp\/v2\/media\/36676"}],"wp:attachment":[{"href":"https:\/\/www.libraria-occitana.org\/en\/wp-json\/wp\/v2\/media?parent=18052"}],"wp:term":[{"taxonomy":"product_brand","embeddable":true,"href":"https:\/\/www.libraria-occitana.org\/en\/wp-json\/wp\/v2\/product_brand?post=18052"},{"taxonomy":"product_cat","embeddable":true,"href":"https:\/\/www.libraria-occitana.org\/en\/wp-json\/wp\/v2\/product_cat?post=18052"},{"taxonomy":"product_tag","embeddable":true,"href":"https:\/\/www.libraria-occitana.org\/en\/wp-json\/wp\/v2\/product_tag?post=18052"}],"curies":[{"name":"wp","href":"https:\/\/api.w.org\/{rel}","templated":true}]}}