{"id":18058,"date":"2001-04-01T12:57:19","date_gmt":"2001-04-01T10:57:19","guid":{"rendered":"http:\/\/www.libraria-occitana.org\/all-products\/les-petits-recueils?lang=en"},"modified":"2026-04-29T10:58:33","modified_gmt":"2026-04-29T08:58:33","slug":"les-petits-recueils","status":"publish","type":"product","link":"https:\/\/www.libraria-occitana.org\/en\/product\/les-petits-recueils\/","title":{"rendered":"Les petits recueils"},"content":{"rendered":"<p>En fran\u00e7ais, un en occitan.<\/p>\n<p>Ces huit petits recueils (dont cinq in\u00e9dits et deux \u00e9puis\u00e9s en leur premi\u00e8re \u00e9dition) sont comme la suite des quatorze po\u00e8mes dramatiques et des vingt-six po\u00e8mes \u00e9dit\u00e9s en l&#8217;an 2000 sous le titre de <em>Po\u00e9sie modale<\/em> (<a title=\"Po\u00e9sie modale I\" href=\"http:\/\/www.libraria-occitana.org\/all-products\/poesie-modale-i\">Tome I<\/a>, <a title=\"Po\u00e9sie modale II\" href=\"https:\/\/www.libraria-occitana.org\/en\/?attachment_id=16485\">Tome II<\/a>, <a title=\"Po\u00e9sie modale III\" href=\"https:\/\/www.libraria-occitana.org\/en\/?attachment_id=16486\">Tome III<\/a>) cat\u00e9gories tr\u00e8s arbitraires destin\u00e9es plus \u00e0 mettre un peu d&#8217;ordre dans le plan \u00e9ditorial qu&#8217;\u00e0 d\u00e9finir cet ensemble tr\u00e8s coh\u00e9rent de longs textes lyriques, fussent-ils divis\u00e9s ou non en s\u00e9quences titr\u00e9es, eussent-ils une ou plusieurs voix av\u00e9r\u00e9es, en fait une seule voix, en sa plus belle amplitude, celle de Delpastre.<\/p>\n<p>Ce volume contient :<br \/>\n&#8211; Pr\u00e9lude \u00e0 l&#8217;enfant prodigue<br \/>\n&#8211; Le Ciel de la nuit<br \/>\n&#8211; Le Chant v\u00e9g\u00e9tal<br \/>\n&#8211; Les Chemins de l&#8217;enfance<br \/>\n&#8211; Louanges pour la femme<br \/>\n&#8211; Le Chant des pierres<br \/>\n&#8211; Lo Sanc de las peiras (qui est comme la version occitane du pr\u00e9c\u00e9dent, non pas sa traduction)<br \/>\n&#8211; L&#8217;Arbre<\/p>\n","protected":false},"excerpt":{"rendered":"<p>En fran\u00e7ais, un en occitan. Ces huit petits recueils (dont cinq in\u00e9dits et deux \u00e9puis\u00e9s en leur premi\u00e8re \u00e9dition) sont comme la suite des quatorze po\u00e8mes dramatiques et des vingt-six po\u00e8mes \u00e9dit\u00e9s en l&#8217;an 2000 sous le titre de Po\u00e9sie modale (Tome I, Tome II, Tome III) cat\u00e9gories tr\u00e8s arbitraires destin\u00e9es plus \u00e0 mettre un [&hellip;]<\/p>\n","protected":false},"featured_media":18059,"template":"","meta":{"_acf_changed":false,"_genesis_hide_title":false,"_genesis_hide_breadcrumbs":false,"_genesis_hide_singular_image":false,"_genesis_hide_footer_widgets":false,"_genesis_custom_body_class":"","_genesis_custom_post_class":"","_genesis_layout":""},"product_brand":[],"product_cat":[7132,7174,7180],"product_tag":[],"class_list":{"0":"post-18058","1":"product","2":"type-product","3":"status-publish","4":"has-post-thumbnail","6":"product_cat-books","7":"product_cat-literature-en","8":"product_cat-poetry-en","9":"pa_auteur-delpastre-marcela-en","10":"pa_editeur-lo-chamin-de-sent-jaume-en","11":"pa_langue-francais-en","12":"entry","14":"first","15":"instock","16":"shipping-taxable","17":"purchasable","18":"product-type-simple"},"acf":[],"_links":{"self":[{"href":"https:\/\/www.libraria-occitana.org\/en\/wp-json\/wp\/v2\/product\/18058","targetHints":{"allow":["GET"]}}],"collection":[{"href":"https:\/\/www.libraria-occitana.org\/en\/wp-json\/wp\/v2\/product"}],"about":[{"href":"https:\/\/www.libraria-occitana.org\/en\/wp-json\/wp\/v2\/types\/product"}],"wp:featuredmedia":[{"embeddable":true,"href":"https:\/\/www.libraria-occitana.org\/en\/wp-json\/wp\/v2\/media\/18059"}],"wp:attachment":[{"href":"https:\/\/www.libraria-occitana.org\/en\/wp-json\/wp\/v2\/media?parent=18058"}],"wp:term":[{"taxonomy":"product_brand","embeddable":true,"href":"https:\/\/www.libraria-occitana.org\/en\/wp-json\/wp\/v2\/product_brand?post=18058"},{"taxonomy":"product_cat","embeddable":true,"href":"https:\/\/www.libraria-occitana.org\/en\/wp-json\/wp\/v2\/product_cat?post=18058"},{"taxonomy":"product_tag","embeddable":true,"href":"https:\/\/www.libraria-occitana.org\/en\/wp-json\/wp\/v2\/product_tag?post=18058"}],"curies":[{"name":"wp","href":"https:\/\/api.w.org\/{rel}","templated":true}]}}