{"id":18068,"date":"2000-11-01T17:21:23","date_gmt":"2000-11-01T16:21:23","guid":{"rendered":"http:\/\/www.libraria-occitana.org\/all-products\/lo-leberaubre-n25?lang=en"},"modified":"2026-04-13T02:41:16","modified_gmt":"2026-04-13T00:41:16","slug":"lo-leberaubre-n25","status":"publish","type":"product","link":"https:\/\/www.libraria-occitana.org\/en\/product\/lo-leberaubre-n25\/","title":{"rendered":"Lo Leberaubre N\u00b025"},"content":{"rendered":"<p>\u00ab Per balhar de las rai\u00e7 au leberon e far corre l&#8217;aubre la nuech \u00bb<\/p>\n<p>Revue de litt\u00e9rature occitane c\u00e9l\u00e9brant les noces du mythe et de l&#8217;absurde au chevet d&#8217;une bonne fontaine sans d\u00e9dicace. Vit le jour en 1975.<\/p>\n<p><strong>Taula :<\/strong><br \/>\n&#8211; Micheu Chapduelh :<br \/>\nCinc ist\u00f2rias per pondrisson esbarbit :<br \/>\nFin de r\u00e8gne<br \/>\nMonsieur Diabolo<br \/>\nCedric e la serena<br \/>\nConfitura<br \/>\nLo petit peisson de la riba de mar<br \/>\n&#8211; Bernat Berg\u00e9 :<br \/>\nLo sartre<br \/>\n&#8211; Benedicta Bonnet :<br \/>\nComa pola<br \/>\n&#8211; Bernat Combi :<br \/>\nEnfancia<br \/>\nTr\u00f2\u00e7 dau jornau<br \/>\nEscrits d&#8217;ospitau<br \/>\nChant per &#8216;na bab\u00f2ia<br \/>\nChant d&#8217;espera<br \/>\n&#8211; Jan dau Melhau :<br \/>\nVita dau chen e de son Sent R\u00f2c<br \/>\nCalendier lemosin (2)<br \/>\n&#8211; Joan-Glaudi Rolet :<br \/>\nLos ciriers en flors<br \/>\nAdieu<br \/>\n&#8211; Frederic Fijac :<br \/>\nLaus de la lauseta<br \/>\nAuri\u00f2l<br \/>\nAlquimia del borric\u00f2t<br \/>\n&#8211; Jan dau Melhau :<br \/>\nN\u00f2u petits contes de questa<br \/>\n&#8211; Benedicta Bonet :<br \/>\nRaba de raibe<br \/>\n&#8211; Micheu Chapduelh :<br \/>\nLo petit auseu de la chamba de bois<br \/>\n&#8211; Jan dau Melhau :<br \/>\nTr\u00f2p tard<\/p>\n","protected":false},"excerpt":{"rendered":"<p>\u00ab Per balhar de las rai\u00e7 au leberon e far corre l&#8217;aubre la nuech \u00bb Revue de litt\u00e9rature occitane c\u00e9l\u00e9brant les noces du mythe et de l&#8217;absurde au chevet d&#8217;une bonne fontaine sans d\u00e9dicace. Vit le jour en 1975. Taula : &#8211; Micheu Chapduelh : Cinc ist\u00f2rias per pondrisson esbarbit : Fin de r\u00e8gne Monsieur [&hellip;]<\/p>\n","protected":false},"featured_media":18069,"template":"","meta":{"_acf_changed":false,"_genesis_hide_title":false,"_genesis_hide_breadcrumbs":false,"_genesis_hide_singular_image":false,"_genesis_hide_footer_widgets":false,"_genesis_custom_body_class":"","_genesis_custom_post_class":"","_genesis_layout":""},"product_brand":[],"product_cat":[7132,7174],"product_tag":[],"class_list":{"0":"post-18068","1":"product","2":"type-product","3":"status-publish","4":"has-post-thumbnail","6":"product_cat-books","7":"product_cat-literature-en","8":"pa_auteur-collectiu-en-2","9":"pa_editeur-literatura-e-cultura-populara-lemosinas-en","10":"pa_langue-occitan-en","11":"pa_langue-occitan-lemosin-en","12":"entry","14":"first","15":"outofstock","16":"shipping-taxable","17":"purchasable","18":"product-type-simple"},"acf":[],"_links":{"self":[{"href":"https:\/\/www.libraria-occitana.org\/en\/wp-json\/wp\/v2\/product\/18068","targetHints":{"allow":["GET"]}}],"collection":[{"href":"https:\/\/www.libraria-occitana.org\/en\/wp-json\/wp\/v2\/product"}],"about":[{"href":"https:\/\/www.libraria-occitana.org\/en\/wp-json\/wp\/v2\/types\/product"}],"wp:featuredmedia":[{"embeddable":true,"href":"https:\/\/www.libraria-occitana.org\/en\/wp-json\/wp\/v2\/media\/18069"}],"wp:attachment":[{"href":"https:\/\/www.libraria-occitana.org\/en\/wp-json\/wp\/v2\/media?parent=18068"}],"wp:term":[{"taxonomy":"product_brand","embeddable":true,"href":"https:\/\/www.libraria-occitana.org\/en\/wp-json\/wp\/v2\/product_brand?post=18068"},{"taxonomy":"product_cat","embeddable":true,"href":"https:\/\/www.libraria-occitana.org\/en\/wp-json\/wp\/v2\/product_cat?post=18068"},{"taxonomy":"product_tag","embeddable":true,"href":"https:\/\/www.libraria-occitana.org\/en\/wp-json\/wp\/v2\/product_tag?post=18068"}],"curies":[{"name":"wp","href":"https:\/\/api.w.org\/{rel}","templated":true}]}}