{"id":18074,"date":"2000-11-01T11:15:06","date_gmt":"2000-11-01T10:15:06","guid":{"rendered":"http:\/\/www.libraria-occitana.org\/all-products\/novelas-de-lestranh-nouvelles-de-letrange?lang=en"},"modified":"2026-04-02T21:36:18","modified_gmt":"2026-04-02T19:36:18","slug":"novelas-de-lestranh-nouvelles-de-letrange","status":"publish","type":"product","link":"https:\/\/www.libraria-occitana.org\/en\/product\/novelas-de-lestranh-nouvelles-de-letrange\/","title":{"rendered":"Nov\u00e8las de l&#8217;estranh &#8211; Nouvelles de l&#8217;\u00e9trange"},"content":{"rendered":"<p>Les nouvelles occitanes rassembl\u00e9es dans ce volume sont pour la plupart \u00e0 la premi\u00e8re personne, tant il est vrai que l&#8217;exp\u00e9rience de l&#8217;\u00e9trange est subjective, difficile \u00e0 communiquer et apte \u00e0 susciter l&#8217;\u00e9criture intime.<\/p>\n<p>Elles sont en occitan, parce que c&#8217;est, pour un certain nombre d&#8217;auteurs contemporains, la langue de l&#8217;int\u00e9riorisation litt\u00e9raire, celle qui permet de dire l&#8217;intense r\u00e9alit\u00e9 des choses, des lieux, des sensations, et la perte de cette r\u00e9alit\u00e9. Langue de la possession et de la d\u00e9possession, langue qui est l&#8217;espace m\u00eame de ces nouvelles o\u00f9 l&#8217;exploration po\u00e9tique des apparences se r\u00e9sout en vertige ou en paralysie tragique. \u00c0 l&#8217;\u00e9preuve de la langue, c&#8217;est-\u00e0-dire de la r\u00e9alit\u00e9, le monde s&#8217;\u00e9vapore et vacille, ou au contraire s&#8217;\u00e9paissit : par \u00e9parpillement ou par enlisement, la connivence au monde \u00e9choue au moment de s&#8217;\u00e9tablir. Le trouble s&#8217;installe \u00e0 la fronti\u00e8re de la conscience et de l&#8217;inerte, par une sorte d&#8217;osmose qui fait trembler les contours, par \u00ab\u00a0une approximation qui vient ronger l&#8217;ar\u00eate des choses \u00bb, comme l&#8217;\u00e9crit Philippe Gardy.<\/p>\n<p>Huit nouvelles de Philippe Gardy, Jan Ganhaire, Jan dau Melhau, Florian Vernet, Robert Lafont et Roland P\u00e9cout.<\/p>\n","protected":false},"excerpt":{"rendered":"<p>Les nouvelles occitanes rassembl\u00e9es dans ce volume sont pour la plupart \u00e0 la premi\u00e8re personne, tant il est vrai que l&#8217;exp\u00e9rience de l&#8217;\u00e9trange est subjective, difficile \u00e0 communiquer et apte \u00e0 susciter l&#8217;\u00e9criture intime. Elles sont en occitan, parce que c&#8217;est, pour un certain nombre d&#8217;auteurs contemporains, la langue de l&#8217;int\u00e9riorisation litt\u00e9raire, celle qui permet [&hellip;]<\/p>\n","protected":false},"featured_media":18075,"template":"","meta":{"_acf_changed":false,"_genesis_hide_title":false,"_genesis_hide_breadcrumbs":false,"_genesis_hide_singular_image":false,"_genesis_hide_footer_widgets":false,"_genesis_custom_body_class":"","_genesis_custom_post_class":"","_genesis_layout":""},"product_brand":[],"product_cat":[7132,7174,7182],"product_tag":[],"class_list":{"0":"post-18074","1":"product","2":"type-product","3":"status-publish","4":"has-post-thumbnail","6":"product_cat-books","7":"product_cat-literature-en","8":"product_cat-novels-short-stories-en","9":"pa_auteur-collectiu-en-2","10":"pa_auteur-torreilles-claire-en","11":"pa_editeur-atlantica-en","12":"pa_editeur-institut-occitan-en","13":"pa_langue-occitan-francais-en","14":"entry","16":"first","17":"instock","18":"shipping-taxable","19":"purchasable","20":"product-type-simple"},"acf":[],"_links":{"self":[{"href":"https:\/\/www.libraria-occitana.org\/en\/wp-json\/wp\/v2\/product\/18074","targetHints":{"allow":["GET"]}}],"collection":[{"href":"https:\/\/www.libraria-occitana.org\/en\/wp-json\/wp\/v2\/product"}],"about":[{"href":"https:\/\/www.libraria-occitana.org\/en\/wp-json\/wp\/v2\/types\/product"}],"wp:featuredmedia":[{"embeddable":true,"href":"https:\/\/www.libraria-occitana.org\/en\/wp-json\/wp\/v2\/media\/18075"}],"wp:attachment":[{"href":"https:\/\/www.libraria-occitana.org\/en\/wp-json\/wp\/v2\/media?parent=18074"}],"wp:term":[{"taxonomy":"product_brand","embeddable":true,"href":"https:\/\/www.libraria-occitana.org\/en\/wp-json\/wp\/v2\/product_brand?post=18074"},{"taxonomy":"product_cat","embeddable":true,"href":"https:\/\/www.libraria-occitana.org\/en\/wp-json\/wp\/v2\/product_cat?post=18074"},{"taxonomy":"product_tag","embeddable":true,"href":"https:\/\/www.libraria-occitana.org\/en\/wp-json\/wp\/v2\/product_tag?post=18074"}],"curies":[{"name":"wp","href":"https:\/\/api.w.org\/{rel}","templated":true}]}}