{"id":18083,"date":"2002-09-01T12:10:21","date_gmt":"2002-09-01T11:10:21","guid":{"rendered":"http:\/\/www.libraria-occitana.org\/all-products\/les-souterrains-amenages-de-la-correze-et-de-la-creuse-lemouzi-n163-bis?lang=en"},"modified":"2026-04-29T04:07:02","modified_gmt":"2026-04-29T02:07:02","slug":"les-souterrains-amenages-de-la-correze-et-de-la-creuse-lemouzi-n163-bis","status":"publish","type":"product","link":"https:\/\/www.libraria-occitana.org\/en\/product\/les-souterrains-amenages-de-la-correze-et-de-la-creuse-lemouzi-n163-bis\/","title":{"rendered":"Les souterrains am\u00e9nag\u00e9s de la Corr\u00e8ze et de la Creuse \/ Lemouzi N\u00b0163 bis"},"content":{"rendered":"<p>Un patrimoine arch\u00e9ologique qui dispara\u00eet en Limousin !<\/p>\n<p><a title=\"Ces \u00e9nigmatiques souterrains limousins : La Haute-Vienne \/ Lemouzi N\u00b0145 bis\" href=\"http:\/\/www.libraria-occitana.org\/all-products\/ces-enigmatiques-souterrains-limousins-la-haute-vienne-lemouzi-n145-bis\">Tome I : <em>Ces \u00e9nigmatiques souterrains limousins : La Haute-Vienne<\/em> \/ <em>Lemouzi<\/em> N\u00b0145 bis<\/a><\/p>\n","protected":false},"excerpt":{"rendered":"<p>Un patrimoine arch\u00e9ologique qui dispara\u00eet en Limousin ! Tome I : Ces \u00e9nigmatiques souterrains limousins : La Haute-Vienne \/ Lemouzi N\u00b0145 bis<\/p>\n","protected":false},"featured_media":18084,"template":"","meta":{"_acf_changed":false,"_genesis_hide_title":false,"_genesis_hide_breadcrumbs":false,"_genesis_hide_singular_image":false,"_genesis_hide_footer_widgets":false,"_genesis_custom_body_class":"","_genesis_custom_post_class":"","_genesis_layout":""},"product_brand":[],"product_cat":[7132,7198,7196],"product_tag":[],"class_list":{"0":"post-18083","1":"product","2":"type-product","3":"status-publish","4":"has-post-thumbnail","6":"product_cat-books","7":"product_cat-guides-tourism-en","8":"product_cat-nature-tourism-en","9":"pa_auteur-boudrie-h-en","10":"pa_auteur-joudoux-robert-en","11":"pa_auteur-saumande-pierre-en","12":"pa_editeur-lemouzi-en","13":"pa_langue-francais-en","14":"entry","16":"first","17":"instock","18":"shipping-taxable","19":"purchasable","20":"product-type-simple"},"acf":[],"_links":{"self":[{"href":"https:\/\/www.libraria-occitana.org\/en\/wp-json\/wp\/v2\/product\/18083","targetHints":{"allow":["GET"]}}],"collection":[{"href":"https:\/\/www.libraria-occitana.org\/en\/wp-json\/wp\/v2\/product"}],"about":[{"href":"https:\/\/www.libraria-occitana.org\/en\/wp-json\/wp\/v2\/types\/product"}],"wp:featuredmedia":[{"embeddable":true,"href":"https:\/\/www.libraria-occitana.org\/en\/wp-json\/wp\/v2\/media\/18084"}],"wp:attachment":[{"href":"https:\/\/www.libraria-occitana.org\/en\/wp-json\/wp\/v2\/media?parent=18083"}],"wp:term":[{"taxonomy":"product_brand","embeddable":true,"href":"https:\/\/www.libraria-occitana.org\/en\/wp-json\/wp\/v2\/product_brand?post=18083"},{"taxonomy":"product_cat","embeddable":true,"href":"https:\/\/www.libraria-occitana.org\/en\/wp-json\/wp\/v2\/product_cat?post=18083"},{"taxonomy":"product_tag","embeddable":true,"href":"https:\/\/www.libraria-occitana.org\/en\/wp-json\/wp\/v2\/product_tag?post=18083"}],"curies":[{"name":"wp","href":"https:\/\/api.w.org\/{rel}","templated":true}]}}