{"id":18095,"date":"2002-04-01T16:10:53","date_gmt":"2002-04-01T14:10:53","guid":{"rendered":"http:\/\/www.libraria-occitana.org\/all-products\/les-chataigniers-du-limousin-lemouzi-n161-bis?lang=en"},"modified":"2026-04-29T04:21:09","modified_gmt":"2026-04-29T02:21:09","slug":"les-chataigniers-du-limousin-lemouzi-n161-bis","status":"publish","type":"product","link":"https:\/\/www.libraria-occitana.org\/en\/product\/les-chataigniers-du-limousin-lemouzi-n161-bis\/","title":{"rendered":"Les ch\u00e2taigniers du Limousin \/ Lemouzi N\u00b0161 bis"},"content":{"rendered":"<p>Le ch\u00e2taignier, arbre embl\u00e9matique du Limousin, a \u00e9t\u00e9, pendant des si\u00e8cles, l&#8217;arbre \u00e0 pain, source providentielle de subsistance pour nos anc\u00eatres tr\u00e8s souvent expos\u00e9s \u00e0 la disette. L&#8217;ouvrage pr\u00e9sente l&#8217;histoire de la culture du ch\u00e2taignier, base de l&#8217;\u00e9conomie des exploitations agricoles limousines. \u00c0 partir de la fin du XIXe si\u00e8cle, le d\u00e9clin de cette culture s&#8217;est acc\u00e9l\u00e9r\u00e9 sous l&#8217;influence de plusieurs facteurs, ce qui a conduit \u00e0 une tr\u00e8s forte r\u00e9duction des surfaces occup\u00e9es jadis par l&#8217;arbre \u00e0 pain. Au XXe si\u00e8cle, l&#8217;importance \u00e9conomique du ch\u00e2taignier est devenue n\u00e9gligeable \u00e0 tel point que le moment est venu d&#8217;envisager une renaissance de sa culture en raison de l&#8217;int\u00e9r\u00eat qu&#8217;il pr\u00e9sente, \u00e0 la fois en tant qu&#8217;arbre fruitier, producteur d&#8217;un fruit de plus en plus appr\u00e9ci\u00e9 par les nouvelles g\u00e9n\u00e9rations, et comme arbre forestier recherch\u00e9 pour les qualit\u00e9s particuli\u00e8res de son bois et pour ses aptitudes \u00e0 cro\u00eetre dans les sols les plus difficiles du Limousin.<\/p>\n<p><strong>Ensenhador :<\/strong><br \/>\n1. La longue histoire du ch\u00e2taignier<br \/>\n2. Le XIXe si\u00e8cle voit l&#8217;apog\u00e9e du ch\u00e2taignier en Limousin<br \/>\n3. Le ch\u00e2taignier, base de l&#8217;exploitation limousine jusqu&#8217;au d\u00e9but du XXe si\u00e8cle<br \/>\n4. Le d\u00e9clin de la ch\u00e2taigneraie limousine<br \/>\n5. L&#8217;avenir du ch\u00e2taignier en Limousin<br \/>\n6. La l\u00e9gende du ch\u00e2taignier<br \/>\n7. Le floril\u00e8ge du ch\u00e2taignier<br \/>\n8. Lexique et proverbes limousins relatifs au ch\u00e2taignier et \u00e0 la ch\u00e2taigne<\/p>\n","protected":false},"excerpt":{"rendered":"<p>Le ch\u00e2taignier, arbre embl\u00e9matique du Limousin, a \u00e9t\u00e9, pendant des si\u00e8cles, l&#8217;arbre \u00e0 pain, source providentielle de subsistance pour nos anc\u00eatres tr\u00e8s souvent expos\u00e9s \u00e0 la disette. L&#8217;ouvrage pr\u00e9sente l&#8217;histoire de la culture du ch\u00e2taignier, base de l&#8217;\u00e9conomie des exploitations agricoles limousines. \u00c0 partir de la fin du XIXe si\u00e8cle, le d\u00e9clin de cette culture [&hellip;]<\/p>\n","protected":false},"featured_media":18096,"template":"","meta":{"_acf_changed":false,"_genesis_hide_title":false,"_genesis_hide_breadcrumbs":false,"_genesis_hide_singular_image":false,"_genesis_hide_footer_widgets":false,"_genesis_custom_body_class":"","_genesis_custom_post_class":"","_genesis_layout":""},"product_brand":[],"product_cat":[7132,7212,7206],"product_tag":[],"class_list":{"0":"post-18095","1":"product","2":"type-product","3":"status-publish","4":"has-post-thumbnail","6":"product_cat-books","7":"product_cat-traditional-skills-savoirs-faire-en","8":"product_cat-traditions-heritage-en","9":"pa_auteur-pouget-roger-en","10":"pa_editeur-lemouzi-en","11":"pa_langue-francais-en","12":"entry","14":"first","15":"instock","16":"shipping-taxable","17":"purchasable","18":"product-type-simple"},"acf":[],"_links":{"self":[{"href":"https:\/\/www.libraria-occitana.org\/en\/wp-json\/wp\/v2\/product\/18095","targetHints":{"allow":["GET"]}}],"collection":[{"href":"https:\/\/www.libraria-occitana.org\/en\/wp-json\/wp\/v2\/product"}],"about":[{"href":"https:\/\/www.libraria-occitana.org\/en\/wp-json\/wp\/v2\/types\/product"}],"wp:featuredmedia":[{"embeddable":true,"href":"https:\/\/www.libraria-occitana.org\/en\/wp-json\/wp\/v2\/media\/18096"}],"wp:attachment":[{"href":"https:\/\/www.libraria-occitana.org\/en\/wp-json\/wp\/v2\/media?parent=18095"}],"wp:term":[{"taxonomy":"product_brand","embeddable":true,"href":"https:\/\/www.libraria-occitana.org\/en\/wp-json\/wp\/v2\/product_brand?post=18095"},{"taxonomy":"product_cat","embeddable":true,"href":"https:\/\/www.libraria-occitana.org\/en\/wp-json\/wp\/v2\/product_cat?post=18095"},{"taxonomy":"product_tag","embeddable":true,"href":"https:\/\/www.libraria-occitana.org\/en\/wp-json\/wp\/v2\/product_tag?post=18095"}],"curies":[{"name":"wp","href":"https:\/\/api.w.org\/{rel}","templated":true}]}}