{"id":18101,"date":"2002-01-01T18:26:32","date_gmt":"2002-01-01T17:26:32","guid":{"rendered":"http:\/\/www.libraria-occitana.org\/all-products\/guillaume-ix-daquitaine-las-cansos-del-coms-de-peitieus?lang=en"},"modified":"2026-04-25T06:11:37","modified_gmt":"2026-04-25T04:11:37","slug":"guillaume-ix-daquitaine-las-cansos-del-coms-de-peitieus","status":"publish","type":"product","link":"https:\/\/www.libraria-occitana.org\/en\/product\/guillaume-ix-daquitaine-las-cansos-del-coms-de-peitieus\/","title":{"rendered":"Guillaume IX d&#8217;Aquitaine : Las cansos del Coms de Peitieus"},"content":{"rendered":"<p>En 1071 na\u00eet celui que l&#8217;Histoire retiendra comme le premier des troubadours. Chant\u00e9s et accompagn\u00e9s \u00e0 la vi\u00e8le \u00e0 archet, ces po\u00e8mes en occitan doivent leur r\u00e9surrection \u00e0 un v\u00e9ritable travail d&#8217;arch\u00e9ologie po\u00e9tique et musicale.<\/p>\n<p><strong>Titres :<\/strong><\/p>\n<p>1. Companhon farai un vers qu&#8217;er covinen 4&#8217;49&#8221;<br \/>\n2. Companho tant ai gut d&#8217;avol conres 3&#8217;24&#8221;<br \/>\n3. Interlude instrumental 1&#8217;47&#8221;<br \/>\n4. Ben vuelh que sapchan li plusor 3&#8217;58&#8221;<br \/>\n5. Companho non puosc mudar qu&#8217;eo no m&#8217;effrei 2&#8217;59&#8221;<br \/>\n6. Pus vezem de novelh florir 7&#8217;10&#8221;<br \/>\n7. Mout jauzens me prec en amar 5&#8217;18&#8221;<br \/>\n8. Farai un Vers 4&#8217;43&#8221;<br \/>\n9. Farai chansoneta nueva 4&#8217;30&#8221;<br \/>\n10. Ab la dolchor del temps novel 4&#8217;20&#8221;<br \/>\n11. Farai un Vers 5&#8217;27&#8221;<br \/>\n12. Pos de Chantar M&#8217;Es Pres Talens 5&#8217;37&#8221;<br \/>\n13. Postlude instrumental 1&#8217;39&#8221;<\/p>\n","protected":false},"excerpt":{"rendered":"<p>En 1071 na\u00eet celui que l&#8217;Histoire retiendra comme le premier des troubadours. Chant\u00e9s et accompagn\u00e9s \u00e0 la vi\u00e8le \u00e0 archet, ces po\u00e8mes en occitan doivent leur r\u00e9surrection \u00e0 un v\u00e9ritable travail d&#8217;arch\u00e9ologie po\u00e9tique et musicale. Titres : 1. Companhon farai un vers qu&#8217;er covinen 4&#8217;49&#8221; 2. Companho tant ai gut d&#8217;avol conres 3&#8217;24&#8221; 3. Interlude [&hellip;]<\/p>\n","protected":false},"featured_media":18102,"template":"","meta":{"_acf_changed":false,"_genesis_hide_title":false,"_genesis_hide_breadcrumbs":false,"_genesis_hide_singular_image":false,"_genesis_hide_footer_widgets":false,"_genesis_custom_body_class":"","_genesis_custom_post_class":"","_genesis_layout":""},"product_brand":[],"product_cat":[7226,7216],"product_tag":[],"class_list":{"0":"post-18101","1":"product","2":"type-product","3":"status-publish","4":"has-post-thumbnail","6":"product_cat-classical-troubadours-en","7":"product_cat-music-en","8":"pa_auteur-duisit-brice-en","9":"pa_editeur-alpha-en","10":"pa_langue-occitan-en","11":"pa_langue-occitan-medievau-en","12":"entry","14":"first","15":"outofstock","16":"shipping-taxable","17":"purchasable","18":"product-type-simple"},"acf":[],"_links":{"self":[{"href":"https:\/\/www.libraria-occitana.org\/en\/wp-json\/wp\/v2\/product\/18101","targetHints":{"allow":["GET"]}}],"collection":[{"href":"https:\/\/www.libraria-occitana.org\/en\/wp-json\/wp\/v2\/product"}],"about":[{"href":"https:\/\/www.libraria-occitana.org\/en\/wp-json\/wp\/v2\/types\/product"}],"wp:featuredmedia":[{"embeddable":true,"href":"https:\/\/www.libraria-occitana.org\/en\/wp-json\/wp\/v2\/media\/18102"}],"wp:attachment":[{"href":"https:\/\/www.libraria-occitana.org\/en\/wp-json\/wp\/v2\/media?parent=18101"}],"wp:term":[{"taxonomy":"product_brand","embeddable":true,"href":"https:\/\/www.libraria-occitana.org\/en\/wp-json\/wp\/v2\/product_brand?post=18101"},{"taxonomy":"product_cat","embeddable":true,"href":"https:\/\/www.libraria-occitana.org\/en\/wp-json\/wp\/v2\/product_cat?post=18101"},{"taxonomy":"product_tag","embeddable":true,"href":"https:\/\/www.libraria-occitana.org\/en\/wp-json\/wp\/v2\/product_tag?post=18101"}],"curies":[{"name":"wp","href":"https:\/\/api.w.org\/{rel}","templated":true}]}}