{"id":18119,"date":"2001-09-01T13:22:01","date_gmt":"2001-09-01T12:22:01","guid":{"rendered":"http:\/\/www.libraria-occitana.org\/all-products\/au-rier-lutz-dau-silenci?lang=en"},"modified":"2026-04-12T02:46:06","modified_gmt":"2026-04-12T00:46:06","slug":"au-rier-lutz-dau-silenci","status":"publish","type":"product","link":"https:\/\/www.libraria-occitana.org\/en\/product\/au-rier-lutz-dau-silenci\/","title":{"rendered":"Au rier-lutz dau silenci"},"content":{"rendered":"<p>\u0152uvres compl\u00e8tes publi\u00e9es, sous ce qu&#8217;il faut bien appeler un pseudonyme qui plus est, certain auteur, comme \u00e2me en peine, erre entre des points et des virgules d&#8217;ailleurs mal trac\u00e9s, qui ne bornent plus que du silence, lequel n&#8217;est pas plus attente que r\u00e9flexion, un silence de vacuit\u00e9 qui n&#8217;aurait bien s\u00fbr pas l&#8217;outrecuidance de s&#8217;affirmer de mort.<\/p>\n<p>Comment s&#8217;\u00e9tonner apr\u00e8s \u00e7a d&#8217;avoir entre les mains un livre pour rien, pour faire semblant, pour faire titre au catalogue.<\/p>\n<p>Qui l&#8217;ach\u00e8tera avec l&#8217;id\u00e9e de le lire, sera bien assur\u00e9ment le lecteur qu&#8217;il m\u00e9rite, ayant suffisamment de petite vanit\u00e9 \u00e0 mettre au service d&#8217;un orgueil aussi d\u00e9mesur\u00e9 : parler pour ne rien dire avec la plus extr\u00eame application de qui ma\u00eetrise souverainement jusqu&#8217;\u00e0 ses \u00e0 peu pr\u00e8s.<\/p>\n","protected":false},"excerpt":{"rendered":"<p>\u0152uvres compl\u00e8tes publi\u00e9es, sous ce qu&#8217;il faut bien appeler un pseudonyme qui plus est, certain auteur, comme \u00e2me en peine, erre entre des points et des virgules d&#8217;ailleurs mal trac\u00e9s, qui ne bornent plus que du silence, lequel n&#8217;est pas plus attente que r\u00e9flexion, un silence de vacuit\u00e9 qui n&#8217;aurait bien s\u00fbr pas l&#8217;outrecuidance de [&hellip;]<\/p>\n","protected":false},"featured_media":36636,"template":"","meta":{"_acf_changed":false,"_genesis_hide_title":false,"_genesis_hide_breadcrumbs":false,"_genesis_hide_singular_image":false,"_genesis_hide_footer_widgets":false,"_genesis_custom_body_class":"","_genesis_custom_post_class":"","_genesis_layout":""},"product_brand":[],"product_cat":[7132,7174,7180],"product_tag":[],"class_list":{"0":"post-18119","1":"product","2":"type-product","3":"status-publish","4":"has-post-thumbnail","6":"product_cat-books","7":"product_cat-literature-en","8":"product_cat-poetry-en","9":"pa_auteur-melhau-jan-dau-fr-en","10":"pa_editeur-lo-chamin-de-sent-jaume-en","11":"pa_langue-occitan-lemosin-en","12":"pa_langue-occitan-francais-en","13":"entry","15":"first","16":"instock","17":"shipping-taxable","18":"purchasable","19":"product-type-simple"},"acf":[],"_links":{"self":[{"href":"https:\/\/www.libraria-occitana.org\/en\/wp-json\/wp\/v2\/product\/18119","targetHints":{"allow":["GET"]}}],"collection":[{"href":"https:\/\/www.libraria-occitana.org\/en\/wp-json\/wp\/v2\/product"}],"about":[{"href":"https:\/\/www.libraria-occitana.org\/en\/wp-json\/wp\/v2\/types\/product"}],"wp:featuredmedia":[{"embeddable":true,"href":"https:\/\/www.libraria-occitana.org\/en\/wp-json\/wp\/v2\/media\/36636"}],"wp:attachment":[{"href":"https:\/\/www.libraria-occitana.org\/en\/wp-json\/wp\/v2\/media?parent=18119"}],"wp:term":[{"taxonomy":"product_brand","embeddable":true,"href":"https:\/\/www.libraria-occitana.org\/en\/wp-json\/wp\/v2\/product_brand?post=18119"},{"taxonomy":"product_cat","embeddable":true,"href":"https:\/\/www.libraria-occitana.org\/en\/wp-json\/wp\/v2\/product_cat?post=18119"},{"taxonomy":"product_tag","embeddable":true,"href":"https:\/\/www.libraria-occitana.org\/en\/wp-json\/wp\/v2\/product_tag?post=18119"}],"curies":[{"name":"wp","href":"https:\/\/api.w.org\/{rel}","templated":true}]}}