{"id":18137,"date":"2024-06-05T19:51:38","date_gmt":"2024-06-05T17:51:38","guid":{"rendered":"http:\/\/www.libraria-occitana.org\/all-products\/bestiari-lemosin?lang=en"},"modified":"2026-04-02T23:02:00","modified_gmt":"2026-04-02T21:02:00","slug":"bestiari-lemosin","status":"publish","type":"product","link":"https:\/\/www.libraria-occitana.org\/en\/product\/bestiari-lemosin\/","title":{"rendered":"Bestiari lemosin"},"content":{"rendered":"<p>Second tirage.<\/p>\n<p>Sous une couverture \u00e0 rabats qu\u2019un beau dessin de Jan-Marc Simeonin tient toute. En occitan.<\/p>\n<p>\u00ab Ce bestiaire, nous dit l&#8217;auteur, n&#8217;est ni un livre de science naturelle, ni un po\u00e8me sur les animaux, ni une analyse comme j&#8217;en ai tant fait de notre culture. Ce que j&#8217;ai essay\u00e9 de faire, c&#8217;est de dire, comme \u00e7a se disait chez nous, avec les mots que l&#8217;on connaissait, que l&#8217;on employait toujours et encore, ce que l&#8217;on faisait, savait et croyait, tel que c&#8217;\u00e9tait. Tel que ma grand-m\u00e8re, ai-je dit souvent, aurait pu l&#8217;\u00e9crire. Ma grand-m\u00e8re ou la v\u00f4tre&#8230; Ce que j&#8217;ai voulu, c&#8217;est en premier vous dire, vous faire voir, vous faire sentir, que tout \u00e7a se tient dans la vie quotidienne. Que vivre avec le b\u00e9tail, comme d&#8217;ailleurs avec la terre, les arbres, le travail, la parole et le rire, c&#8217;est vivre&#8230; Dans la vie, on rit, on parle, on pleure, on fait, on croit, on mange, on endure, on meurt et on chante, et \u00e0 toute heure, \u00e0 chaque moment, il y a des mots pour le dire&#8230; \u00bb<\/p>\n","protected":false},"excerpt":{"rendered":"<p>Second tirage. Sous une couverture \u00e0 rabats qu\u2019un beau dessin de Jan-Marc Simeonin tient toute. En occitan. \u00ab Ce bestiaire, nous dit l&#8217;auteur, n&#8217;est ni un livre de science naturelle, ni un po\u00e8me sur les animaux, ni une analyse comme j&#8217;en ai tant fait de notre culture. Ce que j&#8217;ai essay\u00e9 de faire, c&#8217;est de [&hellip;]<\/p>\n","protected":false},"featured_media":59780,"template":"","meta":{"_acf_changed":false,"_genesis_hide_title":false,"_genesis_hide_breadcrumbs":false,"_genesis_hide_singular_image":false,"_genesis_hide_footer_widgets":false,"_genesis_custom_body_class":"","_genesis_custom_post_class":"","_genesis_layout":""},"product_brand":[],"product_cat":[7132,7206,7208],"product_tag":[],"class_list":{"0":"post-18137","1":"product","2":"type-product","3":"status-publish","4":"has-post-thumbnail","6":"product_cat-books","7":"product_cat-traditions-heritage-en","8":"product_cat-customs-rites-and-beliefs-en","9":"pa_auteur-delpastre-marcela-en","10":"pa_editeur-lo-chamin-de-sent-jaume-en","11":"pa_illustrateur-simeonin-jan-marc-en","12":"pa_langue-occitan-en","13":"pa_langue-occitan-lemosin-en","14":"entry","16":"first","17":"instock","18":"shipping-taxable","19":"purchasable","20":"product-type-simple"},"acf":[],"_links":{"self":[{"href":"https:\/\/www.libraria-occitana.org\/en\/wp-json\/wp\/v2\/product\/18137","targetHints":{"allow":["GET"]}}],"collection":[{"href":"https:\/\/www.libraria-occitana.org\/en\/wp-json\/wp\/v2\/product"}],"about":[{"href":"https:\/\/www.libraria-occitana.org\/en\/wp-json\/wp\/v2\/types\/product"}],"wp:featuredmedia":[{"embeddable":true,"href":"https:\/\/www.libraria-occitana.org\/en\/wp-json\/wp\/v2\/media\/59780"}],"wp:attachment":[{"href":"https:\/\/www.libraria-occitana.org\/en\/wp-json\/wp\/v2\/media?parent=18137"}],"wp:term":[{"taxonomy":"product_brand","embeddable":true,"href":"https:\/\/www.libraria-occitana.org\/en\/wp-json\/wp\/v2\/product_brand?post=18137"},{"taxonomy":"product_cat","embeddable":true,"href":"https:\/\/www.libraria-occitana.org\/en\/wp-json\/wp\/v2\/product_cat?post=18137"},{"taxonomy":"product_tag","embeddable":true,"href":"https:\/\/www.libraria-occitana.org\/en\/wp-json\/wp\/v2\/product_tag?post=18137"}],"curies":[{"name":"wp","href":"https:\/\/api.w.org\/{rel}","templated":true}]}}